{"id":11780,"date":"2024-11-25T15:31:23","date_gmt":"2024-11-25T14:31:23","guid":{"rendered":"https:\/\/www.campinglacdecarouge.fr\/le-camping-du-lac-de-carouge\/attivita-e-tempo-libero\/equitazione\/"},"modified":"2024-12-02T22:47:48","modified_gmt":"2024-12-02T21:47:48","slug":"equitazione","status":"publish","type":"page","link":"https:\/\/www.campinglacdecarouge.fr\/it\/il-campeggio\/attivita-e-tempo-libero\/equitazione\/","title":{"rendered":"Equitazione"},"content":{"rendered":"\t\t<div data-elementor-type=\"wp-page\" data-elementor-id=\"11780\" class=\"elementor elementor-11780 elementor-10080\" data-elementor-post-type=\"page\">\n\t\t\t\t<div class=\"elementor-element elementor-element-3f2f49a5 e-flex e-con-boxed elementor-invisible e-con e-parent\" data-id=\"3f2f49a5\" data-element_type=\"container\" data-e-type=\"container\" data-settings=\"{&quot;shape_divider_bottom&quot;:&quot;wave-brush&quot;,&quot;background_background&quot;:&quot;classic&quot;,&quot;animation&quot;:&quot;fadeIn&quot;}\">\n\t\t\t\t\t<div class=\"e-con-inner\">\n\t\t\t\t<div class=\"elementor-shape elementor-shape-bottom\" aria-hidden=\"true\" data-negative=\"false\">\n\t\t\t<svg xmlns=\"http:\/\/www.w3.org\/2000\/svg\" viewBox=\"0 0 283.5 27.8\" preserveAspectRatio=\"none\">\n\t<path class=\"elementor-shape-fill\" d=\"M283.5,9.7c0,0-7.3,4.3-14,4.6c-6.8,0.3-12.6,0-20.9-1.5c-11.3-2-33.1-10.1-44.7-5.7\ts-12.1,4.6-18,7.4c-6.6,3.2-20,9.6-36.6,9.3C131.6,23.5,99.5,7.2,86.3,8c-1.4,0.1-6.6,0.8-10.5,2c-3.8,1.2-9.4,3.8-17,4.7\tc-3.2,0.4-8.3,1.1-14.2,0.9c-1.5-0.1-6.3-0.4-12-1.6c-5.7-1.2-11-3.1-15.8-3.7C6.5,9.2,0,10.8,0,10.8V0h283.5V9.7z M260.8,11.3\tc-0.7-1-2-0.4-4.3-0.4c-2.3,0-6.1-1.2-5.8-1.1c0.3,0.1,3.1,1.5,6,1.9C259.7,12.2,261.4,12.3,260.8,11.3z M242.4,8.6\tc0,0-2.4-0.2-5.6-0.9c-3.2-0.8-10.3-2.8-15.1-3.5c-8.2-1.1-15.8,0-15.1,0.1c0.8,0.1,9.6-0.6,17.6,1.1c3.3,0.7,9.3,2.2,12.4,2.7\tC239.9,8.7,242.4,8.6,242.4,8.6z M185.2,8.5c1.7-0.7-13.3,4.7-18.5,6.1c-2.1,0.6-6.2,1.6-10,2c-3.9,0.4-8.9,0.4-8.8,0.5\tc0,0.2,5.8,0.8,11.2,0c5.4-0.8,5.2-1.1,7.6-1.6C170.5,14.7,183.5,9.2,185.2,8.5z M199.1,6.9c0.2,0-0.8-0.4-4.8,1.1\tc-4,1.5-6.7,3.5-6.9,3.7c-0.2,0.1,3.5-1.8,6.6-3C197,7.5,199,6.9,199.1,6.9z M283,6c-0.1,0.1-1.9,1.1-4.8,2.5s-6.9,2.8-6.7,2.7\tc0.2,0,3.5-0.6,7.4-2.5C282.8,6.8,283.1,5.9,283,6z M31.3,11.6c0.1-0.2-1.9-0.2-4.5-1.2s-5.4-1.6-7.8-2C15,7.6,7.3,8.5,7.7,8.6\tC8,8.7,15.9,8.3,20.2,9.3c2.2,0.5,2.4,0.5,5.7,1.6S31.2,11.9,31.3,11.6z M73,9.2c0.4-0.1,3.5-1.6,8.4-2.6c4.9-1.1,8.9-0.5,8.9-0.8\tc0-0.3-1-0.9-6.2-0.3S72.6,9.3,73,9.2z M71.6,6.7C71.8,6.8,75,5.4,77.3,5c2.3-0.3,1.9-0.5,1.9-0.6c0-0.1-1.1-0.2-2.7,0.2\tC74.8,5.1,71.4,6.6,71.6,6.7z M93.6,4.4c0.1,0.2,3.5,0.8,5.6,1.8c2.1,1,1.8,0.6,1.9,0.5c0.1-0.1-0.8-0.8-2.4-1.3\tC97.1,4.8,93.5,4.2,93.6,4.4z M65.4,11.1c-0.1,0.3,0.3,0.5,1.9-0.2s2.6-1.3,2.2-1.2s-0.9,0.4-2.5,0.8C65.3,10.9,65.5,10.8,65.4,11.1\tz M34.5,12.4c-0.2,0,2.1,0.8,3.3,0.9c1.2,0.1,2,0.1,2-0.2c0-0.3-0.1-0.5-1.6-0.4C36.6,12.8,34.7,12.4,34.5,12.4z M152.2,21.1\tc-0.1,0.1-2.4-0.3-7.5-0.3c-5,0-13.6-2.4-17.2-3.5c-3.6-1.1,10,3.9,16.5,4.1C150.5,21.6,152.3,21,152.2,21.1z\"\/>\n\t<path class=\"elementor-shape-fill\" d=\"M269.6,18c-0.1-0.1-4.6,0.3-7.2,0c-7.3-0.7-17-3.2-16.6-2.9c0.4,0.3,13.7,3.1,17,3.3\tC267.7,18.8,269.7,18,269.6,18z\"\/>\n\t<path class=\"elementor-shape-fill\" d=\"M227.4,9.8c-0.2-0.1-4.5-1-9.5-1.2c-5-0.2-12.7,0.6-12.3,0.5c0.3-0.1,5.9-1.8,13.3-1.2\tS227.6,9.9,227.4,9.8z\"\/>\n\t<path class=\"elementor-shape-fill\" d=\"M204.5,13.4c-0.1-0.1,2-1,3.2-1.1c1.2-0.1,2,0,2,0.3c0,0.3-0.1,0.5-1.6,0.4\tC206.4,12.9,204.6,13.5,204.5,13.4z\"\/>\n\t<path class=\"elementor-shape-fill\" d=\"M201,10.6c0-0.1-4.4,1.2-6.3,2.2c-1.9,0.9-6.2,3.1-6.1,3.1c0.1,0.1,4.2-1.6,6.3-2.6\tS201,10.7,201,10.6z\"\/>\n\t<path class=\"elementor-shape-fill\" d=\"M154.5,26.7c-0.1-0.1-4.6,0.3-7.2,0c-7.3-0.7-17-3.2-16.6-2.9c0.4,0.3,13.7,3.1,17,3.3\tC152.6,27.5,154.6,26.8,154.5,26.7z\"\/>\n\t<path class=\"elementor-shape-fill\" d=\"M41.9,19.3c0,0,1.2-0.3,2.9-0.1c1.7,0.2,5.8,0.9,8.2,0.7c4.2-0.4,7.4-2.7,7-2.6\tc-0.4,0-4.3,2.2-8.6,1.9c-1.8-0.1-5.1-0.5-6.7-0.4S41.9,19.3,41.9,19.3z\"\/>\n\t<path class=\"elementor-shape-fill\" d=\"M75.5,12.6c0.2,0.1,2-0.8,4.3-1.1c2.3-0.2,2.1-0.3,2.1-0.5c0-0.1-1.8-0.4-3.4,0\tC76.9,11.5,75.3,12.5,75.5,12.6z\"\/>\n\t<path class=\"elementor-shape-fill\" d=\"M15.6,13.2c0-0.1,4.3,0,6.7,0.5c2.4,0.5,5,1.9,5,2c0,0.1-2.7-0.8-5.1-1.4\tC19.9,13.7,15.7,13.3,15.6,13.2z\"\/>\n<\/svg>\t\t<\/div>\n\t\t<div class=\"elementor-element elementor-element-6d66d8db e-con-full e-flex elementor-invisible e-con e-child\" data-id=\"6d66d8db\" data-element_type=\"container\" data-e-type=\"container\" data-settings=\"{&quot;animation&quot;:&quot;slideInLeft&quot;,&quot;animation_delay&quot;:800}\">\n\t\t<div class=\"elementor-element elementor-element-47263146 e-con-full skew-container-light e-flex elementor-invisible e-con e-child\" data-id=\"47263146\" data-element_type=\"container\" data-e-type=\"container\" data-settings=\"{&quot;background_background&quot;:&quot;classic&quot;,&quot;animation&quot;:&quot;fadeIn&quot;,&quot;animation_delay&quot;:800}\">\n\t\t\t\t<div class=\"elementor-element elementor-element-2a3e452c elementor-widget elementor-widget-heading\" data-id=\"2a3e452c\" data-element_type=\"widget\" data-e-type=\"widget\" data-settings=\"{&quot;_animation&quot;:&quot;none&quot;,&quot;_animation_delay&quot;:100}\" data-widget_type=\"heading.default\">\n\t\t\t\t<div class=\"elementor-widget-container\">\n\t\t\t\t\t<h1 class=\"elementor-heading-title elementor-size-default\">Equitazione<\/h1>\t\t\t\t<\/div>\n\t\t\t\t<\/div>\n\t\t\t\t<div class=\"elementor-element elementor-element-1d777663 elementor-widget elementor-widget-text-editor\" data-id=\"1d777663\" data-element_type=\"widget\" data-e-type=\"widget\" data-settings=\"{&quot;_animation&quot;:&quot;none&quot;,&quot;_animation_delay&quot;:500}\" data-widget_type=\"text-editor.default\">\n\t\t\t\t<div class=\"elementor-widget-container\">\n\t\t\t\t\t\t\t\t\t<p>Al campeggio Lac de Carouge, sulle Alpi, il divertimento \u00e8 assicurato. Il nostro campeggio fa parte del parco divertimenti di Saint-Pierre d&#8217;Albigny. Quest&#8217;area ricreativa gode di una splendida posizione nell&#8217;ambiente naturale della Savoia, tra le Bauges, il massiccio di Belledonne e la Chartreuse.  <\/p>\n\t\t\t\t\t\t\t\t<\/div>\n\t\t\t\t<\/div>\n\t\t\t\t<\/div>\n\t\t<div class=\"elementor-element elementor-element-4166f575 e-con-full elementor-hidden-tablet elementor-hidden-mobile e-flex e-con e-child\" data-id=\"4166f575\" data-element_type=\"container\" data-e-type=\"container\">\n\t\t\t\t<\/div>\n\t\t\t\t<\/div>\n\t\t\t\t\t<\/div>\n\t\t\t\t<\/div>\n\t\t<div class=\"elementor-element elementor-element-26240a1d e-flex e-con-boxed e-con e-parent\" data-id=\"26240a1d\" data-element_type=\"container\" data-e-type=\"container\">\n\t\t\t\t\t<div class=\"e-con-inner\">\n\t\t\t\t<div class=\"elementor-element elementor-element-6aa7bd6 elementor-widget elementor-widget-heading\" data-id=\"6aa7bd6\" data-element_type=\"widget\" data-e-type=\"widget\" data-widget_type=\"heading.default\">\n\t\t\t\t<div class=\"elementor-widget-container\">\n\t\t\t\t\t<h2 class=\"elementor-heading-title elementor-size-default\">Scoprite le gioie dell'equitazione al Camping de Savoie du Lac de Carouge!<\/h2>\t\t\t\t<\/div>\n\t\t\t\t<\/div>\n\t\t\t\t<div class=\"elementor-element elementor-element-5e930ba4 elementor-widget elementor-widget-text-editor\" data-id=\"5e930ba4\" data-element_type=\"widget\" data-e-type=\"widget\" data-widget_type=\"text-editor.default\">\n\t\t\t\t<div class=\"elementor-widget-container\">\n\t\t\t\t\t\t\t\t\t<p>Questa posizione vi permette di scegliere tra un&#8217;ampia gamma di attivit\u00e0. Dopo aver fatto un tuffo nel Lac de Carouge, aver fatto una bella passeggiata e aver goduto della vista sull&#8217;Arclusaz, perch\u00e9 non scoprire i nostri paesaggi eccezionali a cavallo, salendo sui numerosi sentieri che conducono a paesaggi eccezionali con viste panoramiche a perdita d&#8217;occhio&#8230; Siete tentati? Allora venite con noi!   <\/p>\n\t\t\t\t\t\t\t\t<\/div>\n\t\t\t\t<\/div>\n\t\t\t\t<div class=\"elementor-element elementor-element-4990761c elementor-widget elementor-widget-spacer\" data-id=\"4990761c\" data-element_type=\"widget\" data-e-type=\"widget\" data-widget_type=\"spacer.default\">\n\t\t\t\t<div class=\"elementor-widget-container\">\n\t\t\t\t\t\t\t<div class=\"elementor-spacer\">\n\t\t\t<div class=\"elementor-spacer-inner\"><\/div>\n\t\t<\/div>\n\t\t\t\t\t\t<\/div>\n\t\t\t\t<\/div>\n\t\t\t\t<div class=\"elementor-element elementor-element-2a644a64 elementor-widget elementor-widget-heading\" data-id=\"2a644a64\" data-element_type=\"widget\" data-e-type=\"widget\" data-widget_type=\"heading.default\">\n\t\t\t\t<div class=\"elementor-widget-container\">\n\t\t\t\t\t<h2 class=\"elementor-heading-title elementor-size-default\">Cosa comporta esattamente l'equitazione?<\/h2>\t\t\t\t<\/div>\n\t\t\t\t<\/div>\n\t\t\t\t<div class=\"elementor-element elementor-element-22151649 elementor-widget elementor-widget-text-editor\" data-id=\"22151649\" data-element_type=\"widget\" data-e-type=\"widget\" data-widget_type=\"text-editor.default\">\n\t\t\t\t<div class=\"elementor-widget-container\">\n\t\t\t\t\t\t\t\t\t<p>Qualunque cosa facciate, troverete sempre qualcosa da fare per godervi il vostro tempo in questi splendidi dintorni. Anche se voi e la vostra famiglia apprezzerete l&#8217;ampia gamma di attivit\u00e0 offerte, l&#8217;equitazione \u00e8 un&#8217;esperienza particolarmente piacevole. Avrete l&#8217;opportunit\u00e0 di praticare un&#8217;attivit\u00e0 fantastica e rilassante e di creare ricordi con la vostra trib\u00f9 che dureranno per tutta la vita. L&#8217;equitazione \u00e8 un&#8217;esperienza fantastica in montagna grazie alla pura interazione con l&#8217;aria aperta e la natura. Potendo godere della splendida natura e dell&#8217;aria fresca all&#8217;aria aperta mentre si cavalca, voi e la vostra famiglia vivrete un viaggio fantastico. \u00c8 una sensazione speciale di libert\u00e0 che si pu\u00f2 provare solo con l&#8217;equitazione. Avete il controllo di un grande cavallo e potete andare ovunque vogliate. Inoltre, cavalcando ci si sente cos\u00ec liberi da potersi liberare, per un momento, di qualsiasi limite emotivo o fisico. Riuscite a immaginarvi a cavallo, a cavalcare in montagna con la vostra famiglia, circondati dalla splendida vista delle montagne circostanti? Allora questa attivit\u00e0 fa sicuramente al caso vostro.         <\/p>\n\t\t\t\t\t\t\t\t<\/div>\n\t\t\t\t<\/div>\n\t\t\t\t<div class=\"elementor-element elementor-element-670c95ff elementor-widget elementor-widget-spacer\" data-id=\"670c95ff\" data-element_type=\"widget\" data-e-type=\"widget\" data-widget_type=\"spacer.default\">\n\t\t\t\t<div class=\"elementor-widget-container\">\n\t\t\t\t\t\t\t<div class=\"elementor-spacer\">\n\t\t\t<div class=\"elementor-spacer-inner\"><\/div>\n\t\t<\/div>\n\t\t\t\t\t\t<\/div>\n\t\t\t\t<\/div>\n\t\t\t\t<div class=\"elementor-element elementor-element-7c907930 elementor-widget elementor-widget-heading\" data-id=\"7c907930\" data-element_type=\"widget\" data-e-type=\"widget\" data-widget_type=\"heading.default\">\n\t\t\t\t<div class=\"elementor-widget-container\">\n\t\t\t\t\t<h2 class=\"elementor-heading-title elementor-size-default\">Altre attivit\u00e0 offerte dal campeggio.<\/h2>\t\t\t\t<\/div>\n\t\t\t\t<\/div>\n\t\t\t\t<div class=\"elementor-element elementor-element-78bd4d18 elementor-widget elementor-widget-text-editor\" data-id=\"78bd4d18\" data-element_type=\"widget\" data-e-type=\"widget\" data-widget_type=\"text-editor.default\">\n\t\t\t\t<div class=\"elementor-widget-container\">\n\t\t\t\t\t\t\t\t\t<div id=\"body_content\">\n<section id=\"content\">\n<article>\n<div>\n<p>Al Camping Alpes du Lac de Carouge c&#8217;\u00e8 molto da fare, quindi non vi annoierete mai. Il campeggio dispone di diversi campi sportivi dove potrete giocare a calcio, basket o pallavolo. C&#8217;\u00e8 anche una grande area giochi per bambini. Non solo c&#8217;\u00e8 un&#8217;ampia area giochi, ma i bambini possono anche andare al miniclub e usufruire del programma di animazione. Ci sono attivit\u00e0 per i bambini dai 4 ai 12 anni, ma per i ragazzi dai 6 ai 15 anni ci sono anche una serie di giochi divertenti. Pensate a Stratego, tornei di sfida e cacce al tesoro. C&#8217;\u00e8 anche una mini-discoteca sulla terrazza. Questa mini-discoteca non \u00e8 solo per i pi\u00f9 piccoli, ma anche per gli adolescenti e i giovani. Anche gli adulti hanno molto da fare. Ad esempio, \u00e8 possibile utilizzare la piscina comunale di Montm\u00e9lian, partecipare a un torneo sportivo, utilizzare i campi sportivi, fare rafting, via ferrata, canyoning, parapendio ed equitazione. \u00c8 possibile praticare diversi sport, come la pallacanestro, la pallavolo, la p\u00e9tanque e il ping-pong.          <\/p>\n<\/div>\n<\/article>\n<\/section>\n<\/div>\n<footer>\n<div id=\"footer_table\" class=\"clearfix\">\n<div class=\"gauche\">\n<div>\n<div class=\"infos_contact\"> <\/div>\n<\/div>\n<\/div>\n<\/div>\n<\/footer>\n\t\t\t\t\t\t\t\t<\/div>\n\t\t\t\t<\/div>\n\t\t\t\t\t<\/div>\n\t\t\t\t<\/div>\n\t\t\t\t<\/div>\n\t\t","protected":false},"excerpt":{"rendered":"<p>Al campeggio Lac de Carouge, sulle Alpi, il divertimento \u00e8 assicurato. Il nostro campeggio fa parte del parco divertimenti di Saint-Pierre d&#8217;Albigny. Quest&#8217;area ricreativa gode di una splendida posizione nell&#8217;ambiente naturale della Savoia, tra le Bauges, il massiccio di Belledonne e la Chartreuse. Scoprite le gioie dell&#8217;equitazione al Camping de Savoie du Lac de Carouge! [&hellip;]<\/p>\n","protected":false},"author":1,"featured_media":0,"parent":9055,"menu_order":0,"comment_status":"closed","ping_status":"closed","template":"elementor_header_footer","meta":{"footnotes":""},"class_list":["post-11780","page","type-page","status-publish","hentry"],"blocksy_meta":[],"yoast_head":"<!-- This site is optimized with the Yoast SEO Premium plugin v27.2 (Yoast SEO v27.2) - https:\/\/yoast.com\/product\/yoast-seo-premium-wordpress\/ -->\n<title>Equitazione - Camping du Lac de Carouge<\/title>\n<meta name=\"description\" content=\"Scopri la magia del campeggio equestre in Savoia. Goditi gli eccezionali paesaggi della regione a cavallo.\" \/>\n<meta name=\"robots\" content=\"index, follow, max-snippet:-1, max-image-preview:large, max-video-preview:-1\" \/>\n<link rel=\"canonical\" href=\"https:\/\/www.campinglacdecarouge.fr\/it\/il-campeggio\/attivita-e-tempo-libero\/equitazione\/\" \/>\n<meta property=\"og:locale\" content=\"it_IT\" \/>\n<meta property=\"og:type\" content=\"article\" \/>\n<meta property=\"og:title\" content=\"Equitazione\" \/>\n<meta property=\"og:description\" content=\"Scopri la magia del campeggio equestre in Savoia. Goditi gli eccezionali paesaggi della regione a cavallo.\" \/>\n<meta property=\"og:url\" content=\"https:\/\/www.campinglacdecarouge.fr\/it\/il-campeggio\/attivita-e-tempo-libero\/equitazione\/\" \/>\n<meta property=\"og:site_name\" content=\"Camping du Lac de Carouge\" \/>\n<meta property=\"article:publisher\" content=\"https:\/\/www.facebook.com\/pagelacdecarouge\/\" \/>\n<meta property=\"article:modified_time\" content=\"2024-12-02T21:47:48+00:00\" \/>\n<meta property=\"og:image\" content=\"https:\/\/www.campinglacdecarouge.fr\/wp-content\/uploads\/2024\/11\/20240624_105940-scaled.jpg\" \/>\n\t<meta property=\"og:image:width\" content=\"2560\" \/>\n\t<meta property=\"og:image:height\" content=\"1442\" \/>\n\t<meta property=\"og:image:type\" content=\"image\/jpeg\" \/>\n<meta name=\"twitter:card\" content=\"summary_large_image\" \/>\n<meta name=\"twitter:site\" content=\"@lacdecarouge\" \/>\n<meta name=\"twitter:label1\" content=\"Tempo di lettura stimato\" \/>\n\t<meta name=\"twitter:data1\" content=\"2 minuti\" \/>\n<script type=\"application\/ld+json\" class=\"yoast-schema-graph\">{\"@context\":\"https:\/\/schema.org\",\"@graph\":[{\"@type\":\"WebPage\",\"@id\":\"https:\/\/www.campinglacdecarouge.fr\/it\/il-campeggio\/attivita-e-tempo-libero\/equitazione\/\",\"url\":\"https:\/\/www.campinglacdecarouge.fr\/it\/il-campeggio\/attivita-e-tempo-libero\/equitazione\/\",\"name\":\"Equitazione - Camping du Lac de Carouge\",\"isPartOf\":{\"@id\":\"https:\/\/www.campinglacdecarouge.fr\/it\/#website\"},\"datePublished\":\"2024-11-25T14:31:23+00:00\",\"dateModified\":\"2024-12-02T21:47:48+00:00\",\"description\":\"Scopri la magia del campeggio equestre in Savoia. Goditi gli eccezionali paesaggi della regione a cavallo.\",\"breadcrumb\":{\"@id\":\"https:\/\/www.campinglacdecarouge.fr\/it\/il-campeggio\/attivita-e-tempo-libero\/equitazione\/#breadcrumb\"},\"inLanguage\":\"it-IT\",\"potentialAction\":[{\"@type\":\"ReadAction\",\"target\":[\"https:\/\/www.campinglacdecarouge.fr\/it\/il-campeggio\/attivita-e-tempo-libero\/equitazione\/\"]}]},{\"@type\":\"BreadcrumbList\",\"@id\":\"https:\/\/www.campinglacdecarouge.fr\/it\/il-campeggio\/attivita-e-tempo-libero\/equitazione\/#breadcrumb\",\"itemListElement\":[{\"@type\":\"ListItem\",\"position\":1,\"name\":\"Accueil\",\"item\":\"https:\/\/www.campinglacdecarouge.fr\/it\/pagina-iniziale\/\"},{\"@type\":\"ListItem\",\"position\":2,\"name\":\"Le Camping du Lac de Carouge\",\"item\":\"https:\/\/www.campinglacdecarouge.fr\/it\/le-camping\/\"},{\"@type\":\"ListItem\",\"position\":3,\"name\":\"Attivit\u00e0 e tempo libero\",\"item\":\"https:\/\/www.campinglacdecarouge.fr\/it\/il-campeggio\/attivita-e-tempo-libero\/\"},{\"@type\":\"ListItem\",\"position\":4,\"name\":\"Equitazione\"}]},{\"@type\":\"WebSite\",\"@id\":\"https:\/\/www.campinglacdecarouge.fr\/it\/#website\",\"url\":\"https:\/\/www.campinglacdecarouge.fr\/it\/\",\"name\":\"Camping du Lac de Carouge\",\"description\":\"Sito del campeggio Lac de Carouge in Savoia\",\"publisher\":{\"@id\":\"https:\/\/www.campinglacdecarouge.fr\/it\/#organization\"},\"potentialAction\":[{\"@type\":\"SearchAction\",\"target\":{\"@type\":\"EntryPoint\",\"urlTemplate\":\"https:\/\/www.campinglacdecarouge.fr\/it\/?s={search_term_string}\"},\"query-input\":{\"@type\":\"PropertyValueSpecification\",\"valueRequired\":true,\"valueName\":\"search_term_string\"}}],\"inLanguage\":\"it-IT\"},{\"@type\":\"Organization\",\"@id\":\"https:\/\/www.campinglacdecarouge.fr\/it\/#organization\",\"name\":\"Camping du Lac de Carouge\",\"url\":\"https:\/\/www.campinglacdecarouge.fr\/it\/\",\"logo\":{\"@type\":\"ImageObject\",\"inLanguage\":\"it-IT\",\"@id\":\"https:\/\/www.campinglacdecarouge.fr\/it\/#\/schema\/logo\/image\/\",\"url\":\"https:\/\/www.campinglacdecarouge.fr\/wp-content\/uploads\/2024\/07\/logo-1.png\",\"contentUrl\":\"https:\/\/www.campinglacdecarouge.fr\/wp-content\/uploads\/2024\/07\/logo-1.png\",\"width\":530,\"height\":270,\"caption\":\"Camping du Lac de Carouge\"},\"image\":{\"@id\":\"https:\/\/www.campinglacdecarouge.fr\/it\/#\/schema\/logo\/image\/\"},\"sameAs\":[\"https:\/\/www.facebook.com\/pagelacdecarouge\/\",\"https:\/\/x.com\/lacdecarouge\",\"https:\/\/www.instagram.com\/lacdecarouge\/\"],\"legalName\":\"SAS SELYV\",\"foundingDate\":\"2009-01-01\",\"numberOfEmployees\":{\"@type\":\"QuantitativeValue\",\"minValue\":\"1\",\"maxValue\":\"10\"},\"publishingPrinciples\":\"https:\/\/www.campinglacdecarouge.fr\/principes-editoriaux\/\",\"correctionsPolicy\":\"https:\/\/www.campinglacdecarouge.fr\/politique-de-correction-editoriale-camping-du-lac-de-carouge\/\",\"ethicsPolicy\":\"https:\/\/www.campinglacdecarouge.fr\/standards-de-comportement-camping-du-lac-de-carouge\/\",\"diversityPolicy\":\"https:\/\/www.campinglacdecarouge.fr\/politique-de-diversite-pour-le-contenu-editorial\/\"}]}<\/script>\n<!-- \/ Yoast SEO Premium plugin. -->","yoast_head_json":{"title":"Equitazione - Camping du Lac de Carouge","description":"Scopri la magia del campeggio equestre in Savoia. Goditi gli eccezionali paesaggi della regione a cavallo.","robots":{"index":"index","follow":"follow","max-snippet":"max-snippet:-1","max-image-preview":"max-image-preview:large","max-video-preview":"max-video-preview:-1"},"canonical":"https:\/\/www.campinglacdecarouge.fr\/it\/il-campeggio\/attivita-e-tempo-libero\/equitazione\/","og_locale":"it_IT","og_type":"article","og_title":"Equitazione","og_description":"Scopri la magia del campeggio equestre in Savoia. Goditi gli eccezionali paesaggi della regione a cavallo.","og_url":"https:\/\/www.campinglacdecarouge.fr\/it\/il-campeggio\/attivita-e-tempo-libero\/equitazione\/","og_site_name":"Camping du Lac de Carouge","article_publisher":"https:\/\/www.facebook.com\/pagelacdecarouge\/","article_modified_time":"2024-12-02T21:47:48+00:00","og_image":[{"width":2560,"height":1442,"url":"https:\/\/www.campinglacdecarouge.fr\/wp-content\/uploads\/2024\/11\/20240624_105940-scaled.jpg","type":"image\/jpeg"}],"twitter_card":"summary_large_image","twitter_site":"@lacdecarouge","twitter_misc":{"Tempo di lettura stimato":"2 minuti"},"schema":{"@context":"https:\/\/schema.org","@graph":[{"@type":"WebPage","@id":"https:\/\/www.campinglacdecarouge.fr\/it\/il-campeggio\/attivita-e-tempo-libero\/equitazione\/","url":"https:\/\/www.campinglacdecarouge.fr\/it\/il-campeggio\/attivita-e-tempo-libero\/equitazione\/","name":"Equitazione - Camping du Lac de Carouge","isPartOf":{"@id":"https:\/\/www.campinglacdecarouge.fr\/it\/#website"},"datePublished":"2024-11-25T14:31:23+00:00","dateModified":"2024-12-02T21:47:48+00:00","description":"Scopri la magia del campeggio equestre in Savoia. Goditi gli eccezionali paesaggi della regione a cavallo.","breadcrumb":{"@id":"https:\/\/www.campinglacdecarouge.fr\/it\/il-campeggio\/attivita-e-tempo-libero\/equitazione\/#breadcrumb"},"inLanguage":"it-IT","potentialAction":[{"@type":"ReadAction","target":["https:\/\/www.campinglacdecarouge.fr\/it\/il-campeggio\/attivita-e-tempo-libero\/equitazione\/"]}]},{"@type":"BreadcrumbList","@id":"https:\/\/www.campinglacdecarouge.fr\/it\/il-campeggio\/attivita-e-tempo-libero\/equitazione\/#breadcrumb","itemListElement":[{"@type":"ListItem","position":1,"name":"Accueil","item":"https:\/\/www.campinglacdecarouge.fr\/it\/pagina-iniziale\/"},{"@type":"ListItem","position":2,"name":"Le Camping du Lac de Carouge","item":"https:\/\/www.campinglacdecarouge.fr\/it\/le-camping\/"},{"@type":"ListItem","position":3,"name":"Attivit\u00e0 e tempo libero","item":"https:\/\/www.campinglacdecarouge.fr\/it\/il-campeggio\/attivita-e-tempo-libero\/"},{"@type":"ListItem","position":4,"name":"Equitazione"}]},{"@type":"WebSite","@id":"https:\/\/www.campinglacdecarouge.fr\/it\/#website","url":"https:\/\/www.campinglacdecarouge.fr\/it\/","name":"Camping du Lac de Carouge","description":"Sito del campeggio Lac de Carouge in Savoia","publisher":{"@id":"https:\/\/www.campinglacdecarouge.fr\/it\/#organization"},"potentialAction":[{"@type":"SearchAction","target":{"@type":"EntryPoint","urlTemplate":"https:\/\/www.campinglacdecarouge.fr\/it\/?s={search_term_string}"},"query-input":{"@type":"PropertyValueSpecification","valueRequired":true,"valueName":"search_term_string"}}],"inLanguage":"it-IT"},{"@type":"Organization","@id":"https:\/\/www.campinglacdecarouge.fr\/it\/#organization","name":"Camping du Lac de Carouge","url":"https:\/\/www.campinglacdecarouge.fr\/it\/","logo":{"@type":"ImageObject","inLanguage":"it-IT","@id":"https:\/\/www.campinglacdecarouge.fr\/it\/#\/schema\/logo\/image\/","url":"https:\/\/www.campinglacdecarouge.fr\/wp-content\/uploads\/2024\/07\/logo-1.png","contentUrl":"https:\/\/www.campinglacdecarouge.fr\/wp-content\/uploads\/2024\/07\/logo-1.png","width":530,"height":270,"caption":"Camping du Lac de Carouge"},"image":{"@id":"https:\/\/www.campinglacdecarouge.fr\/it\/#\/schema\/logo\/image\/"},"sameAs":["https:\/\/www.facebook.com\/pagelacdecarouge\/","https:\/\/x.com\/lacdecarouge","https:\/\/www.instagram.com\/lacdecarouge\/"],"legalName":"SAS SELYV","foundingDate":"2009-01-01","numberOfEmployees":{"@type":"QuantitativeValue","minValue":"1","maxValue":"10"},"publishingPrinciples":"https:\/\/www.campinglacdecarouge.fr\/principes-editoriaux\/","correctionsPolicy":"https:\/\/www.campinglacdecarouge.fr\/politique-de-correction-editoriale-camping-du-lac-de-carouge\/","ethicsPolicy":"https:\/\/www.campinglacdecarouge.fr\/standards-de-comportement-camping-du-lac-de-carouge\/","diversityPolicy":"https:\/\/www.campinglacdecarouge.fr\/politique-de-diversite-pour-le-contenu-editorial\/"}]}},"_links":{"self":[{"href":"https:\/\/www.campinglacdecarouge.fr\/it\/wp-json\/wp\/v2\/pages\/11780","targetHints":{"allow":["GET"]}}],"collection":[{"href":"https:\/\/www.campinglacdecarouge.fr\/it\/wp-json\/wp\/v2\/pages"}],"about":[{"href":"https:\/\/www.campinglacdecarouge.fr\/it\/wp-json\/wp\/v2\/types\/page"}],"author":[{"embeddable":true,"href":"https:\/\/www.campinglacdecarouge.fr\/it\/wp-json\/wp\/v2\/users\/1"}],"replies":[{"embeddable":true,"href":"https:\/\/www.campinglacdecarouge.fr\/it\/wp-json\/wp\/v2\/comments?post=11780"}],"version-history":[{"count":0,"href":"https:\/\/www.campinglacdecarouge.fr\/it\/wp-json\/wp\/v2\/pages\/11780\/revisions"}],"up":[{"embeddable":true,"href":"https:\/\/www.campinglacdecarouge.fr\/it\/wp-json\/wp\/v2\/pages\/9055"}],"wp:attachment":[{"href":"https:\/\/www.campinglacdecarouge.fr\/it\/wp-json\/wp\/v2\/media?parent=11780"}],"curies":[{"name":"wp","href":"https:\/\/api.w.org\/{rel}","templated":true}]}}