{"id":7858,"date":"2024-11-18T00:39:12","date_gmt":"2024-11-17T23:39:12","guid":{"rendered":"https:\/\/www.campinglacdecarouge.fr\/lugares-imprescindibles-de-saboya\/termas\/"},"modified":"2024-12-02T22:43:23","modified_gmt":"2024-12-02T21:43:23","slug":"termas","status":"publish","type":"page","link":"https:\/\/www.campinglacdecarouge.fr\/es\/lugares-imprescindibles-de-saboya\/termas\/","title":{"rendered":"Termas"},"content":{"rendered":"\t\t<div data-elementor-type=\"wp-page\" data-elementor-id=\"7858\" class=\"elementor elementor-7858 elementor-6492\" data-elementor-post-type=\"page\">\n\t\t\t\t<div class=\"elementor-element elementor-element-114de80e e-flex e-con-boxed elementor-invisible e-con e-parent\" data-id=\"114de80e\" data-element_type=\"container\" data-e-type=\"container\" data-settings=\"{&quot;shape_divider_bottom&quot;:&quot;wave-brush&quot;,&quot;background_background&quot;:&quot;slideshow&quot;,&quot;background_slideshow_gallery&quot;:[{&quot;id&quot;:2581,&quot;url&quot;:&quot;https:\\\/\\\/www.campinglacdecarouge.fr\\\/wp-content\\\/uploads\\\/2024\\\/09\\\/ASMB-VB0031-SavoieMontBlanc-Ballanfat-scaled.jpg&quot;},{&quot;id&quot;:2580,&quot;url&quot;:&quot;https:\\\/\\\/www.campinglacdecarouge.fr\\\/wp-content\\\/uploads\\\/2024\\\/09\\\/ASMB-SC0263-SavoieMontBlanc-Chabance-scaled.jpg&quot;},{&quot;id&quot;:2579,&quot;url&quot;:&quot;https:\\\/\\\/www.campinglacdecarouge.fr\\\/wp-content\\\/uploads\\\/2024\\\/09\\\/ASMB-EB07424-SavoieMontBlanc-Boutet-scaled.jpg&quot;},{&quot;id&quot;:2578,&quot;url&quot;:&quot;https:\\\/\\\/www.campinglacdecarouge.fr\\\/wp-content\\\/uploads\\\/2024\\\/09\\\/ASMB-CM0010-SavoieMontBlanc-Mari.jpg&quot;}],&quot;background_slideshow_lazyload&quot;:&quot;yes&quot;,&quot;background_slideshow_ken_burns&quot;:&quot;yes&quot;,&quot;background_slideshow_ken_burns_zoom_direction&quot;:&quot;out&quot;,&quot;animation&quot;:&quot;fadeIn&quot;,&quot;shape_divider_top&quot;:&quot;wave-brush&quot;,&quot;background_slideshow_loop&quot;:&quot;yes&quot;,&quot;background_slideshow_slide_duration&quot;:5000,&quot;background_slideshow_slide_transition&quot;:&quot;fade&quot;,&quot;background_slideshow_transition_duration&quot;:500}\">\n\t\t\t\t\t<div class=\"e-con-inner\">\n\t\t\t\t<div class=\"elementor-shape elementor-shape-top\" aria-hidden=\"true\" data-negative=\"false\">\n\t\t\t<svg xmlns=\"http:\/\/www.w3.org\/2000\/svg\" viewBox=\"0 0 283.5 27.8\" preserveAspectRatio=\"none\">\n\t<path class=\"elementor-shape-fill\" d=\"M283.5,9.7c0,0-7.3,4.3-14,4.6c-6.8,0.3-12.6,0-20.9-1.5c-11.3-2-33.1-10.1-44.7-5.7\ts-12.1,4.6-18,7.4c-6.6,3.2-20,9.6-36.6,9.3C131.6,23.5,99.5,7.2,86.3,8c-1.4,0.1-6.6,0.8-10.5,2c-3.8,1.2-9.4,3.8-17,4.7\tc-3.2,0.4-8.3,1.1-14.2,0.9c-1.5-0.1-6.3-0.4-12-1.6c-5.7-1.2-11-3.1-15.8-3.7C6.5,9.2,0,10.8,0,10.8V0h283.5V9.7z M260.8,11.3\tc-0.7-1-2-0.4-4.3-0.4c-2.3,0-6.1-1.2-5.8-1.1c0.3,0.1,3.1,1.5,6,1.9C259.7,12.2,261.4,12.3,260.8,11.3z M242.4,8.6\tc0,0-2.4-0.2-5.6-0.9c-3.2-0.8-10.3-2.8-15.1-3.5c-8.2-1.1-15.8,0-15.1,0.1c0.8,0.1,9.6-0.6,17.6,1.1c3.3,0.7,9.3,2.2,12.4,2.7\tC239.9,8.7,242.4,8.6,242.4,8.6z M185.2,8.5c1.7-0.7-13.3,4.7-18.5,6.1c-2.1,0.6-6.2,1.6-10,2c-3.9,0.4-8.9,0.4-8.8,0.5\tc0,0.2,5.8,0.8,11.2,0c5.4-0.8,5.2-1.1,7.6-1.6C170.5,14.7,183.5,9.2,185.2,8.5z M199.1,6.9c0.2,0-0.8-0.4-4.8,1.1\tc-4,1.5-6.7,3.5-6.9,3.7c-0.2,0.1,3.5-1.8,6.6-3C197,7.5,199,6.9,199.1,6.9z M283,6c-0.1,0.1-1.9,1.1-4.8,2.5s-6.9,2.8-6.7,2.7\tc0.2,0,3.5-0.6,7.4-2.5C282.8,6.8,283.1,5.9,283,6z M31.3,11.6c0.1-0.2-1.9-0.2-4.5-1.2s-5.4-1.6-7.8-2C15,7.6,7.3,8.5,7.7,8.6\tC8,8.7,15.9,8.3,20.2,9.3c2.2,0.5,2.4,0.5,5.7,1.6S31.2,11.9,31.3,11.6z M73,9.2c0.4-0.1,3.5-1.6,8.4-2.6c4.9-1.1,8.9-0.5,8.9-0.8\tc0-0.3-1-0.9-6.2-0.3S72.6,9.3,73,9.2z M71.6,6.7C71.8,6.8,75,5.4,77.3,5c2.3-0.3,1.9-0.5,1.9-0.6c0-0.1-1.1-0.2-2.7,0.2\tC74.8,5.1,71.4,6.6,71.6,6.7z M93.6,4.4c0.1,0.2,3.5,0.8,5.6,1.8c2.1,1,1.8,0.6,1.9,0.5c0.1-0.1-0.8-0.8-2.4-1.3\tC97.1,4.8,93.5,4.2,93.6,4.4z M65.4,11.1c-0.1,0.3,0.3,0.5,1.9-0.2s2.6-1.3,2.2-1.2s-0.9,0.4-2.5,0.8C65.3,10.9,65.5,10.8,65.4,11.1\tz M34.5,12.4c-0.2,0,2.1,0.8,3.3,0.9c1.2,0.1,2,0.1,2-0.2c0-0.3-0.1-0.5-1.6-0.4C36.6,12.8,34.7,12.4,34.5,12.4z M152.2,21.1\tc-0.1,0.1-2.4-0.3-7.5-0.3c-5,0-13.6-2.4-17.2-3.5c-3.6-1.1,10,3.9,16.5,4.1C150.5,21.6,152.3,21,152.2,21.1z\"\/>\n\t<path class=\"elementor-shape-fill\" d=\"M269.6,18c-0.1-0.1-4.6,0.3-7.2,0c-7.3-0.7-17-3.2-16.6-2.9c0.4,0.3,13.7,3.1,17,3.3\tC267.7,18.8,269.7,18,269.6,18z\"\/>\n\t<path class=\"elementor-shape-fill\" d=\"M227.4,9.8c-0.2-0.1-4.5-1-9.5-1.2c-5-0.2-12.7,0.6-12.3,0.5c0.3-0.1,5.9-1.8,13.3-1.2\tS227.6,9.9,227.4,9.8z\"\/>\n\t<path class=\"elementor-shape-fill\" d=\"M204.5,13.4c-0.1-0.1,2-1,3.2-1.1c1.2-0.1,2,0,2,0.3c0,0.3-0.1,0.5-1.6,0.4\tC206.4,12.9,204.6,13.5,204.5,13.4z\"\/>\n\t<path class=\"elementor-shape-fill\" d=\"M201,10.6c0-0.1-4.4,1.2-6.3,2.2c-1.9,0.9-6.2,3.1-6.1,3.1c0.1,0.1,4.2-1.6,6.3-2.6\tS201,10.7,201,10.6z\"\/>\n\t<path class=\"elementor-shape-fill\" d=\"M154.5,26.7c-0.1-0.1-4.6,0.3-7.2,0c-7.3-0.7-17-3.2-16.6-2.9c0.4,0.3,13.7,3.1,17,3.3\tC152.6,27.5,154.6,26.8,154.5,26.7z\"\/>\n\t<path class=\"elementor-shape-fill\" d=\"M41.9,19.3c0,0,1.2-0.3,2.9-0.1c1.7,0.2,5.8,0.9,8.2,0.7c4.2-0.4,7.4-2.7,7-2.6\tc-0.4,0-4.3,2.2-8.6,1.9c-1.8-0.1-5.1-0.5-6.7-0.4S41.9,19.3,41.9,19.3z\"\/>\n\t<path class=\"elementor-shape-fill\" d=\"M75.5,12.6c0.2,0.1,2-0.8,4.3-1.1c2.3-0.2,2.1-0.3,2.1-0.5c0-0.1-1.8-0.4-3.4,0\tC76.9,11.5,75.3,12.5,75.5,12.6z\"\/>\n\t<path class=\"elementor-shape-fill\" d=\"M15.6,13.2c0-0.1,4.3,0,6.7,0.5c2.4,0.5,5,1.9,5,2c0,0.1-2.7-0.8-5.1-1.4\tC19.9,13.7,15.7,13.3,15.6,13.2z\"\/>\n<\/svg>\t\t<\/div>\n\t\t\t\t<div class=\"elementor-shape elementor-shape-bottom\" aria-hidden=\"true\" data-negative=\"false\">\n\t\t\t<svg xmlns=\"http:\/\/www.w3.org\/2000\/svg\" viewBox=\"0 0 283.5 27.8\" preserveAspectRatio=\"none\">\n\t<path class=\"elementor-shape-fill\" d=\"M283.5,9.7c0,0-7.3,4.3-14,4.6c-6.8,0.3-12.6,0-20.9-1.5c-11.3-2-33.1-10.1-44.7-5.7\ts-12.1,4.6-18,7.4c-6.6,3.2-20,9.6-36.6,9.3C131.6,23.5,99.5,7.2,86.3,8c-1.4,0.1-6.6,0.8-10.5,2c-3.8,1.2-9.4,3.8-17,4.7\tc-3.2,0.4-8.3,1.1-14.2,0.9c-1.5-0.1-6.3-0.4-12-1.6c-5.7-1.2-11-3.1-15.8-3.7C6.5,9.2,0,10.8,0,10.8V0h283.5V9.7z M260.8,11.3\tc-0.7-1-2-0.4-4.3-0.4c-2.3,0-6.1-1.2-5.8-1.1c0.3,0.1,3.1,1.5,6,1.9C259.7,12.2,261.4,12.3,260.8,11.3z M242.4,8.6\tc0,0-2.4-0.2-5.6-0.9c-3.2-0.8-10.3-2.8-15.1-3.5c-8.2-1.1-15.8,0-15.1,0.1c0.8,0.1,9.6-0.6,17.6,1.1c3.3,0.7,9.3,2.2,12.4,2.7\tC239.9,8.7,242.4,8.6,242.4,8.6z M185.2,8.5c1.7-0.7-13.3,4.7-18.5,6.1c-2.1,0.6-6.2,1.6-10,2c-3.9,0.4-8.9,0.4-8.8,0.5\tc0,0.2,5.8,0.8,11.2,0c5.4-0.8,5.2-1.1,7.6-1.6C170.5,14.7,183.5,9.2,185.2,8.5z M199.1,6.9c0.2,0-0.8-0.4-4.8,1.1\tc-4,1.5-6.7,3.5-6.9,3.7c-0.2,0.1,3.5-1.8,6.6-3C197,7.5,199,6.9,199.1,6.9z M283,6c-0.1,0.1-1.9,1.1-4.8,2.5s-6.9,2.8-6.7,2.7\tc0.2,0,3.5-0.6,7.4-2.5C282.8,6.8,283.1,5.9,283,6z M31.3,11.6c0.1-0.2-1.9-0.2-4.5-1.2s-5.4-1.6-7.8-2C15,7.6,7.3,8.5,7.7,8.6\tC8,8.7,15.9,8.3,20.2,9.3c2.2,0.5,2.4,0.5,5.7,1.6S31.2,11.9,31.3,11.6z M73,9.2c0.4-0.1,3.5-1.6,8.4-2.6c4.9-1.1,8.9-0.5,8.9-0.8\tc0-0.3-1-0.9-6.2-0.3S72.6,9.3,73,9.2z M71.6,6.7C71.8,6.8,75,5.4,77.3,5c2.3-0.3,1.9-0.5,1.9-0.6c0-0.1-1.1-0.2-2.7,0.2\tC74.8,5.1,71.4,6.6,71.6,6.7z M93.6,4.4c0.1,0.2,3.5,0.8,5.6,1.8c2.1,1,1.8,0.6,1.9,0.5c0.1-0.1-0.8-0.8-2.4-1.3\tC97.1,4.8,93.5,4.2,93.6,4.4z M65.4,11.1c-0.1,0.3,0.3,0.5,1.9-0.2s2.6-1.3,2.2-1.2s-0.9,0.4-2.5,0.8C65.3,10.9,65.5,10.8,65.4,11.1\tz M34.5,12.4c-0.2,0,2.1,0.8,3.3,0.9c1.2,0.1,2,0.1,2-0.2c0-0.3-0.1-0.5-1.6-0.4C36.6,12.8,34.7,12.4,34.5,12.4z M152.2,21.1\tc-0.1,0.1-2.4-0.3-7.5-0.3c-5,0-13.6-2.4-17.2-3.5c-3.6-1.1,10,3.9,16.5,4.1C150.5,21.6,152.3,21,152.2,21.1z\"\/>\n\t<path class=\"elementor-shape-fill\" d=\"M269.6,18c-0.1-0.1-4.6,0.3-7.2,0c-7.3-0.7-17-3.2-16.6-2.9c0.4,0.3,13.7,3.1,17,3.3\tC267.7,18.8,269.7,18,269.6,18z\"\/>\n\t<path class=\"elementor-shape-fill\" d=\"M227.4,9.8c-0.2-0.1-4.5-1-9.5-1.2c-5-0.2-12.7,0.6-12.3,0.5c0.3-0.1,5.9-1.8,13.3-1.2\tS227.6,9.9,227.4,9.8z\"\/>\n\t<path class=\"elementor-shape-fill\" d=\"M204.5,13.4c-0.1-0.1,2-1,3.2-1.1c1.2-0.1,2,0,2,0.3c0,0.3-0.1,0.5-1.6,0.4\tC206.4,12.9,204.6,13.5,204.5,13.4z\"\/>\n\t<path class=\"elementor-shape-fill\" d=\"M201,10.6c0-0.1-4.4,1.2-6.3,2.2c-1.9,0.9-6.2,3.1-6.1,3.1c0.1,0.1,4.2-1.6,6.3-2.6\tS201,10.7,201,10.6z\"\/>\n\t<path class=\"elementor-shape-fill\" d=\"M154.5,26.7c-0.1-0.1-4.6,0.3-7.2,0c-7.3-0.7-17-3.2-16.6-2.9c0.4,0.3,13.7,3.1,17,3.3\tC152.6,27.5,154.6,26.8,154.5,26.7z\"\/>\n\t<path class=\"elementor-shape-fill\" d=\"M41.9,19.3c0,0,1.2-0.3,2.9-0.1c1.7,0.2,5.8,0.9,8.2,0.7c4.2-0.4,7.4-2.7,7-2.6\tc-0.4,0-4.3,2.2-8.6,1.9c-1.8-0.1-5.1-0.5-6.7-0.4S41.9,19.3,41.9,19.3z\"\/>\n\t<path class=\"elementor-shape-fill\" d=\"M75.5,12.6c0.2,0.1,2-0.8,4.3-1.1c2.3-0.2,2.1-0.3,2.1-0.5c0-0.1-1.8-0.4-3.4,0\tC76.9,11.5,75.3,12.5,75.5,12.6z\"\/>\n\t<path class=\"elementor-shape-fill\" d=\"M15.6,13.2c0-0.1,4.3,0,6.7,0.5c2.4,0.5,5,1.9,5,2c0,0.1-2.7-0.8-5.1-1.4\tC19.9,13.7,15.7,13.3,15.6,13.2z\"\/>\n<\/svg>\t\t<\/div>\n\t\t<div class=\"elementor-element elementor-element-4d1020aa e-con-full e-flex elementor-invisible e-con e-child\" data-id=\"4d1020aa\" data-element_type=\"container\" data-e-type=\"container\" data-settings=\"{&quot;animation&quot;:&quot;slideInLeft&quot;,&quot;animation_delay&quot;:800}\">\n\t\t<div class=\"elementor-element elementor-element-3979a9da e-con-full skew-container-light e-flex elementor-invisible e-con e-child\" data-id=\"3979a9da\" data-element_type=\"container\" data-e-type=\"container\" data-settings=\"{&quot;background_background&quot;:&quot;classic&quot;,&quot;animation&quot;:&quot;fadeIn&quot;,&quot;animation_delay&quot;:800}\">\n\t\t\t\t<div class=\"elementor-element elementor-element-4e6ffec5 elementor-widget elementor-widget-heading\" data-id=\"4e6ffec5\" data-element_type=\"widget\" data-e-type=\"widget\" data-settings=\"{&quot;_animation&quot;:&quot;none&quot;,&quot;_animation_delay&quot;:100}\" data-widget_type=\"heading.default\">\n\t\t\t\t<div class=\"elementor-widget-container\">\n\t\t\t\t\t<h1 class=\"elementor-heading-title elementor-size-default\">Saboya, tierra de aguas y balnearios<\/h1>\t\t\t\t<\/div>\n\t\t\t\t<\/div>\n\t\t\t\t<div class=\"elementor-element elementor-element-237575b elementor-widget elementor-widget-text-editor\" data-id=\"237575b\" data-element_type=\"widget\" data-e-type=\"widget\" data-settings=\"{&quot;_animation&quot;:&quot;none&quot;,&quot;_animation_delay&quot;:500}\" data-widget_type=\"text-editor.default\">\n\t\t\t\t<div class=\"elementor-widget-container\">\n\t\t\t\t\t\t\t\t\t<p>Alrededor del camping Lac de Carouge, en Saboya, encontrar\u00e1 hermosos lagos y termas. Nuestra regi\u00f3n es famosa por sus termas desde la antig\u00fcedad. <\/p>\n<p>Dos de ellas se encuentran bastante cerca y gozan de una muy buena reputaci\u00f3n que va mucho m\u00e1s all\u00e1 de Savoie.<\/p>\n\t\t\t\t\t\t\t\t<\/div>\n\t\t\t\t<\/div>\n\t\t\t\t<\/div>\n\t\t<div class=\"elementor-element elementor-element-294f97e3 e-con-full elementor-hidden-tablet elementor-hidden-mobile e-flex e-con e-child\" data-id=\"294f97e3\" data-element_type=\"container\" data-e-type=\"container\">\n\t\t\t\t<\/div>\n\t\t\t\t<\/div>\n\t\t\t\t\t<\/div>\n\t\t\t\t<\/div>\n\t\t<div class=\"elementor-element elementor-element-2f180fcd e-flex e-con-boxed e-con e-parent\" data-id=\"2f180fcd\" data-element_type=\"container\" data-e-type=\"container\">\n\t\t\t\t\t<div class=\"e-con-inner\">\n\t\t\t\t<div class=\"elementor-element elementor-element-146a5a7b elementor-widget elementor-widget-text-editor\" data-id=\"146a5a7b\" data-element_type=\"widget\" data-e-type=\"widget\" data-widget_type=\"text-editor.default\">\n\t\t\t\t<div class=\"elementor-widget-container\">\n\t\t\t\t\t\t\t\t\t<p>Challes Les Eaux: las termas de Challes Les Eaux est\u00e1n especializadas en enfermedades respiratorias y ginecolog\u00eda. A los pies del macizo de Bauges, a 14 km del camping (menos de 15 minutos en coche), encontrar\u00e1 un balneario que conserva todo el encanto de un balneario de principios del siglo pasado. Los mosaicos de los a\u00f1os 30, el techo de cristal dentado y las decoraciones esmaltadas albergan salas de tratamientos modernas, espaciosas y funcionales, todas abiertas a la naturaleza.  <\/p>\n\t\t\t\t\t\t\t\t<\/div>\n\t\t\t\t<\/div>\n\t\t\t\t<div class=\"elementor-element elementor-element-3abb872 elementor-widget elementor-widget-text-editor\" data-id=\"3abb872\" data-element_type=\"widget\" data-e-type=\"widget\" data-widget_type=\"text-editor.default\">\n\t\t\t\t<div class=\"elementor-widget-container\">\n\t\t\t\t\t\t\t\t\t<p>Aix les bains est\u00e1 a 35 km del camping (unos 45 minutos en coche). Las termas siempre han formado parte del patrimonio hist\u00f3rico y cultural de la ciudad. Aproveche este balneario para recargar las pilas y combatir las infecciones respiratorias y el reumatismo.  <\/p>\n\t\t\t\t\t\t\t\t<\/div>\n\t\t\t\t<\/div>\n\t\t\t\t<div class=\"elementor-element elementor-element-50293d4 elementor-widget elementor-widget-text-editor\" data-id=\"50293d4\" data-element_type=\"widget\" data-e-type=\"widget\" data-widget_type=\"text-editor.default\">\n\t\t\t\t<div class=\"elementor-widget-container\">\n\t\t\t\t\t\t\t\t\t<p>Por la tarde, despu\u00e9s de sus tratamientos, podr\u00e1 seguir disfrutando de la naturaleza en nuestro camping. Le ofrecemos una amplia selecci\u00f3n de parcelas, mobil homes y chal\u00e9s para que se sienta como en casa durante toda su estancia. <\/p>\n\t\t\t\t\t\t\t\t<\/div>\n\t\t\t\t<\/div>\n\t\t\t\t<div class=\"elementor-element elementor-element-8ca40ff elementor-widget elementor-widget-heading\" data-id=\"8ca40ff\" data-element_type=\"widget\" data-e-type=\"widget\" data-widget_type=\"heading.default\">\n\t\t\t\t<div class=\"elementor-widget-container\">\n\t\t\t\t\t<h2 class=\"elementor-heading-title elementor-size-default\">Bienestar y relajaci\u00f3n en Saboya<\/h2>\t\t\t\t<\/div>\n\t\t\t\t<\/div>\n\t\t\t\t<div class=\"elementor-element elementor-element-b4bfa9a elementor-widget elementor-widget-text-editor\" data-id=\"b4bfa9a\" data-element_type=\"widget\" data-e-type=\"widget\" data-widget_type=\"text-editor.default\">\n\t\t\t\t<div class=\"elementor-widget-container\">\n\t\t\t\t\t\t\t\t\t<p>Adem\u00e1s de estos establecimientos, le proponemos un gran n\u00famero de establecimientos especializados en el bienestar alrededor de nuestro camping en Savoie para sesiones de masaje, tratamientos de belleza o saunas.<\/p>\n\t\t\t\t\t\t\t\t<\/div>\n\t\t\t\t<\/div>\n\t\t\t\t\t<\/div>\n\t\t\t\t<\/div>\n\t\t\t\t<\/div>\n\t\t","protected":false},"excerpt":{"rendered":"<p>Saboya, tierra de aguas y balnearios Alrededor del camping Lac de Carouge, en Saboya, encontrar\u00e1 hermosos lagos y termas. Nuestra regi\u00f3n es famosa por sus termas desde la antig\u00fcedad. Dos de ellas se encuentran bastante cerca y gozan de una muy buena reputaci\u00f3n que va mucho m\u00e1s all\u00e1 de Savoie. Challes Les Eaux: las termas [&hellip;]<\/p>\n","protected":false},"author":2,"featured_media":0,"parent":5759,"menu_order":0,"comment_status":"closed","ping_status":"closed","template":"elementor_header_footer","meta":{"footnotes":""},"class_list":["post-7858","page","type-page","status-publish","hentry"],"blocksy_meta":[],"yoast_head":"<!-- This site is optimized with the Yoast SEO Premium plugin v27.2 (Yoast SEO v27.2) - https:\/\/yoast.com\/product\/yoast-seo-premium-wordpress\/ -->\n<title>Termas - Camping du Lac de Carouge<\/title>\n<meta name=\"description\" content=\"Reserva tus vacaciones de bienestar en Saboya. Descubre los balnearios de Saboya, todos cerca del camping Lac de Carouge.\" \/>\n<meta name=\"robots\" content=\"index, follow, max-snippet:-1, max-image-preview:large, max-video-preview:-1\" \/>\n<link rel=\"canonical\" href=\"https:\/\/www.campinglacdecarouge.fr\/es\/lugares-imprescindibles-de-saboya\/termas\/\" \/>\n<meta property=\"og:locale\" content=\"es_ES\" \/>\n<meta property=\"og:type\" content=\"article\" \/>\n<meta property=\"og:title\" content=\"Termas\" \/>\n<meta property=\"og:description\" content=\"Reserva tus vacaciones de bienestar en Saboya. Descubre los balnearios de Saboya, todos cerca del camping Lac de Carouge.\" \/>\n<meta property=\"og:url\" content=\"https:\/\/www.campinglacdecarouge.fr\/es\/lugares-imprescindibles-de-saboya\/termas\/\" \/>\n<meta property=\"og:site_name\" content=\"Camping du Lac de Carouge\" \/>\n<meta property=\"article:publisher\" content=\"https:\/\/www.facebook.com\/pagelacdecarouge\/\" \/>\n<meta property=\"article:modified_time\" content=\"2024-12-02T21:43:23+00:00\" \/>\n<meta property=\"og:image\" content=\"https:\/\/www.campinglacdecarouge.fr\/wp-content\/uploads\/2024\/11\/20240624_105940-scaled.jpg\" \/>\n\t<meta property=\"og:image:width\" content=\"2560\" \/>\n\t<meta property=\"og:image:height\" content=\"1442\" \/>\n\t<meta property=\"og:image:type\" content=\"image\/jpeg\" \/>\n<meta name=\"twitter:card\" content=\"summary_large_image\" \/>\n<meta name=\"twitter:site\" content=\"@lacdecarouge\" \/>\n<meta name=\"twitter:label1\" content=\"Tiempo de lectura\" \/>\n\t<meta name=\"twitter:data1\" content=\"1 minuto\" \/>\n<script type=\"application\/ld+json\" class=\"yoast-schema-graph\">{\"@context\":\"https:\/\/schema.org\",\"@graph\":[{\"@type\":\"WebPage\",\"@id\":\"https:\/\/www.campinglacdecarouge.fr\/es\/lugares-imprescindibles-de-saboya\/termas\/\",\"url\":\"https:\/\/www.campinglacdecarouge.fr\/es\/lugares-imprescindibles-de-saboya\/termas\/\",\"name\":\"Termas - Camping du Lac de Carouge\",\"isPartOf\":{\"@id\":\"https:\/\/www.campinglacdecarouge.fr\/es\/#website\"},\"datePublished\":\"2024-11-17T23:39:12+00:00\",\"dateModified\":\"2024-12-02T21:43:23+00:00\",\"description\":\"Reserva tus vacaciones de bienestar en Saboya. Descubre los balnearios de Saboya, todos cerca del camping Lac de Carouge.\",\"breadcrumb\":{\"@id\":\"https:\/\/www.campinglacdecarouge.fr\/es\/lugares-imprescindibles-de-saboya\/termas\/#breadcrumb\"},\"inLanguage\":\"es\",\"potentialAction\":[{\"@type\":\"ReadAction\",\"target\":[\"https:\/\/www.campinglacdecarouge.fr\/es\/lugares-imprescindibles-de-saboya\/termas\/\"]}]},{\"@type\":\"BreadcrumbList\",\"@id\":\"https:\/\/www.campinglacdecarouge.fr\/es\/lugares-imprescindibles-de-saboya\/termas\/#breadcrumb\",\"itemListElement\":[{\"@type\":\"ListItem\",\"position\":1,\"name\":\"Accueil\",\"item\":\"https:\/\/www.campinglacdecarouge.fr\/es\/pagina-de-inicio-2\/\"},{\"@type\":\"ListItem\",\"position\":2,\"name\":\"Regi\u00f3n R\u00f3dano-Alpes\",\"item\":\"https:\/\/www.campinglacdecarouge.fr\/es\/la-region-rhone-alpes\/\"},{\"@type\":\"ListItem\",\"position\":3,\"name\":\"Termas\"}]},{\"@type\":\"WebSite\",\"@id\":\"https:\/\/www.campinglacdecarouge.fr\/es\/#website\",\"url\":\"https:\/\/www.campinglacdecarouge.fr\/es\/\",\"name\":\"Camping du Lac de Carouge\",\"description\":\"Sitio web del camping Lac de Carouge en Saboya\",\"publisher\":{\"@id\":\"https:\/\/www.campinglacdecarouge.fr\/es\/#organization\"},\"potentialAction\":[{\"@type\":\"SearchAction\",\"target\":{\"@type\":\"EntryPoint\",\"urlTemplate\":\"https:\/\/www.campinglacdecarouge.fr\/es\/?s={search_term_string}\"},\"query-input\":{\"@type\":\"PropertyValueSpecification\",\"valueRequired\":true,\"valueName\":\"search_term_string\"}}],\"inLanguage\":\"es\"},{\"@type\":\"Organization\",\"@id\":\"https:\/\/www.campinglacdecarouge.fr\/es\/#organization\",\"name\":\"Camping du Lac de Carouge\",\"url\":\"https:\/\/www.campinglacdecarouge.fr\/es\/\",\"logo\":{\"@type\":\"ImageObject\",\"inLanguage\":\"es\",\"@id\":\"https:\/\/www.campinglacdecarouge.fr\/es\/#\/schema\/logo\/image\/\",\"url\":\"https:\/\/www.campinglacdecarouge.fr\/wp-content\/uploads\/2024\/07\/logo-1.png\",\"contentUrl\":\"https:\/\/www.campinglacdecarouge.fr\/wp-content\/uploads\/2024\/07\/logo-1.png\",\"width\":530,\"height\":270,\"caption\":\"Camping du Lac de Carouge\"},\"image\":{\"@id\":\"https:\/\/www.campinglacdecarouge.fr\/es\/#\/schema\/logo\/image\/\"},\"sameAs\":[\"https:\/\/www.facebook.com\/pagelacdecarouge\/\",\"https:\/\/x.com\/lacdecarouge\",\"https:\/\/www.instagram.com\/lacdecarouge\/\"],\"legalName\":\"SAS SELYV\",\"foundingDate\":\"2009-01-01\",\"numberOfEmployees\":{\"@type\":\"QuantitativeValue\",\"minValue\":\"1\",\"maxValue\":\"10\"},\"publishingPrinciples\":\"https:\/\/www.campinglacdecarouge.fr\/principes-editoriaux\/\",\"correctionsPolicy\":\"https:\/\/www.campinglacdecarouge.fr\/politique-de-correction-editoriale-camping-du-lac-de-carouge\/\",\"ethicsPolicy\":\"https:\/\/www.campinglacdecarouge.fr\/standards-de-comportement-camping-du-lac-de-carouge\/\",\"diversityPolicy\":\"https:\/\/www.campinglacdecarouge.fr\/politique-de-diversite-pour-le-contenu-editorial\/\"}]}<\/script>\n<!-- \/ Yoast SEO Premium plugin. -->","yoast_head_json":{"title":"Termas - Camping du Lac de Carouge","description":"Reserva tus vacaciones de bienestar en Saboya. Descubre los balnearios de Saboya, todos cerca del camping Lac de Carouge.","robots":{"index":"index","follow":"follow","max-snippet":"max-snippet:-1","max-image-preview":"max-image-preview:large","max-video-preview":"max-video-preview:-1"},"canonical":"https:\/\/www.campinglacdecarouge.fr\/es\/lugares-imprescindibles-de-saboya\/termas\/","og_locale":"es_ES","og_type":"article","og_title":"Termas","og_description":"Reserva tus vacaciones de bienestar en Saboya. Descubre los balnearios de Saboya, todos cerca del camping Lac de Carouge.","og_url":"https:\/\/www.campinglacdecarouge.fr\/es\/lugares-imprescindibles-de-saboya\/termas\/","og_site_name":"Camping du Lac de Carouge","article_publisher":"https:\/\/www.facebook.com\/pagelacdecarouge\/","article_modified_time":"2024-12-02T21:43:23+00:00","og_image":[{"width":2560,"height":1442,"url":"https:\/\/www.campinglacdecarouge.fr\/wp-content\/uploads\/2024\/11\/20240624_105940-scaled.jpg","type":"image\/jpeg"}],"twitter_card":"summary_large_image","twitter_site":"@lacdecarouge","twitter_misc":{"Tiempo de lectura":"1 minuto"},"schema":{"@context":"https:\/\/schema.org","@graph":[{"@type":"WebPage","@id":"https:\/\/www.campinglacdecarouge.fr\/es\/lugares-imprescindibles-de-saboya\/termas\/","url":"https:\/\/www.campinglacdecarouge.fr\/es\/lugares-imprescindibles-de-saboya\/termas\/","name":"Termas - Camping du Lac de Carouge","isPartOf":{"@id":"https:\/\/www.campinglacdecarouge.fr\/es\/#website"},"datePublished":"2024-11-17T23:39:12+00:00","dateModified":"2024-12-02T21:43:23+00:00","description":"Reserva tus vacaciones de bienestar en Saboya. Descubre los balnearios de Saboya, todos cerca del camping Lac de Carouge.","breadcrumb":{"@id":"https:\/\/www.campinglacdecarouge.fr\/es\/lugares-imprescindibles-de-saboya\/termas\/#breadcrumb"},"inLanguage":"es","potentialAction":[{"@type":"ReadAction","target":["https:\/\/www.campinglacdecarouge.fr\/es\/lugares-imprescindibles-de-saboya\/termas\/"]}]},{"@type":"BreadcrumbList","@id":"https:\/\/www.campinglacdecarouge.fr\/es\/lugares-imprescindibles-de-saboya\/termas\/#breadcrumb","itemListElement":[{"@type":"ListItem","position":1,"name":"Accueil","item":"https:\/\/www.campinglacdecarouge.fr\/es\/pagina-de-inicio-2\/"},{"@type":"ListItem","position":2,"name":"Regi\u00f3n R\u00f3dano-Alpes","item":"https:\/\/www.campinglacdecarouge.fr\/es\/la-region-rhone-alpes\/"},{"@type":"ListItem","position":3,"name":"Termas"}]},{"@type":"WebSite","@id":"https:\/\/www.campinglacdecarouge.fr\/es\/#website","url":"https:\/\/www.campinglacdecarouge.fr\/es\/","name":"Camping du Lac de Carouge","description":"Sitio web del camping Lac de Carouge en Saboya","publisher":{"@id":"https:\/\/www.campinglacdecarouge.fr\/es\/#organization"},"potentialAction":[{"@type":"SearchAction","target":{"@type":"EntryPoint","urlTemplate":"https:\/\/www.campinglacdecarouge.fr\/es\/?s={search_term_string}"},"query-input":{"@type":"PropertyValueSpecification","valueRequired":true,"valueName":"search_term_string"}}],"inLanguage":"es"},{"@type":"Organization","@id":"https:\/\/www.campinglacdecarouge.fr\/es\/#organization","name":"Camping du Lac de Carouge","url":"https:\/\/www.campinglacdecarouge.fr\/es\/","logo":{"@type":"ImageObject","inLanguage":"es","@id":"https:\/\/www.campinglacdecarouge.fr\/es\/#\/schema\/logo\/image\/","url":"https:\/\/www.campinglacdecarouge.fr\/wp-content\/uploads\/2024\/07\/logo-1.png","contentUrl":"https:\/\/www.campinglacdecarouge.fr\/wp-content\/uploads\/2024\/07\/logo-1.png","width":530,"height":270,"caption":"Camping du Lac de Carouge"},"image":{"@id":"https:\/\/www.campinglacdecarouge.fr\/es\/#\/schema\/logo\/image\/"},"sameAs":["https:\/\/www.facebook.com\/pagelacdecarouge\/","https:\/\/x.com\/lacdecarouge","https:\/\/www.instagram.com\/lacdecarouge\/"],"legalName":"SAS SELYV","foundingDate":"2009-01-01","numberOfEmployees":{"@type":"QuantitativeValue","minValue":"1","maxValue":"10"},"publishingPrinciples":"https:\/\/www.campinglacdecarouge.fr\/principes-editoriaux\/","correctionsPolicy":"https:\/\/www.campinglacdecarouge.fr\/politique-de-correction-editoriale-camping-du-lac-de-carouge\/","ethicsPolicy":"https:\/\/www.campinglacdecarouge.fr\/standards-de-comportement-camping-du-lac-de-carouge\/","diversityPolicy":"https:\/\/www.campinglacdecarouge.fr\/politique-de-diversite-pour-le-contenu-editorial\/"}]}},"_links":{"self":[{"href":"https:\/\/www.campinglacdecarouge.fr\/es\/wp-json\/wp\/v2\/pages\/7858","targetHints":{"allow":["GET"]}}],"collection":[{"href":"https:\/\/www.campinglacdecarouge.fr\/es\/wp-json\/wp\/v2\/pages"}],"about":[{"href":"https:\/\/www.campinglacdecarouge.fr\/es\/wp-json\/wp\/v2\/types\/page"}],"author":[{"embeddable":true,"href":"https:\/\/www.campinglacdecarouge.fr\/es\/wp-json\/wp\/v2\/users\/2"}],"replies":[{"embeddable":true,"href":"https:\/\/www.campinglacdecarouge.fr\/es\/wp-json\/wp\/v2\/comments?post=7858"}],"version-history":[{"count":0,"href":"https:\/\/www.campinglacdecarouge.fr\/es\/wp-json\/wp\/v2\/pages\/7858\/revisions"}],"up":[{"embeddable":true,"href":"https:\/\/www.campinglacdecarouge.fr\/es\/wp-json\/wp\/v2\/pages\/5759"}],"wp:attachment":[{"href":"https:\/\/www.campinglacdecarouge.fr\/es\/wp-json\/wp\/v2\/media?parent=7858"}],"curies":[{"name":"wp","href":"https:\/\/api.w.org\/{rel}","templated":true}]}}