{"id":7208,"date":"2024-11-18T00:35:14","date_gmt":"2024-11-17T23:35:14","guid":{"rendered":"https:\/\/www.campinglacdecarouge.fr\/die-unumgaenglichen-orte-in-savoyen\/combe-de-savoie\/"},"modified":"2025-06-11T10:55:28","modified_gmt":"2025-06-11T08:55:28","slug":"combe-de-savoie","status":"publish","type":"page","link":"https:\/\/www.campinglacdecarouge.fr\/de\/die-unumgaenglichen-orte-in-savoyen\/combe-de-savoie\/","title":{"rendered":"Combe de Savoie"},"content":{"rendered":"\t\t<div data-elementor-type=\"wp-post\" data-elementor-id=\"7208\" class=\"elementor elementor-7208 elementor-6483\" data-elementor-post-type=\"page\">\n\t\t\t\t<div class=\"elementor-element elementor-element-63079bc e-flex e-con-boxed elementor-invisible e-con e-parent\" data-id=\"63079bc\" data-element_type=\"container\" data-e-type=\"container\" data-settings=\"{&quot;shape_divider_bottom&quot;:&quot;wave-brush&quot;,&quot;background_background&quot;:&quot;slideshow&quot;,&quot;background_slideshow_gallery&quot;:[{&quot;id&quot;:2581,&quot;url&quot;:&quot;https:\\\/\\\/www.campinglacdecarouge.fr\\\/wp-content\\\/uploads\\\/2024\\\/09\\\/ASMB-VB0031-SavoieMontBlanc-Ballanfat-scaled.jpg&quot;},{&quot;id&quot;:2580,&quot;url&quot;:&quot;https:\\\/\\\/www.campinglacdecarouge.fr\\\/wp-content\\\/uploads\\\/2024\\\/09\\\/ASMB-SC0263-SavoieMontBlanc-Chabance-scaled.jpg&quot;},{&quot;id&quot;:2579,&quot;url&quot;:&quot;https:\\\/\\\/www.campinglacdecarouge.fr\\\/wp-content\\\/uploads\\\/2024\\\/09\\\/ASMB-EB07424-SavoieMontBlanc-Boutet-scaled.jpg&quot;},{&quot;id&quot;:2578,&quot;url&quot;:&quot;https:\\\/\\\/www.campinglacdecarouge.fr\\\/wp-content\\\/uploads\\\/2024\\\/09\\\/ASMB-CM0010-SavoieMontBlanc-Mari.jpg&quot;}],&quot;background_slideshow_lazyload&quot;:&quot;yes&quot;,&quot;background_slideshow_ken_burns&quot;:&quot;yes&quot;,&quot;background_slideshow_ken_burns_zoom_direction&quot;:&quot;out&quot;,&quot;animation&quot;:&quot;fadeIn&quot;,&quot;shape_divider_top&quot;:&quot;wave-brush&quot;,&quot;background_slideshow_loop&quot;:&quot;yes&quot;,&quot;background_slideshow_slide_duration&quot;:5000,&quot;background_slideshow_slide_transition&quot;:&quot;fade&quot;,&quot;background_slideshow_transition_duration&quot;:500}\">\n\t\t\t\t\t<div class=\"e-con-inner\">\n\t\t\t\t<div class=\"elementor-shape elementor-shape-top\" aria-hidden=\"true\" data-negative=\"false\">\n\t\t\t<svg xmlns=\"http:\/\/www.w3.org\/2000\/svg\" viewBox=\"0 0 283.5 27.8\" preserveAspectRatio=\"none\">\n\t<path class=\"elementor-shape-fill\" d=\"M283.5,9.7c0,0-7.3,4.3-14,4.6c-6.8,0.3-12.6,0-20.9-1.5c-11.3-2-33.1-10.1-44.7-5.7\ts-12.1,4.6-18,7.4c-6.6,3.2-20,9.6-36.6,9.3C131.6,23.5,99.5,7.2,86.3,8c-1.4,0.1-6.6,0.8-10.5,2c-3.8,1.2-9.4,3.8-17,4.7\tc-3.2,0.4-8.3,1.1-14.2,0.9c-1.5-0.1-6.3-0.4-12-1.6c-5.7-1.2-11-3.1-15.8-3.7C6.5,9.2,0,10.8,0,10.8V0h283.5V9.7z M260.8,11.3\tc-0.7-1-2-0.4-4.3-0.4c-2.3,0-6.1-1.2-5.8-1.1c0.3,0.1,3.1,1.5,6,1.9C259.7,12.2,261.4,12.3,260.8,11.3z M242.4,8.6\tc0,0-2.4-0.2-5.6-0.9c-3.2-0.8-10.3-2.8-15.1-3.5c-8.2-1.1-15.8,0-15.1,0.1c0.8,0.1,9.6-0.6,17.6,1.1c3.3,0.7,9.3,2.2,12.4,2.7\tC239.9,8.7,242.4,8.6,242.4,8.6z M185.2,8.5c1.7-0.7-13.3,4.7-18.5,6.1c-2.1,0.6-6.2,1.6-10,2c-3.9,0.4-8.9,0.4-8.8,0.5\tc0,0.2,5.8,0.8,11.2,0c5.4-0.8,5.2-1.1,7.6-1.6C170.5,14.7,183.5,9.2,185.2,8.5z M199.1,6.9c0.2,0-0.8-0.4-4.8,1.1\tc-4,1.5-6.7,3.5-6.9,3.7c-0.2,0.1,3.5-1.8,6.6-3C197,7.5,199,6.9,199.1,6.9z M283,6c-0.1,0.1-1.9,1.1-4.8,2.5s-6.9,2.8-6.7,2.7\tc0.2,0,3.5-0.6,7.4-2.5C282.8,6.8,283.1,5.9,283,6z M31.3,11.6c0.1-0.2-1.9-0.2-4.5-1.2s-5.4-1.6-7.8-2C15,7.6,7.3,8.5,7.7,8.6\tC8,8.7,15.9,8.3,20.2,9.3c2.2,0.5,2.4,0.5,5.7,1.6S31.2,11.9,31.3,11.6z M73,9.2c0.4-0.1,3.5-1.6,8.4-2.6c4.9-1.1,8.9-0.5,8.9-0.8\tc0-0.3-1-0.9-6.2-0.3S72.6,9.3,73,9.2z M71.6,6.7C71.8,6.8,75,5.4,77.3,5c2.3-0.3,1.9-0.5,1.9-0.6c0-0.1-1.1-0.2-2.7,0.2\tC74.8,5.1,71.4,6.6,71.6,6.7z M93.6,4.4c0.1,0.2,3.5,0.8,5.6,1.8c2.1,1,1.8,0.6,1.9,0.5c0.1-0.1-0.8-0.8-2.4-1.3\tC97.1,4.8,93.5,4.2,93.6,4.4z M65.4,11.1c-0.1,0.3,0.3,0.5,1.9-0.2s2.6-1.3,2.2-1.2s-0.9,0.4-2.5,0.8C65.3,10.9,65.5,10.8,65.4,11.1\tz M34.5,12.4c-0.2,0,2.1,0.8,3.3,0.9c1.2,0.1,2,0.1,2-0.2c0-0.3-0.1-0.5-1.6-0.4C36.6,12.8,34.7,12.4,34.5,12.4z M152.2,21.1\tc-0.1,0.1-2.4-0.3-7.5-0.3c-5,0-13.6-2.4-17.2-3.5c-3.6-1.1,10,3.9,16.5,4.1C150.5,21.6,152.3,21,152.2,21.1z\"\/>\n\t<path class=\"elementor-shape-fill\" d=\"M269.6,18c-0.1-0.1-4.6,0.3-7.2,0c-7.3-0.7-17-3.2-16.6-2.9c0.4,0.3,13.7,3.1,17,3.3\tC267.7,18.8,269.7,18,269.6,18z\"\/>\n\t<path class=\"elementor-shape-fill\" d=\"M227.4,9.8c-0.2-0.1-4.5-1-9.5-1.2c-5-0.2-12.7,0.6-12.3,0.5c0.3-0.1,5.9-1.8,13.3-1.2\tS227.6,9.9,227.4,9.8z\"\/>\n\t<path class=\"elementor-shape-fill\" d=\"M204.5,13.4c-0.1-0.1,2-1,3.2-1.1c1.2-0.1,2,0,2,0.3c0,0.3-0.1,0.5-1.6,0.4\tC206.4,12.9,204.6,13.5,204.5,13.4z\"\/>\n\t<path class=\"elementor-shape-fill\" d=\"M201,10.6c0-0.1-4.4,1.2-6.3,2.2c-1.9,0.9-6.2,3.1-6.1,3.1c0.1,0.1,4.2-1.6,6.3-2.6\tS201,10.7,201,10.6z\"\/>\n\t<path class=\"elementor-shape-fill\" d=\"M154.5,26.7c-0.1-0.1-4.6,0.3-7.2,0c-7.3-0.7-17-3.2-16.6-2.9c0.4,0.3,13.7,3.1,17,3.3\tC152.6,27.5,154.6,26.8,154.5,26.7z\"\/>\n\t<path class=\"elementor-shape-fill\" d=\"M41.9,19.3c0,0,1.2-0.3,2.9-0.1c1.7,0.2,5.8,0.9,8.2,0.7c4.2-0.4,7.4-2.7,7-2.6\tc-0.4,0-4.3,2.2-8.6,1.9c-1.8-0.1-5.1-0.5-6.7-0.4S41.9,19.3,41.9,19.3z\"\/>\n\t<path class=\"elementor-shape-fill\" d=\"M75.5,12.6c0.2,0.1,2-0.8,4.3-1.1c2.3-0.2,2.1-0.3,2.1-0.5c0-0.1-1.8-0.4-3.4,0\tC76.9,11.5,75.3,12.5,75.5,12.6z\"\/>\n\t<path class=\"elementor-shape-fill\" d=\"M15.6,13.2c0-0.1,4.3,0,6.7,0.5c2.4,0.5,5,1.9,5,2c0,0.1-2.7-0.8-5.1-1.4\tC19.9,13.7,15.7,13.3,15.6,13.2z\"\/>\n<\/svg>\t\t<\/div>\n\t\t\t\t<div class=\"elementor-shape elementor-shape-bottom\" aria-hidden=\"true\" data-negative=\"false\">\n\t\t\t<svg xmlns=\"http:\/\/www.w3.org\/2000\/svg\" viewBox=\"0 0 283.5 27.8\" preserveAspectRatio=\"none\">\n\t<path class=\"elementor-shape-fill\" d=\"M283.5,9.7c0,0-7.3,4.3-14,4.6c-6.8,0.3-12.6,0-20.9-1.5c-11.3-2-33.1-10.1-44.7-5.7\ts-12.1,4.6-18,7.4c-6.6,3.2-20,9.6-36.6,9.3C131.6,23.5,99.5,7.2,86.3,8c-1.4,0.1-6.6,0.8-10.5,2c-3.8,1.2-9.4,3.8-17,4.7\tc-3.2,0.4-8.3,1.1-14.2,0.9c-1.5-0.1-6.3-0.4-12-1.6c-5.7-1.2-11-3.1-15.8-3.7C6.5,9.2,0,10.8,0,10.8V0h283.5V9.7z M260.8,11.3\tc-0.7-1-2-0.4-4.3-0.4c-2.3,0-6.1-1.2-5.8-1.1c0.3,0.1,3.1,1.5,6,1.9C259.7,12.2,261.4,12.3,260.8,11.3z M242.4,8.6\tc0,0-2.4-0.2-5.6-0.9c-3.2-0.8-10.3-2.8-15.1-3.5c-8.2-1.1-15.8,0-15.1,0.1c0.8,0.1,9.6-0.6,17.6,1.1c3.3,0.7,9.3,2.2,12.4,2.7\tC239.9,8.7,242.4,8.6,242.4,8.6z M185.2,8.5c1.7-0.7-13.3,4.7-18.5,6.1c-2.1,0.6-6.2,1.6-10,2c-3.9,0.4-8.9,0.4-8.8,0.5\tc0,0.2,5.8,0.8,11.2,0c5.4-0.8,5.2-1.1,7.6-1.6C170.5,14.7,183.5,9.2,185.2,8.5z M199.1,6.9c0.2,0-0.8-0.4-4.8,1.1\tc-4,1.5-6.7,3.5-6.9,3.7c-0.2,0.1,3.5-1.8,6.6-3C197,7.5,199,6.9,199.1,6.9z M283,6c-0.1,0.1-1.9,1.1-4.8,2.5s-6.9,2.8-6.7,2.7\tc0.2,0,3.5-0.6,7.4-2.5C282.8,6.8,283.1,5.9,283,6z M31.3,11.6c0.1-0.2-1.9-0.2-4.5-1.2s-5.4-1.6-7.8-2C15,7.6,7.3,8.5,7.7,8.6\tC8,8.7,15.9,8.3,20.2,9.3c2.2,0.5,2.4,0.5,5.7,1.6S31.2,11.9,31.3,11.6z M73,9.2c0.4-0.1,3.5-1.6,8.4-2.6c4.9-1.1,8.9-0.5,8.9-0.8\tc0-0.3-1-0.9-6.2-0.3S72.6,9.3,73,9.2z M71.6,6.7C71.8,6.8,75,5.4,77.3,5c2.3-0.3,1.9-0.5,1.9-0.6c0-0.1-1.1-0.2-2.7,0.2\tC74.8,5.1,71.4,6.6,71.6,6.7z M93.6,4.4c0.1,0.2,3.5,0.8,5.6,1.8c2.1,1,1.8,0.6,1.9,0.5c0.1-0.1-0.8-0.8-2.4-1.3\tC97.1,4.8,93.5,4.2,93.6,4.4z M65.4,11.1c-0.1,0.3,0.3,0.5,1.9-0.2s2.6-1.3,2.2-1.2s-0.9,0.4-2.5,0.8C65.3,10.9,65.5,10.8,65.4,11.1\tz M34.5,12.4c-0.2,0,2.1,0.8,3.3,0.9c1.2,0.1,2,0.1,2-0.2c0-0.3-0.1-0.5-1.6-0.4C36.6,12.8,34.7,12.4,34.5,12.4z M152.2,21.1\tc-0.1,0.1-2.4-0.3-7.5-0.3c-5,0-13.6-2.4-17.2-3.5c-3.6-1.1,10,3.9,16.5,4.1C150.5,21.6,152.3,21,152.2,21.1z\"\/>\n\t<path class=\"elementor-shape-fill\" d=\"M269.6,18c-0.1-0.1-4.6,0.3-7.2,0c-7.3-0.7-17-3.2-16.6-2.9c0.4,0.3,13.7,3.1,17,3.3\tC267.7,18.8,269.7,18,269.6,18z\"\/>\n\t<path class=\"elementor-shape-fill\" d=\"M227.4,9.8c-0.2-0.1-4.5-1-9.5-1.2c-5-0.2-12.7,0.6-12.3,0.5c0.3-0.1,5.9-1.8,13.3-1.2\tS227.6,9.9,227.4,9.8z\"\/>\n\t<path class=\"elementor-shape-fill\" d=\"M204.5,13.4c-0.1-0.1,2-1,3.2-1.1c1.2-0.1,2,0,2,0.3c0,0.3-0.1,0.5-1.6,0.4\tC206.4,12.9,204.6,13.5,204.5,13.4z\"\/>\n\t<path class=\"elementor-shape-fill\" d=\"M201,10.6c0-0.1-4.4,1.2-6.3,2.2c-1.9,0.9-6.2,3.1-6.1,3.1c0.1,0.1,4.2-1.6,6.3-2.6\tS201,10.7,201,10.6z\"\/>\n\t<path class=\"elementor-shape-fill\" d=\"M154.5,26.7c-0.1-0.1-4.6,0.3-7.2,0c-7.3-0.7-17-3.2-16.6-2.9c0.4,0.3,13.7,3.1,17,3.3\tC152.6,27.5,154.6,26.8,154.5,26.7z\"\/>\n\t<path class=\"elementor-shape-fill\" d=\"M41.9,19.3c0,0,1.2-0.3,2.9-0.1c1.7,0.2,5.8,0.9,8.2,0.7c4.2-0.4,7.4-2.7,7-2.6\tc-0.4,0-4.3,2.2-8.6,1.9c-1.8-0.1-5.1-0.5-6.7-0.4S41.9,19.3,41.9,19.3z\"\/>\n\t<path class=\"elementor-shape-fill\" d=\"M75.5,12.6c0.2,0.1,2-0.8,4.3-1.1c2.3-0.2,2.1-0.3,2.1-0.5c0-0.1-1.8-0.4-3.4,0\tC76.9,11.5,75.3,12.5,75.5,12.6z\"\/>\n\t<path class=\"elementor-shape-fill\" d=\"M15.6,13.2c0-0.1,4.3,0,6.7,0.5c2.4,0.5,5,1.9,5,2c0,0.1-2.7-0.8-5.1-1.4\tC19.9,13.7,15.7,13.3,15.6,13.2z\"\/>\n<\/svg>\t\t<\/div>\n\t\t<div class=\"elementor-element elementor-element-257ae3cb e-con-full e-flex elementor-invisible e-con e-child\" data-id=\"257ae3cb\" data-element_type=\"container\" data-e-type=\"container\" data-settings=\"{&quot;animation&quot;:&quot;slideInLeft&quot;,&quot;animation_delay&quot;:800}\">\n\t\t<div class=\"elementor-element elementor-element-136ff7a4 e-con-full skew-container-light e-flex elementor-invisible e-con e-child\" data-id=\"136ff7a4\" data-element_type=\"container\" data-e-type=\"container\" data-settings=\"{&quot;background_background&quot;:&quot;classic&quot;,&quot;animation&quot;:&quot;fadeIn&quot;,&quot;animation_delay&quot;:800}\">\n\t\t\t\t<div class=\"elementor-element elementor-element-4ea5deed elementor-widget elementor-widget-heading\" data-id=\"4ea5deed\" data-element_type=\"widget\" data-e-type=\"widget\" data-settings=\"{&quot;_animation&quot;:&quot;none&quot;,&quot;_animation_delay&quot;:100}\" data-widget_type=\"heading.default\">\n\t\t\t\t<div class=\"elementor-widget-container\">\n\t\t\t\t\t<h1 class=\"elementor-heading-title elementor-size-default\">Die Combe de Savoie ist ein wichtiger Verkehrsknotenpunkt in Savoyen.<\/h1>\t\t\t\t<\/div>\n\t\t\t\t<\/div>\n\t\t\t\t<div class=\"elementor-element elementor-element-2992f0c2 elementor-widget elementor-widget-text-editor\" data-id=\"2992f0c2\" data-element_type=\"widget\" data-e-type=\"widget\" data-settings=\"{&quot;_animation&quot;:&quot;none&quot;,&quot;_animation_delay&quot;:500}\" data-widget_type=\"text-editor.default\">\n\t\t\t\t<div class=\"elementor-widget-container\">\n\t\t\t\t\t\t\t\t\t<p style=\"text-align: center;\">Die Combe de Savoie, in der sich der Campingplatz befindet, ist das Gebiet, das alle Ballungsr\u00e4ume der Savoyen miteinander verbindet. Sie beginnt in Chamb\u00e9ry, der ehemaligen Hauptstadt der Herz\u00f6ge von Savoyen, und f\u00fchrt durch atemberaubende Landschaften bis zur Olympiastadt Albertville.<\/p>\t\t\t\t\t\t\t\t<\/div>\n\t\t\t\t<\/div>\n\t\t\t\t<\/div>\n\t\t<div class=\"elementor-element elementor-element-1e109fc7 e-con-full elementor-hidden-tablet elementor-hidden-mobile e-flex e-con e-child\" data-id=\"1e109fc7\" data-element_type=\"container\" data-e-type=\"container\">\n\t\t\t\t<\/div>\n\t\t\t\t<\/div>\n\t\t\t\t\t<\/div>\n\t\t\t\t<\/div>\n\t\t<div class=\"elementor-element elementor-element-3da7a1c9 e-flex e-con-boxed e-con e-parent\" data-id=\"3da7a1c9\" data-element_type=\"container\" data-e-type=\"container\">\n\t\t\t\t\t<div class=\"e-con-inner\">\n\t\t\t\t<div class=\"elementor-element elementor-element-30140a8e elementor-widget elementor-widget-text-editor\" data-id=\"30140a8e\" data-element_type=\"widget\" data-e-type=\"widget\" data-widget_type=\"text-editor.default\">\n\t\t\t\t<div class=\"elementor-widget-container\">\n\t\t\t\t\t\t\t\t\t<p>Die zweite St\u00e4rke unseres Gebiets ist seine Sonneneinstrahlung, die es ihm erm\u00f6glicht hat, einen Weinbau von sehr hoher Qualit\u00e4t zu entwickeln.<\/p>\t\t\t\t\t\t\t\t<\/div>\n\t\t\t\t<\/div>\n\t\t\t\t<div class=\"elementor-element elementor-element-728f87b8 elementor-widget elementor-widget-text-editor\" data-id=\"728f87b8\" data-element_type=\"widget\" data-e-type=\"widget\" data-widget_type=\"text-editor.default\">\n\t\t\t\t<div class=\"elementor-widget-container\">\n\t\t\t\t\t\t\t\t\t<p>Dieser ist heute in Frankreich anerkannt, beginnt aber auch weltweit gro\u00dfe Anh\u00e4nger zu finden. Um nur einige Rebsorten zu nennen, finden Sie hier Mondeuse, Roussette oder Chignin Bergeron. Entdecken Sie also unsere Winzer und ihr K\u00f6nnen.  <\/p>\t\t\t\t\t\t\t\t<\/div>\n\t\t\t\t<\/div>\n\t\t\t\t<div class=\"elementor-element elementor-element-50fe7f7a elementor-widget elementor-widget-text-editor\" data-id=\"50fe7f7a\" data-element_type=\"widget\" data-e-type=\"widget\" data-widget_type=\"text-editor.default\">\n\t\t\t\t<div class=\"elementor-widget-container\">\n\t\t\t\t\t\t\t\t\t<p>Unser Campingplatz Savoyen bietet wundersch\u00f6ne Unterk\u00fcnfte, um diese fantastische Region zu erkunden. Ob Stellplatz, Mobilheim oder Chalet \u2013 bei uns finden Sie den passenden Urlaubsstil.  <\/p>\t\t\t\t\t\t\t\t<\/div>\n\t\t\t\t<\/div>\n\t\t\t\t<div class=\"elementor-element elementor-element-6b08f239 elementor-widget elementor-widget-text-editor\" data-id=\"6b08f239\" data-element_type=\"widget\" data-e-type=\"widget\" data-widget_type=\"text-editor.default\">\n\t\t\t\t<div class=\"elementor-widget-container\">\n\t\t\t\t\t\t\t\t\t<p>F\u00fcr diejenigen, die Wasserf\u00e4lle beobachten m\u00f6chten, befindet sich einer der sch\u00f6nsten Wasserf\u00e4lle der Umgebung direkt in der N\u00e4he der Combe de Savoie, im Herzen der Chartreuse, n\u00e4mlich der Wasserfall von Saint M\u00eame. Er ist einer der beeindruckendsten Wasserf\u00e4lle in Savoyen und ist nach einer einst\u00fcndigen Wanderung f\u00fcr jedermann zug\u00e4nglich. <\/p>\t\t\t\t\t\t\t\t<\/div>\n\t\t\t\t<\/div>\n\t\t\t\t\t<\/div>\n\t\t\t\t<\/div>\n\t\t\t\t<\/div>\n\t\t","protected":false},"excerpt":{"rendered":"<p>Die Combe de Savoie ist ein wichtiger Verkehrsknotenpunkt in Savoyen. Die Combe de Savoie, in der sich der Campingplatz befindet, ist das Gebiet, das alle Ballungsr\u00e4ume der Savoyen miteinander verbindet. Sie beginnt in Chamb\u00e9ry, der ehemaligen Hauptstadt der Herz\u00f6ge von Savoyen, und f\u00fchrt durch atemberaubende Landschaften bis zur Olympiastadt Albertville. Die zweite St\u00e4rke unseres Gebiets [&hellip;]<\/p>\n","protected":false},"author":2,"featured_media":0,"parent":5755,"menu_order":0,"comment_status":"closed","ping_status":"closed","template":"elementor_header_footer","meta":{"footnotes":""},"class_list":["post-7208","page","type-page","status-publish","hentry"],"blocksy_meta":[],"yoast_head":"<!-- This site is optimized with the Yoast SEO Premium plugin v27.2 (Yoast SEO v27.2) - https:\/\/yoast.com\/product\/yoast-seo-premium-wordpress\/ -->\n<title>Lac Savoie Combe de Savoie - Camping du Lac de Carouge<\/title>\n<meta name=\"description\" content=\"Die Combe de Savoie, in der sich der Campingplatz befindet, ist das Gebiet, das alle Ballungsr\u00e4ume der Savoyen miteinander verbindet.\" \/>\n<meta name=\"robots\" content=\"index, follow, max-snippet:-1, max-image-preview:large, max-video-preview:-1\" \/>\n<link rel=\"canonical\" href=\"https:\/\/www.campinglacdecarouge.fr\/de\/die-unumgaenglichen-orte-in-savoyen\/combe-de-savoie\/\" \/>\n<meta property=\"og:locale\" content=\"de_DE\" \/>\n<meta property=\"og:type\" content=\"article\" \/>\n<meta property=\"og:title\" content=\"Combe de Savoie\" \/>\n<meta property=\"og:description\" content=\"Die Combe de Savoie, in der sich der Campingplatz befindet, ist das Gebiet, das alle Ballungsr\u00e4ume der Savoyen miteinander verbindet.\" \/>\n<meta property=\"og:url\" content=\"https:\/\/www.campinglacdecarouge.fr\/de\/die-unumgaenglichen-orte-in-savoyen\/combe-de-savoie\/\" \/>\n<meta property=\"og:site_name\" content=\"Camping du Lac de Carouge\" \/>\n<meta property=\"article:publisher\" content=\"https:\/\/www.facebook.com\/pagelacdecarouge\/\" \/>\n<meta property=\"article:modified_time\" content=\"2025-06-11T08:55:28+00:00\" \/>\n<meta property=\"og:image\" content=\"https:\/\/www.campinglacdecarouge.fr\/wp-content\/uploads\/2024\/11\/20240624_105940-scaled.jpg\" \/>\n\t<meta property=\"og:image:width\" content=\"2560\" \/>\n\t<meta property=\"og:image:height\" content=\"1442\" \/>\n\t<meta property=\"og:image:type\" content=\"image\/jpeg\" \/>\n<meta name=\"twitter:card\" content=\"summary_large_image\" \/>\n<meta name=\"twitter:site\" content=\"@lacdecarouge\" \/>\n<meta name=\"twitter:label1\" content=\"Gesch\u00e4tzte Lesezeit\" \/>\n\t<meta name=\"twitter:data1\" content=\"1\u00a0Minute\" \/>\n<script type=\"application\/ld+json\" class=\"yoast-schema-graph\">{\"@context\":\"https:\/\/schema.org\",\"@graph\":[{\"@type\":\"WebPage\",\"@id\":\"https:\/\/www.campinglacdecarouge.fr\/de\/die-unumgaenglichen-orte-in-savoyen\/combe-de-savoie\/\",\"url\":\"https:\/\/www.campinglacdecarouge.fr\/de\/die-unumgaenglichen-orte-in-savoyen\/combe-de-savoie\/\",\"name\":\"Lac Savoie Combe de Savoie - Camping du Lac de Carouge\",\"isPartOf\":{\"@id\":\"https:\/\/www.campinglacdecarouge.fr\/de\/#website\"},\"datePublished\":\"2024-11-17T23:35:14+00:00\",\"dateModified\":\"2025-06-11T08:55:28+00:00\",\"description\":\"Die Combe de Savoie, in der sich der Campingplatz befindet, ist das Gebiet, das alle Ballungsr\u00e4ume der Savoyen miteinander verbindet.\",\"breadcrumb\":{\"@id\":\"https:\/\/www.campinglacdecarouge.fr\/de\/die-unumgaenglichen-orte-in-savoyen\/combe-de-savoie\/#breadcrumb\"},\"inLanguage\":\"de\",\"potentialAction\":[{\"@type\":\"ReadAction\",\"target\":[\"https:\/\/www.campinglacdecarouge.fr\/de\/die-unumgaenglichen-orte-in-savoyen\/combe-de-savoie\/\"]}]},{\"@type\":\"BreadcrumbList\",\"@id\":\"https:\/\/www.campinglacdecarouge.fr\/de\/die-unumgaenglichen-orte-in-savoyen\/combe-de-savoie\/#breadcrumb\",\"itemListElement\":[{\"@type\":\"ListItem\",\"position\":1,\"name\":\"Accueil\",\"item\":\"https:\/\/www.campinglacdecarouge.fr\/de\/startseite-2\/\"},{\"@type\":\"ListItem\",\"position\":2,\"name\":\"Die Region Rhone-Alpes\",\"item\":\"https:\/\/www.campinglacdecarouge.fr\/de\/die-unumgaenglichen-orte-in-savoyen\/\"},{\"@type\":\"ListItem\",\"position\":3,\"name\":\"Combe de Savoie\"}]},{\"@type\":\"WebSite\",\"@id\":\"https:\/\/www.campinglacdecarouge.fr\/de\/#website\",\"url\":\"https:\/\/www.campinglacdecarouge.fr\/de\/\",\"name\":\"Camping du Lac de Carouge\",\"description\":\"Webseite des Camping du Lac de Carouge in Savoyen\",\"publisher\":{\"@id\":\"https:\/\/www.campinglacdecarouge.fr\/de\/#organization\"},\"potentialAction\":[{\"@type\":\"SearchAction\",\"target\":{\"@type\":\"EntryPoint\",\"urlTemplate\":\"https:\/\/www.campinglacdecarouge.fr\/de\/?s={search_term_string}\"},\"query-input\":{\"@type\":\"PropertyValueSpecification\",\"valueRequired\":true,\"valueName\":\"search_term_string\"}}],\"inLanguage\":\"de\"},{\"@type\":\"Organization\",\"@id\":\"https:\/\/www.campinglacdecarouge.fr\/de\/#organization\",\"name\":\"Camping du Lac de Carouge\",\"url\":\"https:\/\/www.campinglacdecarouge.fr\/de\/\",\"logo\":{\"@type\":\"ImageObject\",\"inLanguage\":\"de\",\"@id\":\"https:\/\/www.campinglacdecarouge.fr\/de\/#\/schema\/logo\/image\/\",\"url\":\"https:\/\/www.campinglacdecarouge.fr\/wp-content\/uploads\/2024\/07\/logo-1.png\",\"contentUrl\":\"https:\/\/www.campinglacdecarouge.fr\/wp-content\/uploads\/2024\/07\/logo-1.png\",\"width\":530,\"height\":270,\"caption\":\"Camping du Lac de Carouge\"},\"image\":{\"@id\":\"https:\/\/www.campinglacdecarouge.fr\/de\/#\/schema\/logo\/image\/\"},\"sameAs\":[\"https:\/\/www.facebook.com\/pagelacdecarouge\/\",\"https:\/\/x.com\/lacdecarouge\",\"https:\/\/www.instagram.com\/lacdecarouge\/\"],\"legalName\":\"SAS SELYV\",\"foundingDate\":\"2009-01-01\",\"numberOfEmployees\":{\"@type\":\"QuantitativeValue\",\"minValue\":\"1\",\"maxValue\":\"10\"},\"publishingPrinciples\":\"https:\/\/www.campinglacdecarouge.fr\/principes-editoriaux\/\",\"correctionsPolicy\":\"https:\/\/www.campinglacdecarouge.fr\/politique-de-correction-editoriale-camping-du-lac-de-carouge\/\",\"ethicsPolicy\":\"https:\/\/www.campinglacdecarouge.fr\/standards-de-comportement-camping-du-lac-de-carouge\/\",\"diversityPolicy\":\"https:\/\/www.campinglacdecarouge.fr\/politique-de-diversite-pour-le-contenu-editorial\/\"}]}<\/script>\n<!-- \/ Yoast SEO Premium plugin. -->","yoast_head_json":{"title":"Lac Savoie Combe de Savoie - Camping du Lac de Carouge","description":"Die Combe de Savoie, in der sich der Campingplatz befindet, ist das Gebiet, das alle Ballungsr\u00e4ume der Savoyen miteinander verbindet.","robots":{"index":"index","follow":"follow","max-snippet":"max-snippet:-1","max-image-preview":"max-image-preview:large","max-video-preview":"max-video-preview:-1"},"canonical":"https:\/\/www.campinglacdecarouge.fr\/de\/die-unumgaenglichen-orte-in-savoyen\/combe-de-savoie\/","og_locale":"de_DE","og_type":"article","og_title":"Combe de Savoie","og_description":"Die Combe de Savoie, in der sich der Campingplatz befindet, ist das Gebiet, das alle Ballungsr\u00e4ume der Savoyen miteinander verbindet.","og_url":"https:\/\/www.campinglacdecarouge.fr\/de\/die-unumgaenglichen-orte-in-savoyen\/combe-de-savoie\/","og_site_name":"Camping du Lac de Carouge","article_publisher":"https:\/\/www.facebook.com\/pagelacdecarouge\/","article_modified_time":"2025-06-11T08:55:28+00:00","og_image":[{"width":2560,"height":1442,"url":"https:\/\/www.campinglacdecarouge.fr\/wp-content\/uploads\/2024\/11\/20240624_105940-scaled.jpg","type":"image\/jpeg"}],"twitter_card":"summary_large_image","twitter_site":"@lacdecarouge","twitter_misc":{"Gesch\u00e4tzte Lesezeit":"1\u00a0Minute"},"schema":{"@context":"https:\/\/schema.org","@graph":[{"@type":"WebPage","@id":"https:\/\/www.campinglacdecarouge.fr\/de\/die-unumgaenglichen-orte-in-savoyen\/combe-de-savoie\/","url":"https:\/\/www.campinglacdecarouge.fr\/de\/die-unumgaenglichen-orte-in-savoyen\/combe-de-savoie\/","name":"Lac Savoie Combe de Savoie - Camping du Lac de Carouge","isPartOf":{"@id":"https:\/\/www.campinglacdecarouge.fr\/de\/#website"},"datePublished":"2024-11-17T23:35:14+00:00","dateModified":"2025-06-11T08:55:28+00:00","description":"Die Combe de Savoie, in der sich der Campingplatz befindet, ist das Gebiet, das alle Ballungsr\u00e4ume der Savoyen miteinander verbindet.","breadcrumb":{"@id":"https:\/\/www.campinglacdecarouge.fr\/de\/die-unumgaenglichen-orte-in-savoyen\/combe-de-savoie\/#breadcrumb"},"inLanguage":"de","potentialAction":[{"@type":"ReadAction","target":["https:\/\/www.campinglacdecarouge.fr\/de\/die-unumgaenglichen-orte-in-savoyen\/combe-de-savoie\/"]}]},{"@type":"BreadcrumbList","@id":"https:\/\/www.campinglacdecarouge.fr\/de\/die-unumgaenglichen-orte-in-savoyen\/combe-de-savoie\/#breadcrumb","itemListElement":[{"@type":"ListItem","position":1,"name":"Accueil","item":"https:\/\/www.campinglacdecarouge.fr\/de\/startseite-2\/"},{"@type":"ListItem","position":2,"name":"Die Region Rhone-Alpes","item":"https:\/\/www.campinglacdecarouge.fr\/de\/die-unumgaenglichen-orte-in-savoyen\/"},{"@type":"ListItem","position":3,"name":"Combe de Savoie"}]},{"@type":"WebSite","@id":"https:\/\/www.campinglacdecarouge.fr\/de\/#website","url":"https:\/\/www.campinglacdecarouge.fr\/de\/","name":"Camping du Lac de Carouge","description":"Webseite des Camping du Lac de Carouge in Savoyen","publisher":{"@id":"https:\/\/www.campinglacdecarouge.fr\/de\/#organization"},"potentialAction":[{"@type":"SearchAction","target":{"@type":"EntryPoint","urlTemplate":"https:\/\/www.campinglacdecarouge.fr\/de\/?s={search_term_string}"},"query-input":{"@type":"PropertyValueSpecification","valueRequired":true,"valueName":"search_term_string"}}],"inLanguage":"de"},{"@type":"Organization","@id":"https:\/\/www.campinglacdecarouge.fr\/de\/#organization","name":"Camping du Lac de Carouge","url":"https:\/\/www.campinglacdecarouge.fr\/de\/","logo":{"@type":"ImageObject","inLanguage":"de","@id":"https:\/\/www.campinglacdecarouge.fr\/de\/#\/schema\/logo\/image\/","url":"https:\/\/www.campinglacdecarouge.fr\/wp-content\/uploads\/2024\/07\/logo-1.png","contentUrl":"https:\/\/www.campinglacdecarouge.fr\/wp-content\/uploads\/2024\/07\/logo-1.png","width":530,"height":270,"caption":"Camping du Lac de Carouge"},"image":{"@id":"https:\/\/www.campinglacdecarouge.fr\/de\/#\/schema\/logo\/image\/"},"sameAs":["https:\/\/www.facebook.com\/pagelacdecarouge\/","https:\/\/x.com\/lacdecarouge","https:\/\/www.instagram.com\/lacdecarouge\/"],"legalName":"SAS SELYV","foundingDate":"2009-01-01","numberOfEmployees":{"@type":"QuantitativeValue","minValue":"1","maxValue":"10"},"publishingPrinciples":"https:\/\/www.campinglacdecarouge.fr\/principes-editoriaux\/","correctionsPolicy":"https:\/\/www.campinglacdecarouge.fr\/politique-de-correction-editoriale-camping-du-lac-de-carouge\/","ethicsPolicy":"https:\/\/www.campinglacdecarouge.fr\/standards-de-comportement-camping-du-lac-de-carouge\/","diversityPolicy":"https:\/\/www.campinglacdecarouge.fr\/politique-de-diversite-pour-le-contenu-editorial\/"}]}},"_links":{"self":[{"href":"https:\/\/www.campinglacdecarouge.fr\/de\/wp-json\/wp\/v2\/pages\/7208","targetHints":{"allow":["GET"]}}],"collection":[{"href":"https:\/\/www.campinglacdecarouge.fr\/de\/wp-json\/wp\/v2\/pages"}],"about":[{"href":"https:\/\/www.campinglacdecarouge.fr\/de\/wp-json\/wp\/v2\/types\/page"}],"author":[{"embeddable":true,"href":"https:\/\/www.campinglacdecarouge.fr\/de\/wp-json\/wp\/v2\/users\/2"}],"replies":[{"embeddable":true,"href":"https:\/\/www.campinglacdecarouge.fr\/de\/wp-json\/wp\/v2\/comments?post=7208"}],"version-history":[{"count":2,"href":"https:\/\/www.campinglacdecarouge.fr\/de\/wp-json\/wp\/v2\/pages\/7208\/revisions"}],"predecessor-version":[{"id":53823,"href":"https:\/\/www.campinglacdecarouge.fr\/de\/wp-json\/wp\/v2\/pages\/7208\/revisions\/53823"}],"up":[{"embeddable":true,"href":"https:\/\/www.campinglacdecarouge.fr\/de\/wp-json\/wp\/v2\/pages\/5755"}],"wp:attachment":[{"href":"https:\/\/www.campinglacdecarouge.fr\/de\/wp-json\/wp\/v2\/media?parent=7208"}],"curies":[{"name":"wp","href":"https:\/\/api.w.org\/{rel}","templated":true}]}}