{"id":48220,"date":"2025-02-03T16:54:34","date_gmt":"2025-02-03T15:54:34","guid":{"rendered":"https:\/\/www.campinglacdecarouge.fr\/reservierung\/"},"modified":"2025-12-10T11:21:35","modified_gmt":"2025-12-10T10:21:35","slug":"reservierung","status":"publish","type":"page","link":"https:\/\/www.campinglacdecarouge.fr\/de\/reservierung\/","title":{"rendered":"Reservierung"},"content":{"rendered":"\t\t<div data-elementor-type=\"wp-page\" data-elementor-id=\"48220\" class=\"elementor elementor-48220 elementor-45889\" data-elementor-post-type=\"page\">\n\t\t\t\t<div class=\"elementor-element elementor-element-450fcc8 e-con-full e-flex e-con e-parent\" data-id=\"450fcc8\" data-element_type=\"container\" data-e-type=\"container\">\n\t\t\t\t<div class=\"elementor-element elementor-element-291d177 elementor-widget elementor-widget-reservation-crm\" data-id=\"291d177\" data-element_type=\"widget\" data-e-type=\"widget\" data-widget_type=\"reservation-crm.default\">\n\t\t\t\t<div class=\"elementor-widget-container\">\n\t\t\t\t\t<div id=\"booking-block\"><div id=\"wrapper\"><div class=\"content-wrapper\"><div id=\"progress-bar\"><div class=\"content\"><div class=\"active step\" data-step=\"1\"><div class=\"circle\"><\/div> <p>Suche<\/p><\/div> <div class=\"step\" data-step=\"2\"><div class=\"circle\"><\/div> <p>Kostenvoranschlag<\/p><\/div> <div class=\"step\" data-step=\"3\"><div class=\"circle\"><\/div> <p>Zahlung<\/p><\/div><\/div> <\/div> <form action=\"https:\/\/crm.campinglacdecarouge.fr\/modules\/reservation\" id=\"form-search\" method=\"POST\"><input name=\"lang\" type=\"hidden\" value=\"DE\"> <div id=\"zone-recherche\"><div class=\"options\"><div id=\"date_sejour\"><label><i class=\"fa-calendar-days fa-regular\"><\/i> <input id=\"date_sejour_input\" placeholder=\"Daten Ihres Aufenthalts\" required type=\"text\"><\/label> <\/div> <div id=\"type\"><label><i class=\"fa-home fa-regular\"><\/i> <select name=\"type\"><option value=\"0\">Stellpl\u00e4tze &amp; Mietunterk\u00fcnfte <\/option><option value=\"1\">Stellpl\u00e4tze <\/option><option value=\"2\">Mietunterk\u00fcnfte<\/option><\/select><\/label> <\/div> <div id=\"capacite\"><label><i class=\"fa-people fa-regular\"><\/i> <span>F\u00fcr<\/span> <input max=\"9\" min=\"1\" name=\"capacite\" step=\"1\" type=\"number\" value=\"2\"> <span>Person(en)<\/span><\/label> <\/div><\/div> <div class=\"recherche\"><button class=\"control\" id=\"availability-search\" type=\"submit\"><i class=\"fa-regular fa-search\"><\/i> <span>Verf\u00fcgbarkeit anzeigen<\/span><\/button> <\/div><\/div><\/form> <div class=\"empty\" id=\"availability-list\"><\/div><\/div> <\/div> <script src=\"https:\/\/crm.campinglacdecarouge.fr\/public\/resources\/plugins\/jquery\/jquery.min.js?version=0.5.498\"><\/script> <script src=\"https:\/\/crm.campinglacdecarouge.fr\/public\/resources\/plugins\/devolta-plugin-loader\/plugin-loader.min.js?version=0.5.498\"><\/script> <script src=\"https:\/\/crm.campinglacdecarouge.fr\/public\/resources\/plugins\/devolta-utilities\/plugin.min.js?version=0.5.498\"><\/script> <script src=\"https:\/\/crm.campinglacdecarouge.fr\/public\/resources\/plugins\/modernizr\/modernizr.min.js?version=0.5.498\"><\/script> <script src=\"https:\/\/crm.campinglacdecarouge.fr\/modules\/reservation\/resources\/plugins\/app-framework-carouge\/framework.min.js?version=0.5.498\"><\/script> <script src=\"https:\/\/crm.campinglacdecarouge.fr\/modules\/reservation\/resources\/plugins\/flatpickr\/flatpickr.min.js?version=0.5.498\"><\/script> <script src=\"https:\/\/crm.campinglacdecarouge.fr\/modules\/reservation\/resources\/plugins\/flatpickr\/lang\/fr.min.js?version=0.5.498\"><\/script> <script src=\"https:\/\/crm.campinglacdecarouge.fr\/modules\/reservation\/resources\/plugins\/flatpickr\/lang\/de.min.js?version=0.5.498\"><\/script> <script src=\"https:\/\/crm.campinglacdecarouge.fr\/modules\/reservation\/resources\/plugins\/flatpickr\/lang\/es.min.js?version=0.5.498\"><\/script> <script src=\"https:\/\/crm.campinglacdecarouge.fr\/modules\/reservation\/resources\/plugins\/flatpickr\/lang\/it.min.js?version=0.5.498\"><\/script> <script src=\"https:\/\/crm.campinglacdecarouge.fr\/modules\/reservation\/resources\/plugins\/flatpickr\/lang\/nl.min.js?version=0.5.498\"><\/script> <script src=\"https:\/\/crm.campinglacdecarouge.fr\/modules\/reservation\/resources\/plugins\/flatpickr\/lang\/da.min.js?version=0.5.498\"><\/script> <script src=\"https:\/\/crm.campinglacdecarouge.fr\/modules\/reservation\/resources\/plugins\/devolta-modal-carouge\/js\/devolta-modal.min.js?version=0.5.498\"><\/script> <script>pl_loaded_plugins = [\"jquery\",\"devolta-plugin-loader\",\"devolta-utilities\",\"app-framework-carouge\",\"flatpickr\",\"devolta-modal-carouge\"];\n\t\t\tplugin_loader.pl_project_version = \"0.5.498\";\n\t\t\tplugin_loader.pl_project_folder = \"https\\u003A\\\/\\\/crm.campinglacdecarouge.fr\\\/public\\\/resources\\\/plugins\";<\/script> <script>const calendar_data = {\"2026\":{\"4\":{\"17\":20,\"18\":20,\"19\":20,\"20\":20,\"21\":20,\"22\":20,\"23\":20,\"24\":20,\"25\":21,\"26\":21,\"27\":21,\"28\":21,\"29\":21,\"30\":21},\"5\":{\"1\":21,\"2\":21,\"3\":21,\"4\":21,\"5\":21,\"6\":21,\"7\":21,\"8\":21,\"9\":21,\"10\":21,\"11\":21,\"12\":21,\"13\":20,\"14\":19,\"15\":20,\"16\":20,\"17\":21,\"18\":21,\"19\":21,\"20\":21,\"21\":21,\"22\":20,\"23\":16,\"24\":16,\"25\":17,\"26\":17,\"27\":16,\"28\":16,\"29\":15,\"30\":18,\"31\":20},\"6\":{\"1\":21,\"2\":21,\"3\":21,\"4\":21,\"5\":19,\"6\":18,\"7\":21,\"8\":20,\"9\":19,\"10\":18,\"11\":19,\"12\":16,\"13\":15,\"14\":18,\"15\":18,\"16\":18,\"17\":18,\"18\":20,\"19\":20,\"20\":20,\"21\":20,\"22\":20,\"23\":20,\"24\":20,\"25\":20,\"26\":20,\"27\":18,\"28\":19,\"29\":19,\"30\":19},\"7\":{\"1\":19,\"2\":19,\"3\":18,\"4\":15,\"5\":16,\"6\":16,\"7\":16,\"8\":16,\"9\":16,\"10\":16,\"11\":19,\"12\":19,\"13\":19,\"14\":19,\"15\":19,\"16\":19,\"17\":19,\"18\":19,\"19\":19,\"20\":19,\"23\":19,\"24\":19,\"25\":17,\"26\":17,\"27\":17,\"28\":17,\"29\":17,\"30\":17,\"31\":17,\"21\":18,\"22\":18},\"8\":{\"1\":18,\"5\":18,\"6\":18,\"7\":18,\"8\":21,\"9\":21,\"10\":21,\"11\":21,\"12\":21,\"13\":20,\"16\":20,\"17\":20,\"18\":20,\"19\":20,\"20\":20,\"21\":20,\"22\":20,\"23\":20,\"24\":20,\"25\":20,\"26\":20,\"27\":20,\"28\":20,\"29\":20,\"30\":20,\"31\":20,\"2\":17,\"3\":17,\"4\":17,\"14\":19,\"15\":19},\"9\":{\"1\":20,\"2\":20,\"3\":20,\"4\":20,\"5\":10,\"6\":10,\"7\":10,\"8\":10,\"9\":10,\"10\":10,\"12\":10}}};\n\t\tconst calendar_legend = \"\\t\\u003Cdiv\\u0020class\\u003D\\u0022legend\\u0022\\u003E\\n\\t\\t\\u003Cdiv\\u0020class\\u003D\\u0022available\\u0022\\u003EMehrere\\u0020freie\\u0020Unterk\\u00FCnfte\\u003C\\\/div\\u003E\\n\\t\\t\\u003Cdiv\\u0020class\\u003D\\u0022limited\\u002Davailability\\u0022\\u003EWeniger\\u0020als\\u00206\\u0020freie\\u0020Unterk\\u00FCnfte\\u003C\\\/div\\u003E\\n\\t\\t\\u003Cdiv\\u0020class\\u003D\\u0022last\\u002Dslot\\u0022\\u003ELetzte\\u0020freie\\u0020Unterkunft\\u003C\\\/div\\u003E\\n\\t\\t\\u003Cdiv\\u0020class\\u003D\\u0022fully\\u002Dbooked\\u0022\\u003EKeine\\u0020freien\\u0020Unterk\\u00FCnfte\\u003C\\\/div\\u003E\\n\\t\\u003C\\\/div\\u003E\\n\";\n\t\tconst calendar_lang = \"DE\";\n\t\tlet date_picker;\n\n\t\tconst from_str = \"\";\n\t\tconst to_str = \"\";\n\n\t\tconst parseDate = isoString => isoString ? new Date(isoString) : null;\n\t\tconst default_dates = (from_str && to_str) ? [parseDate(from_str), parseDate(to_str)] : [];\n\n\t\tconst devis_url = \"https\\u003A\\\/\\\/www.campinglacdecarouge.fr\\\/de\\\/reservierung\\\/\\u003Fstep\\u003Ddevis\";\n\t\tconst paiement_url = \"https\\u003A\\\/\\\/www.campinglacdecarouge.fr\\\/de\\\/reservierung\\\/\\u003Fstep\\u003Dpaiement\";<\/script> <script data-params='{\"page_url\":\"https:\\\/\\\/crm.campinglacdecarouge.fr\\\/modules\\\/reservation\",\"empty_dates_message\":\"Bitte w\\u00e4hlen Sie einen Zeitraum aus.\",\"empty_dates_message_return\":\"Zur\\u00fcck\"}' id=\"script-base\" src=\"https:\/\/crm.campinglacdecarouge.fr\/modules\/reservation\/resources\/js\/content\/reservation\/base.min.js?version=0.5.498&amp;mod=1.0.0\"><\/script> <script src=\"https:\/\/crm.campinglacdecarouge.fr\/modules\/reservation\/resources\/js\/content\/reservation\/calendar.min.js?version=0.5.498&amp;mod=1.0.0\"><\/script> <script>$(document).ready(function() {\n\t\t\tif (default_dates.length) {\n\t\t\t\tsetTimeout(() => {\n\t\t\t\t\t$(\"#availability-search\").trigger(\"click\");\n\t\t\t\t}, 100);\n\t\t\t}\n\t\t});<\/script><\/div>\t\t\t\t<\/div>\n\t\t\t\t<\/div>\n\t\t\t\t<\/div>\n\t\t\t\t<\/div>\n\t\t","protected":false},"excerpt":{"rendered":"<p>Recherche Devis Paiement Votre s\u00e9jour Chalet 4 Personnes &#8211; Morea &#8211; 2 Chambres &#8211; 25 m\u00b2 + terrasse semi couverte 16 m\u00b2 1\/4 pers. Vous s\u00e9journerez du 15\/04\/2026 au 22\/04\/2026. Le s\u00e9jour est pr\u00e9vu pour 4 personnes. Vos coordonn\u00e9es Nom : Test 1 Pr\u00e9nom : Test 1 Date de naissance : 01 f\u00e9vrier 1990 Pays [&hellip;]<\/p>\n","protected":false},"author":1,"featured_media":0,"parent":0,"menu_order":0,"comment_status":"closed","ping_status":"closed","template":"","meta":{"footnotes":""},"class_list":["post-48220","page","type-page","status-publish","hentry"],"blocksy_meta":[],"yoast_head":"<!-- This site is optimized with the Yoast SEO Premium plugin v27.2 (Yoast SEO v27.2) - https:\/\/yoast.com\/product\/yoast-seo-premium-wordpress\/ -->\n<title>Reservierung - Camping du Lac de Carouge<\/title>\n<meta name=\"description\" content=\"Genie\u00dfen Sie einen wundersch\u00f6nen Campingurlaub in Savoyen. Buchen Sie jetzt Ihren idealen Stellplatz.\" \/>\n<meta name=\"robots\" content=\"index, follow, max-snippet:-1, max-image-preview:large, max-video-preview:-1\" \/>\n<link rel=\"canonical\" href=\"https:\/\/www.campinglacdecarouge.fr\/de\/reservierung\/\" \/>\n<meta property=\"og:locale\" content=\"de_DE\" \/>\n<meta property=\"og:type\" content=\"article\" \/>\n<meta property=\"og:title\" content=\"Reservierung\" \/>\n<meta property=\"og:description\" content=\"Genie\u00dfen Sie einen wundersch\u00f6nen Campingurlaub in Savoyen. Buchen Sie jetzt Ihren idealen Stellplatz.\" \/>\n<meta property=\"og:url\" content=\"https:\/\/www.campinglacdecarouge.fr\/de\/reservierung\/\" \/>\n<meta property=\"og:site_name\" content=\"Camping du Lac de Carouge\" \/>\n<meta property=\"article:publisher\" content=\"https:\/\/www.facebook.com\/pagelacdecarouge\/\" \/>\n<meta property=\"article:modified_time\" content=\"2025-12-10T10:21:35+00:00\" \/>\n<meta property=\"og:image\" content=\"https:\/\/www.campinglacdecarouge.fr\/wp-content\/uploads\/2024\/11\/20240624_105940-scaled.jpg\" \/>\n\t<meta property=\"og:image:width\" content=\"2560\" \/>\n\t<meta property=\"og:image:height\" content=\"1442\" \/>\n\t<meta property=\"og:image:type\" content=\"image\/jpeg\" \/>\n<meta name=\"twitter:card\" content=\"summary_large_image\" \/>\n<meta name=\"twitter:site\" content=\"@lacdecarouge\" \/>\n<meta name=\"twitter:label1\" content=\"Gesch\u00e4tzte Lesezeit\" \/>\n\t<meta name=\"twitter:data1\" content=\"1\u00a0Minute\" \/>\n<script type=\"application\/ld+json\" class=\"yoast-schema-graph\">{\"@context\":\"https:\/\/schema.org\",\"@graph\":[{\"@type\":\"WebPage\",\"@id\":\"https:\/\/www.campinglacdecarouge.fr\/de\/reservierung\/\",\"url\":\"https:\/\/www.campinglacdecarouge.fr\/de\/reservierung\/\",\"name\":\"Reservierung - Camping du Lac de Carouge\",\"isPartOf\":{\"@id\":\"https:\/\/www.campinglacdecarouge.fr\/de\/#website\"},\"datePublished\":\"2025-02-03T15:54:34+00:00\",\"dateModified\":\"2025-12-10T10:21:35+00:00\",\"description\":\"Genie\u00dfen Sie einen wundersch\u00f6nen Campingurlaub in Savoyen. Buchen Sie jetzt Ihren idealen Stellplatz.\",\"breadcrumb\":{\"@id\":\"https:\/\/www.campinglacdecarouge.fr\/de\/reservierung\/#breadcrumb\"},\"inLanguage\":\"de\",\"potentialAction\":[{\"@type\":\"ReadAction\",\"target\":[\"https:\/\/www.campinglacdecarouge.fr\/de\/reservierung\/\"]}]},{\"@type\":\"BreadcrumbList\",\"@id\":\"https:\/\/www.campinglacdecarouge.fr\/de\/reservierung\/#breadcrumb\",\"itemListElement\":[{\"@type\":\"ListItem\",\"position\":1,\"name\":\"Accueil\",\"item\":\"https:\/\/www.campinglacdecarouge.fr\/de\/startseite-2\/\"},{\"@type\":\"ListItem\",\"position\":2,\"name\":\"Reservierung\"}]},{\"@type\":\"WebSite\",\"@id\":\"https:\/\/www.campinglacdecarouge.fr\/de\/#website\",\"url\":\"https:\/\/www.campinglacdecarouge.fr\/de\/\",\"name\":\"Camping du Lac de Carouge\",\"description\":\"Webseite des Camping du Lac de Carouge in Savoyen\",\"publisher\":{\"@id\":\"https:\/\/www.campinglacdecarouge.fr\/de\/#organization\"},\"potentialAction\":[{\"@type\":\"SearchAction\",\"target\":{\"@type\":\"EntryPoint\",\"urlTemplate\":\"https:\/\/www.campinglacdecarouge.fr\/de\/?s={search_term_string}\"},\"query-input\":{\"@type\":\"PropertyValueSpecification\",\"valueRequired\":true,\"valueName\":\"search_term_string\"}}],\"inLanguage\":\"de\"},{\"@type\":\"Organization\",\"@id\":\"https:\/\/www.campinglacdecarouge.fr\/de\/#organization\",\"name\":\"Camping du Lac de Carouge\",\"url\":\"https:\/\/www.campinglacdecarouge.fr\/de\/\",\"logo\":{\"@type\":\"ImageObject\",\"inLanguage\":\"de\",\"@id\":\"https:\/\/www.campinglacdecarouge.fr\/de\/#\/schema\/logo\/image\/\",\"url\":\"https:\/\/www.campinglacdecarouge.fr\/wp-content\/uploads\/2024\/07\/logo-1.png\",\"contentUrl\":\"https:\/\/www.campinglacdecarouge.fr\/wp-content\/uploads\/2024\/07\/logo-1.png\",\"width\":530,\"height\":270,\"caption\":\"Camping du Lac de Carouge\"},\"image\":{\"@id\":\"https:\/\/www.campinglacdecarouge.fr\/de\/#\/schema\/logo\/image\/\"},\"sameAs\":[\"https:\/\/www.facebook.com\/pagelacdecarouge\/\",\"https:\/\/x.com\/lacdecarouge\",\"https:\/\/www.instagram.com\/lacdecarouge\/\"],\"legalName\":\"SAS SELYV\",\"foundingDate\":\"2009-01-01\",\"numberOfEmployees\":{\"@type\":\"QuantitativeValue\",\"minValue\":\"1\",\"maxValue\":\"10\"},\"publishingPrinciples\":\"https:\/\/www.campinglacdecarouge.fr\/principes-editoriaux\/\",\"correctionsPolicy\":\"https:\/\/www.campinglacdecarouge.fr\/politique-de-correction-editoriale-camping-du-lac-de-carouge\/\",\"ethicsPolicy\":\"https:\/\/www.campinglacdecarouge.fr\/standards-de-comportement-camping-du-lac-de-carouge\/\",\"diversityPolicy\":\"https:\/\/www.campinglacdecarouge.fr\/politique-de-diversite-pour-le-contenu-editorial\/\"}]}<\/script>\n<!-- \/ Yoast SEO Premium plugin. -->","yoast_head_json":{"title":"Reservierung - Camping du Lac de Carouge","description":"Genie\u00dfen Sie einen wundersch\u00f6nen Campingurlaub in Savoyen. Buchen Sie jetzt Ihren idealen Stellplatz.","robots":{"index":"index","follow":"follow","max-snippet":"max-snippet:-1","max-image-preview":"max-image-preview:large","max-video-preview":"max-video-preview:-1"},"canonical":"https:\/\/www.campinglacdecarouge.fr\/de\/reservierung\/","og_locale":"de_DE","og_type":"article","og_title":"Reservierung","og_description":"Genie\u00dfen Sie einen wundersch\u00f6nen Campingurlaub in Savoyen. Buchen Sie jetzt Ihren idealen Stellplatz.","og_url":"https:\/\/www.campinglacdecarouge.fr\/de\/reservierung\/","og_site_name":"Camping du Lac de Carouge","article_publisher":"https:\/\/www.facebook.com\/pagelacdecarouge\/","article_modified_time":"2025-12-10T10:21:35+00:00","og_image":[{"width":2560,"height":1442,"url":"https:\/\/www.campinglacdecarouge.fr\/wp-content\/uploads\/2024\/11\/20240624_105940-scaled.jpg","type":"image\/jpeg"}],"twitter_card":"summary_large_image","twitter_site":"@lacdecarouge","twitter_misc":{"Gesch\u00e4tzte Lesezeit":"1\u00a0Minute"},"schema":{"@context":"https:\/\/schema.org","@graph":[{"@type":"WebPage","@id":"https:\/\/www.campinglacdecarouge.fr\/de\/reservierung\/","url":"https:\/\/www.campinglacdecarouge.fr\/de\/reservierung\/","name":"Reservierung - Camping du Lac de Carouge","isPartOf":{"@id":"https:\/\/www.campinglacdecarouge.fr\/de\/#website"},"datePublished":"2025-02-03T15:54:34+00:00","dateModified":"2025-12-10T10:21:35+00:00","description":"Genie\u00dfen Sie einen wundersch\u00f6nen Campingurlaub in Savoyen. Buchen Sie jetzt Ihren idealen Stellplatz.","breadcrumb":{"@id":"https:\/\/www.campinglacdecarouge.fr\/de\/reservierung\/#breadcrumb"},"inLanguage":"de","potentialAction":[{"@type":"ReadAction","target":["https:\/\/www.campinglacdecarouge.fr\/de\/reservierung\/"]}]},{"@type":"BreadcrumbList","@id":"https:\/\/www.campinglacdecarouge.fr\/de\/reservierung\/#breadcrumb","itemListElement":[{"@type":"ListItem","position":1,"name":"Accueil","item":"https:\/\/www.campinglacdecarouge.fr\/de\/startseite-2\/"},{"@type":"ListItem","position":2,"name":"Reservierung"}]},{"@type":"WebSite","@id":"https:\/\/www.campinglacdecarouge.fr\/de\/#website","url":"https:\/\/www.campinglacdecarouge.fr\/de\/","name":"Camping du Lac de Carouge","description":"Webseite des Camping du Lac de Carouge in Savoyen","publisher":{"@id":"https:\/\/www.campinglacdecarouge.fr\/de\/#organization"},"potentialAction":[{"@type":"SearchAction","target":{"@type":"EntryPoint","urlTemplate":"https:\/\/www.campinglacdecarouge.fr\/de\/?s={search_term_string}"},"query-input":{"@type":"PropertyValueSpecification","valueRequired":true,"valueName":"search_term_string"}}],"inLanguage":"de"},{"@type":"Organization","@id":"https:\/\/www.campinglacdecarouge.fr\/de\/#organization","name":"Camping du Lac de Carouge","url":"https:\/\/www.campinglacdecarouge.fr\/de\/","logo":{"@type":"ImageObject","inLanguage":"de","@id":"https:\/\/www.campinglacdecarouge.fr\/de\/#\/schema\/logo\/image\/","url":"https:\/\/www.campinglacdecarouge.fr\/wp-content\/uploads\/2024\/07\/logo-1.png","contentUrl":"https:\/\/www.campinglacdecarouge.fr\/wp-content\/uploads\/2024\/07\/logo-1.png","width":530,"height":270,"caption":"Camping du Lac de Carouge"},"image":{"@id":"https:\/\/www.campinglacdecarouge.fr\/de\/#\/schema\/logo\/image\/"},"sameAs":["https:\/\/www.facebook.com\/pagelacdecarouge\/","https:\/\/x.com\/lacdecarouge","https:\/\/www.instagram.com\/lacdecarouge\/"],"legalName":"SAS SELYV","foundingDate":"2009-01-01","numberOfEmployees":{"@type":"QuantitativeValue","minValue":"1","maxValue":"10"},"publishingPrinciples":"https:\/\/www.campinglacdecarouge.fr\/principes-editoriaux\/","correctionsPolicy":"https:\/\/www.campinglacdecarouge.fr\/politique-de-correction-editoriale-camping-du-lac-de-carouge\/","ethicsPolicy":"https:\/\/www.campinglacdecarouge.fr\/standards-de-comportement-camping-du-lac-de-carouge\/","diversityPolicy":"https:\/\/www.campinglacdecarouge.fr\/politique-de-diversite-pour-le-contenu-editorial\/"}]}},"_links":{"self":[{"href":"https:\/\/www.campinglacdecarouge.fr\/de\/wp-json\/wp\/v2\/pages\/48220","targetHints":{"allow":["GET"]}}],"collection":[{"href":"https:\/\/www.campinglacdecarouge.fr\/de\/wp-json\/wp\/v2\/pages"}],"about":[{"href":"https:\/\/www.campinglacdecarouge.fr\/de\/wp-json\/wp\/v2\/types\/page"}],"author":[{"embeddable":true,"href":"https:\/\/www.campinglacdecarouge.fr\/de\/wp-json\/wp\/v2\/users\/1"}],"replies":[{"embeddable":true,"href":"https:\/\/www.campinglacdecarouge.fr\/de\/wp-json\/wp\/v2\/comments?post=48220"}],"version-history":[{"count":5,"href":"https:\/\/www.campinglacdecarouge.fr\/de\/wp-json\/wp\/v2\/pages\/48220\/revisions"}],"predecessor-version":[{"id":55118,"href":"https:\/\/www.campinglacdecarouge.fr\/de\/wp-json\/wp\/v2\/pages\/48220\/revisions\/55118"}],"wp:attachment":[{"href":"https:\/\/www.campinglacdecarouge.fr\/de\/wp-json\/wp\/v2\/media?parent=48220"}],"curies":[{"name":"wp","href":"https:\/\/api.w.org\/{rel}","templated":true}]}}