{"id":11772,"date":"2024-11-25T15:31:23","date_gmt":"2024-11-25T14:31:23","guid":{"rendered":"https:\/\/www.campinglacdecarouge.fr\/le-camping-du-lac-de-carouge\/aktiviteter-og-fritid\/ridning\/"},"modified":"2024-12-02T22:46:43","modified_gmt":"2024-12-02T21:46:43","slug":"ridning","status":"publish","type":"page","link":"https:\/\/www.campinglacdecarouge.fr\/da\/campingpladsen\/aktiviteter-og-fritid\/ridning\/","title":{"rendered":"Ridning"},"content":{"rendered":"\t\t<div data-elementor-type=\"wp-page\" data-elementor-id=\"11772\" class=\"elementor elementor-11772 elementor-10080\" data-elementor-post-type=\"page\">\n\t\t\t\t<div class=\"elementor-element elementor-element-3f2f49a5 e-flex e-con-boxed elementor-invisible e-con e-parent\" data-id=\"3f2f49a5\" data-element_type=\"container\" data-e-type=\"container\" data-settings=\"{&quot;shape_divider_bottom&quot;:&quot;wave-brush&quot;,&quot;background_background&quot;:&quot;classic&quot;,&quot;animation&quot;:&quot;fadeIn&quot;}\">\n\t\t\t\t\t<div class=\"e-con-inner\">\n\t\t\t\t<div class=\"elementor-shape elementor-shape-bottom\" aria-hidden=\"true\" data-negative=\"false\">\n\t\t\t<svg xmlns=\"http:\/\/www.w3.org\/2000\/svg\" viewBox=\"0 0 283.5 27.8\" preserveAspectRatio=\"none\">\n\t<path class=\"elementor-shape-fill\" d=\"M283.5,9.7c0,0-7.3,4.3-14,4.6c-6.8,0.3-12.6,0-20.9-1.5c-11.3-2-33.1-10.1-44.7-5.7\ts-12.1,4.6-18,7.4c-6.6,3.2-20,9.6-36.6,9.3C131.6,23.5,99.5,7.2,86.3,8c-1.4,0.1-6.6,0.8-10.5,2c-3.8,1.2-9.4,3.8-17,4.7\tc-3.2,0.4-8.3,1.1-14.2,0.9c-1.5-0.1-6.3-0.4-12-1.6c-5.7-1.2-11-3.1-15.8-3.7C6.5,9.2,0,10.8,0,10.8V0h283.5V9.7z M260.8,11.3\tc-0.7-1-2-0.4-4.3-0.4c-2.3,0-6.1-1.2-5.8-1.1c0.3,0.1,3.1,1.5,6,1.9C259.7,12.2,261.4,12.3,260.8,11.3z M242.4,8.6\tc0,0-2.4-0.2-5.6-0.9c-3.2-0.8-10.3-2.8-15.1-3.5c-8.2-1.1-15.8,0-15.1,0.1c0.8,0.1,9.6-0.6,17.6,1.1c3.3,0.7,9.3,2.2,12.4,2.7\tC239.9,8.7,242.4,8.6,242.4,8.6z M185.2,8.5c1.7-0.7-13.3,4.7-18.5,6.1c-2.1,0.6-6.2,1.6-10,2c-3.9,0.4-8.9,0.4-8.8,0.5\tc0,0.2,5.8,0.8,11.2,0c5.4-0.8,5.2-1.1,7.6-1.6C170.5,14.7,183.5,9.2,185.2,8.5z M199.1,6.9c0.2,0-0.8-0.4-4.8,1.1\tc-4,1.5-6.7,3.5-6.9,3.7c-0.2,0.1,3.5-1.8,6.6-3C197,7.5,199,6.9,199.1,6.9z M283,6c-0.1,0.1-1.9,1.1-4.8,2.5s-6.9,2.8-6.7,2.7\tc0.2,0,3.5-0.6,7.4-2.5C282.8,6.8,283.1,5.9,283,6z M31.3,11.6c0.1-0.2-1.9-0.2-4.5-1.2s-5.4-1.6-7.8-2C15,7.6,7.3,8.5,7.7,8.6\tC8,8.7,15.9,8.3,20.2,9.3c2.2,0.5,2.4,0.5,5.7,1.6S31.2,11.9,31.3,11.6z M73,9.2c0.4-0.1,3.5-1.6,8.4-2.6c4.9-1.1,8.9-0.5,8.9-0.8\tc0-0.3-1-0.9-6.2-0.3S72.6,9.3,73,9.2z M71.6,6.7C71.8,6.8,75,5.4,77.3,5c2.3-0.3,1.9-0.5,1.9-0.6c0-0.1-1.1-0.2-2.7,0.2\tC74.8,5.1,71.4,6.6,71.6,6.7z M93.6,4.4c0.1,0.2,3.5,0.8,5.6,1.8c2.1,1,1.8,0.6,1.9,0.5c0.1-0.1-0.8-0.8-2.4-1.3\tC97.1,4.8,93.5,4.2,93.6,4.4z M65.4,11.1c-0.1,0.3,0.3,0.5,1.9-0.2s2.6-1.3,2.2-1.2s-0.9,0.4-2.5,0.8C65.3,10.9,65.5,10.8,65.4,11.1\tz M34.5,12.4c-0.2,0,2.1,0.8,3.3,0.9c1.2,0.1,2,0.1,2-0.2c0-0.3-0.1-0.5-1.6-0.4C36.6,12.8,34.7,12.4,34.5,12.4z M152.2,21.1\tc-0.1,0.1-2.4-0.3-7.5-0.3c-5,0-13.6-2.4-17.2-3.5c-3.6-1.1,10,3.9,16.5,4.1C150.5,21.6,152.3,21,152.2,21.1z\"\/>\n\t<path class=\"elementor-shape-fill\" d=\"M269.6,18c-0.1-0.1-4.6,0.3-7.2,0c-7.3-0.7-17-3.2-16.6-2.9c0.4,0.3,13.7,3.1,17,3.3\tC267.7,18.8,269.7,18,269.6,18z\"\/>\n\t<path class=\"elementor-shape-fill\" d=\"M227.4,9.8c-0.2-0.1-4.5-1-9.5-1.2c-5-0.2-12.7,0.6-12.3,0.5c0.3-0.1,5.9-1.8,13.3-1.2\tS227.6,9.9,227.4,9.8z\"\/>\n\t<path class=\"elementor-shape-fill\" d=\"M204.5,13.4c-0.1-0.1,2-1,3.2-1.1c1.2-0.1,2,0,2,0.3c0,0.3-0.1,0.5-1.6,0.4\tC206.4,12.9,204.6,13.5,204.5,13.4z\"\/>\n\t<path class=\"elementor-shape-fill\" d=\"M201,10.6c0-0.1-4.4,1.2-6.3,2.2c-1.9,0.9-6.2,3.1-6.1,3.1c0.1,0.1,4.2-1.6,6.3-2.6\tS201,10.7,201,10.6z\"\/>\n\t<path class=\"elementor-shape-fill\" d=\"M154.5,26.7c-0.1-0.1-4.6,0.3-7.2,0c-7.3-0.7-17-3.2-16.6-2.9c0.4,0.3,13.7,3.1,17,3.3\tC152.6,27.5,154.6,26.8,154.5,26.7z\"\/>\n\t<path class=\"elementor-shape-fill\" d=\"M41.9,19.3c0,0,1.2-0.3,2.9-0.1c1.7,0.2,5.8,0.9,8.2,0.7c4.2-0.4,7.4-2.7,7-2.6\tc-0.4,0-4.3,2.2-8.6,1.9c-1.8-0.1-5.1-0.5-6.7-0.4S41.9,19.3,41.9,19.3z\"\/>\n\t<path class=\"elementor-shape-fill\" d=\"M75.5,12.6c0.2,0.1,2-0.8,4.3-1.1c2.3-0.2,2.1-0.3,2.1-0.5c0-0.1-1.8-0.4-3.4,0\tC76.9,11.5,75.3,12.5,75.5,12.6z\"\/>\n\t<path class=\"elementor-shape-fill\" d=\"M15.6,13.2c0-0.1,4.3,0,6.7,0.5c2.4,0.5,5,1.9,5,2c0,0.1-2.7-0.8-5.1-1.4\tC19.9,13.7,15.7,13.3,15.6,13.2z\"\/>\n<\/svg>\t\t<\/div>\n\t\t<div class=\"elementor-element elementor-element-6d66d8db e-con-full e-flex elementor-invisible e-con e-child\" data-id=\"6d66d8db\" data-element_type=\"container\" data-e-type=\"container\" data-settings=\"{&quot;animation&quot;:&quot;slideInLeft&quot;,&quot;animation_delay&quot;:800}\">\n\t\t<div class=\"elementor-element elementor-element-47263146 e-con-full skew-container-light e-flex elementor-invisible e-con e-child\" data-id=\"47263146\" data-element_type=\"container\" data-e-type=\"container\" data-settings=\"{&quot;background_background&quot;:&quot;classic&quot;,&quot;animation&quot;:&quot;fadeIn&quot;,&quot;animation_delay&quot;:800}\">\n\t\t\t\t<div class=\"elementor-element elementor-element-2a3e452c elementor-widget elementor-widget-heading\" data-id=\"2a3e452c\" data-element_type=\"widget\" data-e-type=\"widget\" data-settings=\"{&quot;_animation&quot;:&quot;none&quot;,&quot;_animation_delay&quot;:100}\" data-widget_type=\"heading.default\">\n\t\t\t\t<div class=\"elementor-widget-container\">\n\t\t\t\t\t<h1 class=\"elementor-heading-title elementor-size-default\">Ridning<\/h1>\t\t\t\t<\/div>\n\t\t\t\t<\/div>\n\t\t\t\t<div class=\"elementor-element elementor-element-1d777663 elementor-widget elementor-widget-text-editor\" data-id=\"1d777663\" data-element_type=\"widget\" data-e-type=\"widget\" data-settings=\"{&quot;_animation&quot;:&quot;none&quot;,&quot;_animation_delay&quot;:500}\" data-widget_type=\"text-editor.default\">\n\t\t\t\t<div class=\"elementor-widget-container\">\n\t\t\t\t\t\t\t\t\t<p>Du vil helt sikkert f\u00e5 det sjovt p\u00e5 campingpladsen Lac de Carouge i Alperne. Vores campingplads er en del af Saint-Pierre d&#8217;Albigny fritidspark. Dette fritidsomr\u00e5de er smukt beliggende i det naturlige milj\u00f8 i Savoie, mellem Bauges, Belledonne-massivet og Chartreuse.  <\/p>\n\t\t\t\t\t\t\t\t<\/div>\n\t\t\t\t<\/div>\n\t\t\t\t<\/div>\n\t\t<div class=\"elementor-element elementor-element-4166f575 e-con-full elementor-hidden-tablet elementor-hidden-mobile e-flex e-con e-child\" data-id=\"4166f575\" data-element_type=\"container\" data-e-type=\"container\">\n\t\t\t\t<\/div>\n\t\t\t\t<\/div>\n\t\t\t\t\t<\/div>\n\t\t\t\t<\/div>\n\t\t<div class=\"elementor-element elementor-element-26240a1d e-flex e-con-boxed e-con e-parent\" data-id=\"26240a1d\" data-element_type=\"container\" data-e-type=\"container\">\n\t\t\t\t\t<div class=\"e-con-inner\">\n\t\t\t\t<div class=\"elementor-element elementor-element-6aa7bd6 elementor-widget elementor-widget-heading\" data-id=\"6aa7bd6\" data-element_type=\"widget\" data-e-type=\"widget\" data-widget_type=\"heading.default\">\n\t\t\t\t<div class=\"elementor-widget-container\">\n\t\t\t\t\t<h2 class=\"elementor-heading-title elementor-size-default\">Oplev gl\u00e6den ved at ride p\u00e5 Camping de Savoie du Lac de Carouge!<\/h2>\t\t\t\t<\/div>\n\t\t\t\t<\/div>\n\t\t\t\t<div class=\"elementor-element elementor-element-5e930ba4 elementor-widget elementor-widget-text-editor\" data-id=\"5e930ba4\" data-element_type=\"widget\" data-e-type=\"widget\" data-widget_type=\"text-editor.default\">\n\t\t\t\t<div class=\"elementor-widget-container\">\n\t\t\t\t\t\t\t\t\t<p>Denne placering giver dig et bredt udvalg af aktiviteter. Efter at have taget en dukkert i Carouges\u00f8en, g\u00e5et en dejlig tur og nydt udsigten over Arclusaz, hvorfor s\u00e5 ikke udforske vores enest\u00e5ende landskaber p\u00e5 hesteryg og bestige de mange stier, der f\u00f8rer til enest\u00e5ende landskaber med panoramaudsigt s\u00e5 langt \u00f8jet r\u00e6kker&#8230; Er du fristet? S\u00e5 f\u00f8lg os!   <\/p>\n\t\t\t\t\t\t\t\t<\/div>\n\t\t\t\t<\/div>\n\t\t\t\t<div class=\"elementor-element elementor-element-4990761c elementor-widget elementor-widget-spacer\" data-id=\"4990761c\" data-element_type=\"widget\" data-e-type=\"widget\" data-widget_type=\"spacer.default\">\n\t\t\t\t<div class=\"elementor-widget-container\">\n\t\t\t\t\t\t\t<div class=\"elementor-spacer\">\n\t\t\t<div class=\"elementor-spacer-inner\"><\/div>\n\t\t<\/div>\n\t\t\t\t\t\t<\/div>\n\t\t\t\t<\/div>\n\t\t\t\t<div class=\"elementor-element elementor-element-2a644a64 elementor-widget elementor-widget-heading\" data-id=\"2a644a64\" data-element_type=\"widget\" data-e-type=\"widget\" data-widget_type=\"heading.default\">\n\t\t\t\t<div class=\"elementor-widget-container\">\n\t\t\t\t\t<h2 class=\"elementor-heading-title elementor-size-default\">Hvad indeb\u00e6rer ridning helt pr\u00e6cist?<\/h2>\t\t\t\t<\/div>\n\t\t\t\t<\/div>\n\t\t\t\t<div class=\"elementor-element elementor-element-22151649 elementor-widget elementor-widget-text-editor\" data-id=\"22151649\" data-element_type=\"widget\" data-e-type=\"widget\" data-widget_type=\"text-editor.default\">\n\t\t\t\t<div class=\"elementor-widget-container\">\n\t\t\t\t\t\t\t\t\t<p>Uanset hvad du g\u00f8r, vil du altid kunne finde noget at g\u00f8re for at nyde din tid i disse smukke omgivelser. Selv om du og din familie vil nyde den brede vifte af aktiviteter, der tilbydes, er ridning en s\u00e6rlig forn\u00f8jelig oplevelse. Du f\u00e5r mulighed for at nyde en fantastisk og afslappende aktivitet, og du vil skabe minder med din stamme, som vil vare hele livet. Ridning er en fantastisk oplevelse i bjergene p\u00e5 grund af det rene samspil med naturen. N\u00e5r du kan nyde den smukke natur og den friske luft udend\u00f8rs, mens du rider, vil du og din familie opleve en fantastisk tur. Det er en s\u00e6rlig f\u00f8lelse af frihed, som du kun kan opleve ved at ride. Du har kontrol over en fantastisk hest, s\u00e5 du kan g\u00e5, hvorhen du vil. Desuden f\u00f8ler du dig s\u00e5 fri til at ride, at du et \u00f8jeblik kan frig\u00f8re dig fra alle f\u00f8lelsesm\u00e6ssige eller fysiske begr\u00e6nsninger. Kan du forestille dig selv p\u00e5 hesteryg, ridende i bjergene med din familie, omgivet af en smuk udsigt over de omkringliggende bjerge? S\u00e5 er denne aktivitet helt sikkert noget for dig.         <\/p>\n\t\t\t\t\t\t\t\t<\/div>\n\t\t\t\t<\/div>\n\t\t\t\t<div class=\"elementor-element elementor-element-670c95ff elementor-widget elementor-widget-spacer\" data-id=\"670c95ff\" data-element_type=\"widget\" data-e-type=\"widget\" data-widget_type=\"spacer.default\">\n\t\t\t\t<div class=\"elementor-widget-container\">\n\t\t\t\t\t\t\t<div class=\"elementor-spacer\">\n\t\t\t<div class=\"elementor-spacer-inner\"><\/div>\n\t\t<\/div>\n\t\t\t\t\t\t<\/div>\n\t\t\t\t<\/div>\n\t\t\t\t<div class=\"elementor-element elementor-element-7c907930 elementor-widget elementor-widget-heading\" data-id=\"7c907930\" data-element_type=\"widget\" data-e-type=\"widget\" data-widget_type=\"heading.default\">\n\t\t\t\t<div class=\"elementor-widget-container\">\n\t\t\t\t\t<h2 class=\"elementor-heading-title elementor-size-default\">Andre aktiviteter p\u00e5 campingpladsen.<\/h2>\t\t\t\t<\/div>\n\t\t\t\t<\/div>\n\t\t\t\t<div class=\"elementor-element elementor-element-78bd4d18 elementor-widget elementor-widget-text-editor\" data-id=\"78bd4d18\" data-element_type=\"widget\" data-e-type=\"widget\" data-widget_type=\"text-editor.default\">\n\t\t\t\t<div class=\"elementor-widget-container\">\n\t\t\t\t\t\t\t\t\t<div id=\"body_content\">\n<section id=\"content\">\n<article>\n<div>\n<p>Der er masser at lave p\u00e5 Camping Alpes du Lac de Carouge, s\u00e5 du kommer ikke til at kede dig. Campingpladsen har flere sportsbaner, hvor du kan spille fodbold, basketball eller volleyball. Der er ogs\u00e5 et fantastisk legeomr\u00e5de for b\u00f8rn. Der er ikke kun et stort legeomr\u00e5de, men b\u00f8rnene kan ogs\u00e5 g\u00e5 i miniklubben og bruge underholdningsprogrammet. Der er aktiviteter for b\u00f8rn i alderen 4 til 12 \u00e5r, men for b\u00f8rn i alderen 6 til 15 \u00e5r er der ogs\u00e5 en r\u00e6kke sjove spil. T\u00e6nk p\u00e5 Stratego, udfordrende turneringer og skattejagter. Der er ogs\u00e5 et mini-disco p\u00e5 terrassen. Dette minidisco er ikke kun for sm\u00e5b\u00f8rn, men ogs\u00e5 for teenagere og unge mennesker. Der er ogs\u00e5 masser at lave for voksne. Man kan f.eks. bruge den kommunale swimmingpool i Montm\u00e9lian, deltage i en sportsturnering, bruge sportsbanerne, tage p\u00e5 rafting, via ferrata, canyoning, paragliding og ridning. Der er flere sportsgrene, du kan dyrke, f.eks. basketball, volleyball, petanque og bordtennis.          <\/p>\n<\/div>\n<\/article>\n<\/section>\n<\/div>\n<footer>\n<div id=\"footer_table\" class=\"clearfix\">\n<div class=\"gauche\">\n<div>\n<div class=\"infos_contact\"> <\/div>\n<\/div>\n<\/div>\n<\/div>\n<\/footer>\n\t\t\t\t\t\t\t\t<\/div>\n\t\t\t\t<\/div>\n\t\t\t\t\t<\/div>\n\t\t\t\t<\/div>\n\t\t\t\t<\/div>\n\t\t","protected":false},"excerpt":{"rendered":"<p>Du vil helt sikkert f\u00e5 det sjovt p\u00e5 campingpladsen Lac de Carouge i Alperne. Vores campingplads er en del af Saint-Pierre d&#8217;Albigny fritidspark. Dette fritidsomr\u00e5de er smukt beliggende i det naturlige milj\u00f8 i Savoie, mellem Bauges, Belledonne-massivet og Chartreuse. Oplev gl\u00e6den ved at ride p\u00e5 Camping de Savoie du Lac de Carouge! Denne placering giver [&hellip;]<\/p>\n","protected":false},"author":1,"featured_media":0,"parent":9047,"menu_order":0,"comment_status":"closed","ping_status":"closed","template":"elementor_header_footer","meta":{"footnotes":""},"class_list":["post-11772","page","type-page","status-publish","hentry"],"blocksy_meta":[],"yoast_head":"<!-- This site is optimized with the Yoast SEO Premium plugin v27.2 (Yoast SEO v27.2) - https:\/\/yoast.com\/product\/yoast-seo-premium-wordpress\/ -->\n<title>Ridning - Camping du Lac de Carouge<\/title>\n<meta name=\"description\" content=\"Oplev magien ved ryttercamping i Savoie. Nyd regionens enest\u00e5ende landskaber p\u00e5 hesteryg.\" \/>\n<meta name=\"robots\" content=\"index, follow, max-snippet:-1, max-image-preview:large, max-video-preview:-1\" \/>\n<link rel=\"canonical\" href=\"https:\/\/www.campinglacdecarouge.fr\/da\/campingpladsen\/aktiviteter-og-fritid\/ridning\/\" \/>\n<meta property=\"og:locale\" content=\"da_DK\" \/>\n<meta property=\"og:type\" content=\"article\" \/>\n<meta property=\"og:title\" content=\"Ridning\" \/>\n<meta property=\"og:description\" content=\"Oplev magien ved ryttercamping i Savoie. Nyd regionens enest\u00e5ende landskaber p\u00e5 hesteryg.\" \/>\n<meta property=\"og:url\" content=\"https:\/\/www.campinglacdecarouge.fr\/da\/campingpladsen\/aktiviteter-og-fritid\/ridning\/\" \/>\n<meta property=\"og:site_name\" content=\"Camping du Lac de Carouge\" \/>\n<meta property=\"article:publisher\" content=\"https:\/\/www.facebook.com\/pagelacdecarouge\/\" \/>\n<meta property=\"article:modified_time\" content=\"2024-12-02T21:46:43+00:00\" \/>\n<meta property=\"og:image\" content=\"https:\/\/www.campinglacdecarouge.fr\/wp-content\/uploads\/2024\/11\/20240624_105940-scaled.jpg\" \/>\n\t<meta property=\"og:image:width\" content=\"2560\" \/>\n\t<meta property=\"og:image:height\" content=\"1442\" \/>\n\t<meta property=\"og:image:type\" content=\"image\/jpeg\" \/>\n<meta name=\"twitter:card\" content=\"summary_large_image\" \/>\n<meta name=\"twitter:site\" content=\"@lacdecarouge\" \/>\n<meta name=\"twitter:label1\" content=\"Estimeret l\u00e6setid\" \/>\n\t<meta name=\"twitter:data1\" content=\"2 minutter\" \/>\n<script type=\"application\/ld+json\" class=\"yoast-schema-graph\">{\"@context\":\"https:\/\/schema.org\",\"@graph\":[{\"@type\":\"WebPage\",\"@id\":\"https:\/\/www.campinglacdecarouge.fr\/da\/campingpladsen\/aktiviteter-og-fritid\/ridning\/\",\"url\":\"https:\/\/www.campinglacdecarouge.fr\/da\/campingpladsen\/aktiviteter-og-fritid\/ridning\/\",\"name\":\"Ridning - Camping du Lac de Carouge\",\"isPartOf\":{\"@id\":\"https:\/\/www.campinglacdecarouge.fr\/da\/#website\"},\"datePublished\":\"2024-11-25T14:31:23+00:00\",\"dateModified\":\"2024-12-02T21:46:43+00:00\",\"description\":\"Oplev magien ved ryttercamping i Savoie. Nyd regionens enest\u00e5ende landskaber p\u00e5 hesteryg.\",\"breadcrumb\":{\"@id\":\"https:\/\/www.campinglacdecarouge.fr\/da\/campingpladsen\/aktiviteter-og-fritid\/ridning\/#breadcrumb\"},\"inLanguage\":\"da-DK\",\"potentialAction\":[{\"@type\":\"ReadAction\",\"target\":[\"https:\/\/www.campinglacdecarouge.fr\/da\/campingpladsen\/aktiviteter-og-fritid\/ridning\/\"]}]},{\"@type\":\"BreadcrumbList\",\"@id\":\"https:\/\/www.campinglacdecarouge.fr\/da\/campingpladsen\/aktiviteter-og-fritid\/ridning\/#breadcrumb\",\"itemListElement\":[{\"@type\":\"ListItem\",\"position\":1,\"name\":\"Accueil\",\"item\":\"https:\/\/www.campinglacdecarouge.fr\/da\/startside-2\/\"},{\"@type\":\"ListItem\",\"position\":2,\"name\":\"Le Camping du Lac de Carouge\",\"item\":\"https:\/\/www.campinglacdecarouge.fr\/da\/le-camping\/\"},{\"@type\":\"ListItem\",\"position\":3,\"name\":\"Aktiviteter og fritid\",\"item\":\"https:\/\/www.campinglacdecarouge.fr\/da\/campingpladsen\/aktiviteter-og-fritid\/\"},{\"@type\":\"ListItem\",\"position\":4,\"name\":\"Ridning\"}]},{\"@type\":\"WebSite\",\"@id\":\"https:\/\/www.campinglacdecarouge.fr\/da\/#website\",\"url\":\"https:\/\/www.campinglacdecarouge.fr\/da\/\",\"name\":\"Camping du Lac de Carouge\",\"description\":\"Hjemmeside for campingpladsen Lac de Carouge i Savoie\",\"publisher\":{\"@id\":\"https:\/\/www.campinglacdecarouge.fr\/da\/#organization\"},\"potentialAction\":[{\"@type\":\"SearchAction\",\"target\":{\"@type\":\"EntryPoint\",\"urlTemplate\":\"https:\/\/www.campinglacdecarouge.fr\/da\/?s={search_term_string}\"},\"query-input\":{\"@type\":\"PropertyValueSpecification\",\"valueRequired\":true,\"valueName\":\"search_term_string\"}}],\"inLanguage\":\"da-DK\"},{\"@type\":\"Organization\",\"@id\":\"https:\/\/www.campinglacdecarouge.fr\/da\/#organization\",\"name\":\"Camping du Lac de Carouge\",\"url\":\"https:\/\/www.campinglacdecarouge.fr\/da\/\",\"logo\":{\"@type\":\"ImageObject\",\"inLanguage\":\"da-DK\",\"@id\":\"https:\/\/www.campinglacdecarouge.fr\/da\/#\/schema\/logo\/image\/\",\"url\":\"https:\/\/www.campinglacdecarouge.fr\/wp-content\/uploads\/2024\/07\/logo-1.png\",\"contentUrl\":\"https:\/\/www.campinglacdecarouge.fr\/wp-content\/uploads\/2024\/07\/logo-1.png\",\"width\":530,\"height\":270,\"caption\":\"Camping du Lac de Carouge\"},\"image\":{\"@id\":\"https:\/\/www.campinglacdecarouge.fr\/da\/#\/schema\/logo\/image\/\"},\"sameAs\":[\"https:\/\/www.facebook.com\/pagelacdecarouge\/\",\"https:\/\/x.com\/lacdecarouge\",\"https:\/\/www.instagram.com\/lacdecarouge\/\"],\"legalName\":\"SAS SELYV\",\"foundingDate\":\"2009-01-01\",\"numberOfEmployees\":{\"@type\":\"QuantitativeValue\",\"minValue\":\"1\",\"maxValue\":\"10\"},\"publishingPrinciples\":\"https:\/\/www.campinglacdecarouge.fr\/principes-editoriaux\/\",\"correctionsPolicy\":\"https:\/\/www.campinglacdecarouge.fr\/politique-de-correction-editoriale-camping-du-lac-de-carouge\/\",\"ethicsPolicy\":\"https:\/\/www.campinglacdecarouge.fr\/standards-de-comportement-camping-du-lac-de-carouge\/\",\"diversityPolicy\":\"https:\/\/www.campinglacdecarouge.fr\/politique-de-diversite-pour-le-contenu-editorial\/\"}]}<\/script>\n<!-- \/ Yoast SEO Premium plugin. -->","yoast_head_json":{"title":"Ridning - Camping du Lac de Carouge","description":"Oplev magien ved ryttercamping i Savoie. Nyd regionens enest\u00e5ende landskaber p\u00e5 hesteryg.","robots":{"index":"index","follow":"follow","max-snippet":"max-snippet:-1","max-image-preview":"max-image-preview:large","max-video-preview":"max-video-preview:-1"},"canonical":"https:\/\/www.campinglacdecarouge.fr\/da\/campingpladsen\/aktiviteter-og-fritid\/ridning\/","og_locale":"da_DK","og_type":"article","og_title":"Ridning","og_description":"Oplev magien ved ryttercamping i Savoie. Nyd regionens enest\u00e5ende landskaber p\u00e5 hesteryg.","og_url":"https:\/\/www.campinglacdecarouge.fr\/da\/campingpladsen\/aktiviteter-og-fritid\/ridning\/","og_site_name":"Camping du Lac de Carouge","article_publisher":"https:\/\/www.facebook.com\/pagelacdecarouge\/","article_modified_time":"2024-12-02T21:46:43+00:00","og_image":[{"width":2560,"height":1442,"url":"https:\/\/www.campinglacdecarouge.fr\/wp-content\/uploads\/2024\/11\/20240624_105940-scaled.jpg","type":"image\/jpeg"}],"twitter_card":"summary_large_image","twitter_site":"@lacdecarouge","twitter_misc":{"Estimeret l\u00e6setid":"2 minutter"},"schema":{"@context":"https:\/\/schema.org","@graph":[{"@type":"WebPage","@id":"https:\/\/www.campinglacdecarouge.fr\/da\/campingpladsen\/aktiviteter-og-fritid\/ridning\/","url":"https:\/\/www.campinglacdecarouge.fr\/da\/campingpladsen\/aktiviteter-og-fritid\/ridning\/","name":"Ridning - Camping du Lac de Carouge","isPartOf":{"@id":"https:\/\/www.campinglacdecarouge.fr\/da\/#website"},"datePublished":"2024-11-25T14:31:23+00:00","dateModified":"2024-12-02T21:46:43+00:00","description":"Oplev magien ved ryttercamping i Savoie. Nyd regionens enest\u00e5ende landskaber p\u00e5 hesteryg.","breadcrumb":{"@id":"https:\/\/www.campinglacdecarouge.fr\/da\/campingpladsen\/aktiviteter-og-fritid\/ridning\/#breadcrumb"},"inLanguage":"da-DK","potentialAction":[{"@type":"ReadAction","target":["https:\/\/www.campinglacdecarouge.fr\/da\/campingpladsen\/aktiviteter-og-fritid\/ridning\/"]}]},{"@type":"BreadcrumbList","@id":"https:\/\/www.campinglacdecarouge.fr\/da\/campingpladsen\/aktiviteter-og-fritid\/ridning\/#breadcrumb","itemListElement":[{"@type":"ListItem","position":1,"name":"Accueil","item":"https:\/\/www.campinglacdecarouge.fr\/da\/startside-2\/"},{"@type":"ListItem","position":2,"name":"Le Camping du Lac de Carouge","item":"https:\/\/www.campinglacdecarouge.fr\/da\/le-camping\/"},{"@type":"ListItem","position":3,"name":"Aktiviteter og fritid","item":"https:\/\/www.campinglacdecarouge.fr\/da\/campingpladsen\/aktiviteter-og-fritid\/"},{"@type":"ListItem","position":4,"name":"Ridning"}]},{"@type":"WebSite","@id":"https:\/\/www.campinglacdecarouge.fr\/da\/#website","url":"https:\/\/www.campinglacdecarouge.fr\/da\/","name":"Camping du Lac de Carouge","description":"Hjemmeside for campingpladsen Lac de Carouge i Savoie","publisher":{"@id":"https:\/\/www.campinglacdecarouge.fr\/da\/#organization"},"potentialAction":[{"@type":"SearchAction","target":{"@type":"EntryPoint","urlTemplate":"https:\/\/www.campinglacdecarouge.fr\/da\/?s={search_term_string}"},"query-input":{"@type":"PropertyValueSpecification","valueRequired":true,"valueName":"search_term_string"}}],"inLanguage":"da-DK"},{"@type":"Organization","@id":"https:\/\/www.campinglacdecarouge.fr\/da\/#organization","name":"Camping du Lac de Carouge","url":"https:\/\/www.campinglacdecarouge.fr\/da\/","logo":{"@type":"ImageObject","inLanguage":"da-DK","@id":"https:\/\/www.campinglacdecarouge.fr\/da\/#\/schema\/logo\/image\/","url":"https:\/\/www.campinglacdecarouge.fr\/wp-content\/uploads\/2024\/07\/logo-1.png","contentUrl":"https:\/\/www.campinglacdecarouge.fr\/wp-content\/uploads\/2024\/07\/logo-1.png","width":530,"height":270,"caption":"Camping du Lac de Carouge"},"image":{"@id":"https:\/\/www.campinglacdecarouge.fr\/da\/#\/schema\/logo\/image\/"},"sameAs":["https:\/\/www.facebook.com\/pagelacdecarouge\/","https:\/\/x.com\/lacdecarouge","https:\/\/www.instagram.com\/lacdecarouge\/"],"legalName":"SAS SELYV","foundingDate":"2009-01-01","numberOfEmployees":{"@type":"QuantitativeValue","minValue":"1","maxValue":"10"},"publishingPrinciples":"https:\/\/www.campinglacdecarouge.fr\/principes-editoriaux\/","correctionsPolicy":"https:\/\/www.campinglacdecarouge.fr\/politique-de-correction-editoriale-camping-du-lac-de-carouge\/","ethicsPolicy":"https:\/\/www.campinglacdecarouge.fr\/standards-de-comportement-camping-du-lac-de-carouge\/","diversityPolicy":"https:\/\/www.campinglacdecarouge.fr\/politique-de-diversite-pour-le-contenu-editorial\/"}]}},"_links":{"self":[{"href":"https:\/\/www.campinglacdecarouge.fr\/da\/wp-json\/wp\/v2\/pages\/11772","targetHints":{"allow":["GET"]}}],"collection":[{"href":"https:\/\/www.campinglacdecarouge.fr\/da\/wp-json\/wp\/v2\/pages"}],"about":[{"href":"https:\/\/www.campinglacdecarouge.fr\/da\/wp-json\/wp\/v2\/types\/page"}],"author":[{"embeddable":true,"href":"https:\/\/www.campinglacdecarouge.fr\/da\/wp-json\/wp\/v2\/users\/1"}],"replies":[{"embeddable":true,"href":"https:\/\/www.campinglacdecarouge.fr\/da\/wp-json\/wp\/v2\/comments?post=11772"}],"version-history":[{"count":0,"href":"https:\/\/www.campinglacdecarouge.fr\/da\/wp-json\/wp\/v2\/pages\/11772\/revisions"}],"up":[{"embeddable":true,"href":"https:\/\/www.campinglacdecarouge.fr\/da\/wp-json\/wp\/v2\/pages\/9047"}],"wp:attachment":[{"href":"https:\/\/www.campinglacdecarouge.fr\/da\/wp-json\/wp\/v2\/media?parent=11772"}],"curies":[{"name":"wp","href":"https:\/\/api.w.org\/{rel}","templated":true}]}}