{"id":10126,"date":"2024-11-25T14:57:03","date_gmt":"2024-11-25T13:57:03","guid":{"rendered":"https:\/\/www.campinglacdecarouge.fr\/le-camping-du-lac-de-carouge\/aktiviteter-og-fritid\/le-lac-de-carouge\/"},"modified":"2025-05-04T11:27:47","modified_gmt":"2025-05-04T09:27:47","slug":"le-lac-de-carouge","status":"publish","type":"page","link":"https:\/\/www.campinglacdecarouge.fr\/da\/campingpladsen\/aktiviteter-og-fritid\/le-lac-de-carouge\/","title":{"rendered":"Le Lac de Carouge"},"content":{"rendered":"\t\t<div data-elementor-type=\"wp-page\" data-elementor-id=\"10126\" class=\"elementor elementor-10126 elementor-10003\" data-elementor-post-type=\"page\">\n\t\t\t\t<div class=\"elementor-element elementor-element-158267ff e-flex e-con-boxed elementor-invisible e-con e-parent\" data-id=\"158267ff\" data-element_type=\"container\" data-e-type=\"container\" data-settings=\"{&quot;shape_divider_bottom&quot;:&quot;wave-brush&quot;,&quot;background_background&quot;:&quot;slideshow&quot;,&quot;background_slideshow_lazyload&quot;:&quot;yes&quot;,&quot;background_slideshow_ken_burns&quot;:&quot;yes&quot;,&quot;background_slideshow_ken_burns_zoom_direction&quot;:&quot;out&quot;,&quot;animation&quot;:&quot;fadeIn&quot;,&quot;background_slideshow_gallery&quot;:[{&quot;id&quot;:52820,&quot;url&quot;:&quot;https:\\\/\\\/www.campinglacdecarouge.fr\\\/wp-content\\\/uploads\\\/2025\\\/05\\\/20240624_105934-scaled.jpg&quot;},{&quot;id&quot;:52819,&quot;url&quot;:&quot;https:\\\/\\\/www.campinglacdecarouge.fr\\\/wp-content\\\/uploads\\\/2025\\\/05\\\/IMG_20130707_153654-scaled.jpg&quot;},{&quot;id&quot;:10223,&quot;url&quot;:&quot;https:\\\/\\\/www.campinglacdecarouge.fr\\\/wp-content\\\/uploads\\\/2024\\\/11\\\/20240605_100950-scaled.jpg&quot;},{&quot;id&quot;:2471,&quot;url&quot;:&quot;https:\\\/\\\/www.campinglacdecarouge.fr\\\/wp-content\\\/uploads\\\/2024\\\/09\\\/20240624_105951-scaled-1-e1732020729686.jpg&quot;}],&quot;background_slideshow_loop&quot;:&quot;yes&quot;,&quot;background_slideshow_slide_duration&quot;:5000,&quot;background_slideshow_slide_transition&quot;:&quot;fade&quot;,&quot;background_slideshow_transition_duration&quot;:500}\">\n\t\t\t\t\t<div class=\"e-con-inner\">\n\t\t\t\t<div class=\"elementor-shape elementor-shape-bottom\" aria-hidden=\"true\" data-negative=\"false\">\n\t\t\t<svg xmlns=\"http:\/\/www.w3.org\/2000\/svg\" viewBox=\"0 0 283.5 27.8\" preserveAspectRatio=\"none\">\n\t<path class=\"elementor-shape-fill\" d=\"M283.5,9.7c0,0-7.3,4.3-14,4.6c-6.8,0.3-12.6,0-20.9-1.5c-11.3-2-33.1-10.1-44.7-5.7\ts-12.1,4.6-18,7.4c-6.6,3.2-20,9.6-36.6,9.3C131.6,23.5,99.5,7.2,86.3,8c-1.4,0.1-6.6,0.8-10.5,2c-3.8,1.2-9.4,3.8-17,4.7\tc-3.2,0.4-8.3,1.1-14.2,0.9c-1.5-0.1-6.3-0.4-12-1.6c-5.7-1.2-11-3.1-15.8-3.7C6.5,9.2,0,10.8,0,10.8V0h283.5V9.7z M260.8,11.3\tc-0.7-1-2-0.4-4.3-0.4c-2.3,0-6.1-1.2-5.8-1.1c0.3,0.1,3.1,1.5,6,1.9C259.7,12.2,261.4,12.3,260.8,11.3z M242.4,8.6\tc0,0-2.4-0.2-5.6-0.9c-3.2-0.8-10.3-2.8-15.1-3.5c-8.2-1.1-15.8,0-15.1,0.1c0.8,0.1,9.6-0.6,17.6,1.1c3.3,0.7,9.3,2.2,12.4,2.7\tC239.9,8.7,242.4,8.6,242.4,8.6z M185.2,8.5c1.7-0.7-13.3,4.7-18.5,6.1c-2.1,0.6-6.2,1.6-10,2c-3.9,0.4-8.9,0.4-8.8,0.5\tc0,0.2,5.8,0.8,11.2,0c5.4-0.8,5.2-1.1,7.6-1.6C170.5,14.7,183.5,9.2,185.2,8.5z M199.1,6.9c0.2,0-0.8-0.4-4.8,1.1\tc-4,1.5-6.7,3.5-6.9,3.7c-0.2,0.1,3.5-1.8,6.6-3C197,7.5,199,6.9,199.1,6.9z M283,6c-0.1,0.1-1.9,1.1-4.8,2.5s-6.9,2.8-6.7,2.7\tc0.2,0,3.5-0.6,7.4-2.5C282.8,6.8,283.1,5.9,283,6z M31.3,11.6c0.1-0.2-1.9-0.2-4.5-1.2s-5.4-1.6-7.8-2C15,7.6,7.3,8.5,7.7,8.6\tC8,8.7,15.9,8.3,20.2,9.3c2.2,0.5,2.4,0.5,5.7,1.6S31.2,11.9,31.3,11.6z M73,9.2c0.4-0.1,3.5-1.6,8.4-2.6c4.9-1.1,8.9-0.5,8.9-0.8\tc0-0.3-1-0.9-6.2-0.3S72.6,9.3,73,9.2z M71.6,6.7C71.8,6.8,75,5.4,77.3,5c2.3-0.3,1.9-0.5,1.9-0.6c0-0.1-1.1-0.2-2.7,0.2\tC74.8,5.1,71.4,6.6,71.6,6.7z M93.6,4.4c0.1,0.2,3.5,0.8,5.6,1.8c2.1,1,1.8,0.6,1.9,0.5c0.1-0.1-0.8-0.8-2.4-1.3\tC97.1,4.8,93.5,4.2,93.6,4.4z M65.4,11.1c-0.1,0.3,0.3,0.5,1.9-0.2s2.6-1.3,2.2-1.2s-0.9,0.4-2.5,0.8C65.3,10.9,65.5,10.8,65.4,11.1\tz M34.5,12.4c-0.2,0,2.1,0.8,3.3,0.9c1.2,0.1,2,0.1,2-0.2c0-0.3-0.1-0.5-1.6-0.4C36.6,12.8,34.7,12.4,34.5,12.4z M152.2,21.1\tc-0.1,0.1-2.4-0.3-7.5-0.3c-5,0-13.6-2.4-17.2-3.5c-3.6-1.1,10,3.9,16.5,4.1C150.5,21.6,152.3,21,152.2,21.1z\"\/>\n\t<path class=\"elementor-shape-fill\" d=\"M269.6,18c-0.1-0.1-4.6,0.3-7.2,0c-7.3-0.7-17-3.2-16.6-2.9c0.4,0.3,13.7,3.1,17,3.3\tC267.7,18.8,269.7,18,269.6,18z\"\/>\n\t<path class=\"elementor-shape-fill\" d=\"M227.4,9.8c-0.2-0.1-4.5-1-9.5-1.2c-5-0.2-12.7,0.6-12.3,0.5c0.3-0.1,5.9-1.8,13.3-1.2\tS227.6,9.9,227.4,9.8z\"\/>\n\t<path class=\"elementor-shape-fill\" d=\"M204.5,13.4c-0.1-0.1,2-1,3.2-1.1c1.2-0.1,2,0,2,0.3c0,0.3-0.1,0.5-1.6,0.4\tC206.4,12.9,204.6,13.5,204.5,13.4z\"\/>\n\t<path class=\"elementor-shape-fill\" d=\"M201,10.6c0-0.1-4.4,1.2-6.3,2.2c-1.9,0.9-6.2,3.1-6.1,3.1c0.1,0.1,4.2-1.6,6.3-2.6\tS201,10.7,201,10.6z\"\/>\n\t<path class=\"elementor-shape-fill\" d=\"M154.5,26.7c-0.1-0.1-4.6,0.3-7.2,0c-7.3-0.7-17-3.2-16.6-2.9c0.4,0.3,13.7,3.1,17,3.3\tC152.6,27.5,154.6,26.8,154.5,26.7z\"\/>\n\t<path class=\"elementor-shape-fill\" d=\"M41.9,19.3c0,0,1.2-0.3,2.9-0.1c1.7,0.2,5.8,0.9,8.2,0.7c4.2-0.4,7.4-2.7,7-2.6\tc-0.4,0-4.3,2.2-8.6,1.9c-1.8-0.1-5.1-0.5-6.7-0.4S41.9,19.3,41.9,19.3z\"\/>\n\t<path class=\"elementor-shape-fill\" d=\"M75.5,12.6c0.2,0.1,2-0.8,4.3-1.1c2.3-0.2,2.1-0.3,2.1-0.5c0-0.1-1.8-0.4-3.4,0\tC76.9,11.5,75.3,12.5,75.5,12.6z\"\/>\n\t<path class=\"elementor-shape-fill\" d=\"M15.6,13.2c0-0.1,4.3,0,6.7,0.5c2.4,0.5,5,1.9,5,2c0,0.1-2.7-0.8-5.1-1.4\tC19.9,13.7,15.7,13.3,15.6,13.2z\"\/>\n<\/svg>\t\t<\/div>\n\t\t<div class=\"elementor-element elementor-element-90bcc07 e-con-full e-flex elementor-invisible e-con e-child\" data-id=\"90bcc07\" data-element_type=\"container\" data-e-type=\"container\" data-settings=\"{&quot;animation&quot;:&quot;slideInLeft&quot;,&quot;animation_delay&quot;:800}\">\n\t\t<div class=\"elementor-element elementor-element-511a8218 e-con-full skew-container-light e-flex elementor-invisible e-con e-child\" data-id=\"511a8218\" data-element_type=\"container\" data-e-type=\"container\" data-settings=\"{&quot;background_background&quot;:&quot;classic&quot;,&quot;animation&quot;:&quot;fadeIn&quot;,&quot;animation_delay&quot;:800}\">\n\t\t\t\t<div class=\"elementor-element elementor-element-608caa88 elementor-widget elementor-widget-heading\" data-id=\"608caa88\" data-element_type=\"widget\" data-e-type=\"widget\" data-settings=\"{&quot;_animation&quot;:&quot;none&quot;,&quot;_animation_delay&quot;:100}\" data-widget_type=\"heading.default\">\n\t\t\t\t<div class=\"elementor-widget-container\">\n\t\t\t\t\t<h1 class=\"elementor-heading-title elementor-size-default\">Lac de Carouge - En families\u00f8 i Savoie, 50 meter fra campingpladsen\n<\/h1>\t\t\t\t<\/div>\n\t\t\t\t<\/div>\n\t\t\t\t<div class=\"elementor-element elementor-element-5118fb40 elementor-widget elementor-widget-text-editor\" data-id=\"5118fb40\" data-element_type=\"widget\" data-e-type=\"widget\" data-settings=\"{&quot;_animation&quot;:&quot;none&quot;,&quot;_animation_delay&quot;:500}\" data-widget_type=\"text-editor.default\">\n\t\t\t\t<div class=\"elementor-widget-container\">\n\t\t\t\t\t\t\t\t\t<p>Vores <strong>campingplads i Savoie<\/strong>, Lac de Carouge-campingpladsen, ligger t\u00e6t p\u00e5 en smuk s\u00f8 med krystalklart vand. Det er en meget stille s\u00f8, som kun er kendt af de lokale. Campingpladsen ligger lige over for den smukke strand, som er under opsyn om sommeren. Vandtemperaturen er mellem 17 og 21 grader Celsius.   <\/p>\t\t\t\t\t\t\t\t<\/div>\n\t\t\t\t<\/div>\n\t\t\t\t<\/div>\n\t\t<div class=\"elementor-element elementor-element-45dfd5e3 e-con-full elementor-hidden-tablet elementor-hidden-mobile e-flex e-con e-child\" data-id=\"45dfd5e3\" data-element_type=\"container\" data-e-type=\"container\">\n\t\t\t\t<\/div>\n\t\t\t\t<\/div>\n\t\t\t\t\t<\/div>\n\t\t\t\t<\/div>\n\t\t<div class=\"elementor-element elementor-element-1528aa38 e-flex e-con-boxed e-con e-parent\" data-id=\"1528aa38\" data-element_type=\"container\" data-e-type=\"container\">\n\t\t\t\t\t<div class=\"e-con-inner\">\n\t\t\t\t<div class=\"elementor-element elementor-element-73d5787 elementor-widget elementor-widget-text-editor\" data-id=\"73d5787\" data-element_type=\"widget\" data-e-type=\"widget\" data-widget_type=\"text-editor.default\">\n\t\t\t\t<div class=\"elementor-widget-container\">\n\t\t\t\t\t\t\t\t\t<p>Stranden er ikke s\u00e6rlig stejl, hvilket g\u00f8r den ideel til sikker leg for b\u00f8rn. Vandet er krystalklart, og stedets sk\u00f8nhed er imponerende. Derfor er Lac de Carouge en af de f\u00e5 s\u00f8er i Savoie, der har f\u00e5et tildelt det \u00bbbl\u00e5 flag\u00ab i 2018. Det skyldes vandets sk\u00f8nhed og renhed. I s\u00f8en kan man fiske og dyrke vandsport. Du kan cykle rundt om s\u00f8en og beundre alt langs dens bredder.      <\/p><p>Camping p\u00e5 vandet er ideelt til en familieferie. Campingpladsen Lac de Carouge er rolig. Den har store, skyggefulde pladser til mobilhomes og bungalowtelte. Alle kan nyde deres ferie p\u00e5 deres egen m\u00e5de. Efter sv\u00f8mmeturen kan I slappe af med en lille g\u00e5tur med familien, hvor I kan udforske det smukke omkringliggende landskab. Du kan selvf\u00f8lgelig ogs\u00e5 fiske, lade dine b\u00f8rn lege og nyde de naturlige omgivelser.      <\/p><p>Du kan kort sagt se frem til nogle dejlige, dovne dage&#8230;<\/p>\t\t\t\t\t\t\t\t<\/div>\n\t\t\t\t<\/div>\n\t\t\t\t<div class=\"elementor-element elementor-element-410bae51 elementor-widget elementor-widget-heading\" data-id=\"410bae51\" data-element_type=\"widget\" data-e-type=\"widget\" data-widget_type=\"heading.default\">\n\t\t\t\t<div class=\"elementor-widget-container\">\n\t\t\t\t\t<h2 class=\"elementor-heading-title elementor-size-default\">Campingpladsen<\/h2>\t\t\t\t<\/div>\n\t\t\t\t<\/div>\n\t\t\t\t<div class=\"elementor-element elementor-element-2ac9a341 elementor-widget elementor-widget-text-editor\" data-id=\"2ac9a341\" data-element_type=\"widget\" data-e-type=\"widget\" data-widget_type=\"text-editor.default\">\n\t\t\t\t<div class=\"elementor-widget-container\">\n\t\t\t\t\t\t\t\t\t<p>Campingpladsen Lac de Carouge ligger i Savoie under byen Saint Pierre d&#8217;Albigny, porten til Massif des Bauges i 310 meters h\u00f8jde. Dette er en bjergrig region t\u00e6t p\u00e5 Tarentaise- og Maurienne-dalene i hjertet af Savoie. Mont Blanc ligger lidt over 1 time og 15 minutter fra campingpladsen. Mont Blanc-massivet, hvor man kan dyrke klatring som sport. Campingpladsen er placeret p\u00e5 en s\u00e5dan m\u00e5de, at den er velegnet til rejser.    <\/p>\t\t\t\t\t\t\t\t<\/div>\n\t\t\t\t<\/div>\n\t\t\t\t<div class=\"elementor-element elementor-element-4bafa0b4 elementor-widget elementor-widget-spacer\" data-id=\"4bafa0b4\" data-element_type=\"widget\" data-e-type=\"widget\" data-widget_type=\"spacer.default\">\n\t\t\t\t<div class=\"elementor-widget-container\">\n\t\t\t\t\t\t\t<div class=\"elementor-spacer\">\n\t\t\t<div class=\"elementor-spacer-inner\"><\/div>\n\t\t<\/div>\n\t\t\t\t\t\t<\/div>\n\t\t\t\t<\/div>\n\t\t\t\t<div class=\"elementor-element elementor-element-57f74fe3 elementor-widget elementor-widget-heading\" data-id=\"57f74fe3\" data-element_type=\"widget\" data-e-type=\"widget\" data-widget_type=\"heading.default\">\n\t\t\t\t<div class=\"elementor-widget-container\">\n\t\t\t\t\t<h2 class=\"elementor-heading-title elementor-size-default\">B\u00f8rn og unge<\/h2>\t\t\t\t<\/div>\n\t\t\t\t<\/div>\n\t\t\t\t<div class=\"elementor-element elementor-element-13619b18 elementor-widget elementor-widget-text-editor\" data-id=\"13619b18\" data-element_type=\"widget\" data-e-type=\"widget\" data-widget_type=\"text-editor.default\">\n\t\t\t\t<div class=\"elementor-widget-container\">\n\t\t\t\t\t\t\t\t\t<p>N\u00e5r du bor med b\u00f8rn p\u00e5 campingpladsen, kan du virkelig slappe af, da b\u00f8rnene kan have det sjovt p\u00e5 legepladsen, p\u00e5 volleyballbanen, spille fodbold og basketball. Hvis b\u00f8rnene vil lege i vandet, er det ikke noget problem. De elsker bare at have plads til at dyppe f\u00f8dderne uden risiko for, at vandet stiger for h\u00f8jt. B\u00f8rnene er under opsyn i sommerm\u00e5nederne. De er under opsyn hele tiden p\u00e5 vandet. Det er en tryghed for for\u00e6ldre, der gerne vil solbade p\u00e5 pl\u00e6nen. Der arrangeres masser af ting for b\u00f8rnene hver dag af entusiastiske medarbejdere.       <\/p><p>Der er ogs\u00e5 en b\u00f8rneklub hver dag undtagen l\u00f8rdag. For de st\u00f8rre b\u00f8rn er der masser af sport og sjove aktiviteter. Vores campister har gratis adgang til den kommunale swimmingpool, som ligger 800 meter fra campingpladsen. Du har ogs\u00e5 adgang til Montm\u00e9lian-swimmingpoolen, som ligger 12 km fra campingpladsen. Der kan du nyde 3 bassiner, herunder et 50 meter langt olympisk bassin. Der er ogs\u00e5 en s\u00e6rlig pool til sm\u00e5b\u00f8rn. B\u00f8rn vil is\u00e6r gerne bruge rutsjebanen. Der er ogs\u00e5 en solterrasse til for\u00e6ldrene.       <\/p>\t\t\t\t\t\t\t\t<\/div>\n\t\t\t\t<\/div>\n\t\t\t\t<div class=\"elementor-element elementor-element-475bfd3a elementor-widget elementor-widget-spacer\" data-id=\"475bfd3a\" data-element_type=\"widget\" data-e-type=\"widget\" data-widget_type=\"spacer.default\">\n\t\t\t\t<div class=\"elementor-widget-container\">\n\t\t\t\t\t\t\t<div class=\"elementor-spacer\">\n\t\t\t<div class=\"elementor-spacer-inner\"><\/div>\n\t\t<\/div>\n\t\t\t\t\t\t<\/div>\n\t\t\t\t<\/div>\n\t\t\t\t<div class=\"elementor-element elementor-element-37eac10f elementor-widget elementor-widget-heading\" data-id=\"37eac10f\" data-element_type=\"widget\" data-e-type=\"widget\" data-widget_type=\"heading.default\">\n\t\t\t\t<div class=\"elementor-widget-container\">\n\t\t\t\t\t<h2 class=\"elementor-heading-title elementor-size-default\">Ankomst og registrering<\/h2>\t\t\t\t<\/div>\n\t\t\t\t<\/div>\n\t\t\t\t<div class=\"elementor-element elementor-element-e3e870 elementor-widget elementor-widget-text-editor\" data-id=\"e3e870\" data-element_type=\"widget\" data-e-type=\"widget\" data-widget_type=\"text-editor.default\">\n\t\t\t\t<div class=\"elementor-widget-container\">\n\t\t\t\t\t\t\t\t\t<p>N\u00e5r du ankommer til campingpladsen, bliver du m\u00f8dt i receptionen, hvor du ogs\u00e5 finder en hyggelig bar. N\u00e5r du ankommer til din plads, er det de store, velplejede omr\u00e5der, der skiller sig ud. De er adskilt af tr\u00e6er og h\u00e6kke. Du kan v\u00e6lge mellem pladser p\u00e5 mellem 90 og 140 m2. Campingpladsen er ideel til et l\u00e6ngere ophold. Det er bedst at reservere p\u00e5 forh\u00e5nd for at angive din foretrukne placering. Der er ogs\u00e5 hytter og mobilhomes til leje. Disse er udstyret med bad og toilet. N\u00e5r du bor p\u00e5 denne campingplads, f\u00e5r du helt sikkert lyst til at komme tilbage. S\u00f8rg for at booke i god tid, da det er en meget popul\u00e6r plads.         <\/p>\t\t\t\t\t\t\t\t<\/div>\n\t\t\t\t<\/div>\n\t\t\t\t\t<\/div>\n\t\t\t\t<\/div>\n\t\t\t\t<\/div>\n\t\t","protected":false},"excerpt":{"rendered":"<p>Lac de Carouge &#8211; En families\u00f8 i Savoie, 50 meter fra campingpladsen Vores campingplads i Savoie, Lac de Carouge-campingpladsen, ligger t\u00e6t p\u00e5 en smuk s\u00f8 med krystalklart vand. Det er en meget stille s\u00f8, som kun er kendt af de lokale. Campingpladsen ligger lige over for den smukke strand, som er under opsyn om sommeren. [&hellip;]<\/p>\n","protected":false},"author":1,"featured_media":0,"parent":9047,"menu_order":0,"comment_status":"closed","ping_status":"closed","template":"elementor_header_footer","meta":{"footnotes":""},"class_list":["post-10126","page","type-page","status-publish","hentry"],"blocksy_meta":[],"yoast_head":"<!-- This site is optimized with the Yoast SEO Premium plugin v27.2 (Yoast SEO v27.2) - https:\/\/yoast.com\/product\/yoast-seo-premium-wordpress\/ -->\n<title>Le Lac de Carouge - Camping du Lac de Carouge<\/title>\n<meta name=\"description\" content=\"Nyd en ferie p\u00e5 campingpladsen Lac de Carouge i Savoie. Slap af p\u00e5 den smukke strand, og oplev s\u00f8ens klare vand.\" \/>\n<meta name=\"robots\" content=\"index, follow, max-snippet:-1, max-image-preview:large, max-video-preview:-1\" \/>\n<link rel=\"canonical\" href=\"https:\/\/www.campinglacdecarouge.fr\/da\/campingpladsen\/aktiviteter-og-fritid\/le-lac-de-carouge\/\" \/>\n<meta property=\"og:locale\" content=\"da_DK\" \/>\n<meta property=\"og:type\" content=\"article\" \/>\n<meta property=\"og:title\" content=\"Le Lac de Carouge\" \/>\n<meta property=\"og:description\" content=\"Nyd en ferie p\u00e5 campingpladsen Lac de Carouge i Savoie. Slap af p\u00e5 den smukke strand, og oplev s\u00f8ens klare vand.\" \/>\n<meta property=\"og:url\" content=\"https:\/\/www.campinglacdecarouge.fr\/da\/campingpladsen\/aktiviteter-og-fritid\/le-lac-de-carouge\/\" \/>\n<meta property=\"og:site_name\" content=\"Camping du Lac de Carouge\" \/>\n<meta property=\"article:publisher\" content=\"https:\/\/www.facebook.com\/pagelacdecarouge\/\" \/>\n<meta property=\"article:modified_time\" content=\"2025-05-04T09:27:47+00:00\" \/>\n<meta property=\"og:image\" content=\"https:\/\/www.campinglacdecarouge.fr\/wp-content\/uploads\/2024\/11\/20240624_105940-scaled.jpg\" \/>\n\t<meta property=\"og:image:width\" content=\"2560\" \/>\n\t<meta property=\"og:image:height\" content=\"1442\" \/>\n\t<meta property=\"og:image:type\" content=\"image\/jpeg\" \/>\n<meta name=\"twitter:card\" content=\"summary_large_image\" \/>\n<meta name=\"twitter:site\" content=\"@lacdecarouge\" \/>\n<meta name=\"twitter:label1\" content=\"Estimeret l\u00e6setid\" \/>\n\t<meta name=\"twitter:data1\" content=\"3 minutter\" \/>\n<script type=\"application\/ld+json\" class=\"yoast-schema-graph\">{\"@context\":\"https:\/\/schema.org\",\"@graph\":[{\"@type\":\"WebPage\",\"@id\":\"https:\/\/www.campinglacdecarouge.fr\/da\/campingpladsen\/aktiviteter-og-fritid\/le-lac-de-carouge\/\",\"url\":\"https:\/\/www.campinglacdecarouge.fr\/da\/campingpladsen\/aktiviteter-og-fritid\/le-lac-de-carouge\/\",\"name\":\"Le Lac de Carouge - Camping du Lac de Carouge\",\"isPartOf\":{\"@id\":\"https:\/\/www.campinglacdecarouge.fr\/da\/#website\"},\"datePublished\":\"2024-11-25T13:57:03+00:00\",\"dateModified\":\"2025-05-04T09:27:47+00:00\",\"description\":\"Nyd en ferie p\u00e5 campingpladsen Lac de Carouge i Savoie. Slap af p\u00e5 den smukke strand, og oplev s\u00f8ens klare vand.\",\"breadcrumb\":{\"@id\":\"https:\/\/www.campinglacdecarouge.fr\/da\/campingpladsen\/aktiviteter-og-fritid\/le-lac-de-carouge\/#breadcrumb\"},\"inLanguage\":\"da-DK\",\"potentialAction\":[{\"@type\":\"ReadAction\",\"target\":[\"https:\/\/www.campinglacdecarouge.fr\/da\/campingpladsen\/aktiviteter-og-fritid\/le-lac-de-carouge\/\"]}]},{\"@type\":\"BreadcrumbList\",\"@id\":\"https:\/\/www.campinglacdecarouge.fr\/da\/campingpladsen\/aktiviteter-og-fritid\/le-lac-de-carouge\/#breadcrumb\",\"itemListElement\":[{\"@type\":\"ListItem\",\"position\":1,\"name\":\"Accueil\",\"item\":\"https:\/\/www.campinglacdecarouge.fr\/da\/startside-2\/\"},{\"@type\":\"ListItem\",\"position\":2,\"name\":\"Le Camping du Lac de Carouge\",\"item\":\"https:\/\/www.campinglacdecarouge.fr\/da\/le-camping\/\"},{\"@type\":\"ListItem\",\"position\":3,\"name\":\"Aktiviteter og fritid\",\"item\":\"https:\/\/www.campinglacdecarouge.fr\/da\/campingpladsen\/aktiviteter-og-fritid\/\"},{\"@type\":\"ListItem\",\"position\":4,\"name\":\"Le Lac de Carouge\"}]},{\"@type\":\"WebSite\",\"@id\":\"https:\/\/www.campinglacdecarouge.fr\/da\/#website\",\"url\":\"https:\/\/www.campinglacdecarouge.fr\/da\/\",\"name\":\"Camping du Lac de Carouge\",\"description\":\"Hjemmeside for campingpladsen Lac de Carouge i Savoie\",\"publisher\":{\"@id\":\"https:\/\/www.campinglacdecarouge.fr\/da\/#organization\"},\"potentialAction\":[{\"@type\":\"SearchAction\",\"target\":{\"@type\":\"EntryPoint\",\"urlTemplate\":\"https:\/\/www.campinglacdecarouge.fr\/da\/?s={search_term_string}\"},\"query-input\":{\"@type\":\"PropertyValueSpecification\",\"valueRequired\":true,\"valueName\":\"search_term_string\"}}],\"inLanguage\":\"da-DK\"},{\"@type\":\"Organization\",\"@id\":\"https:\/\/www.campinglacdecarouge.fr\/da\/#organization\",\"name\":\"Camping du Lac de Carouge\",\"url\":\"https:\/\/www.campinglacdecarouge.fr\/da\/\",\"logo\":{\"@type\":\"ImageObject\",\"inLanguage\":\"da-DK\",\"@id\":\"https:\/\/www.campinglacdecarouge.fr\/da\/#\/schema\/logo\/image\/\",\"url\":\"https:\/\/www.campinglacdecarouge.fr\/wp-content\/uploads\/2024\/07\/logo-1.png\",\"contentUrl\":\"https:\/\/www.campinglacdecarouge.fr\/wp-content\/uploads\/2024\/07\/logo-1.png\",\"width\":530,\"height\":270,\"caption\":\"Camping du Lac de Carouge\"},\"image\":{\"@id\":\"https:\/\/www.campinglacdecarouge.fr\/da\/#\/schema\/logo\/image\/\"},\"sameAs\":[\"https:\/\/www.facebook.com\/pagelacdecarouge\/\",\"https:\/\/x.com\/lacdecarouge\",\"https:\/\/www.instagram.com\/lacdecarouge\/\"],\"legalName\":\"SAS SELYV\",\"foundingDate\":\"2009-01-01\",\"numberOfEmployees\":{\"@type\":\"QuantitativeValue\",\"minValue\":\"1\",\"maxValue\":\"10\"},\"publishingPrinciples\":\"https:\/\/www.campinglacdecarouge.fr\/principes-editoriaux\/\",\"correctionsPolicy\":\"https:\/\/www.campinglacdecarouge.fr\/politique-de-correction-editoriale-camping-du-lac-de-carouge\/\",\"ethicsPolicy\":\"https:\/\/www.campinglacdecarouge.fr\/standards-de-comportement-camping-du-lac-de-carouge\/\",\"diversityPolicy\":\"https:\/\/www.campinglacdecarouge.fr\/politique-de-diversite-pour-le-contenu-editorial\/\"}]}<\/script>\n<!-- \/ Yoast SEO Premium plugin. -->","yoast_head_json":{"title":"Le Lac de Carouge - Camping du Lac de Carouge","description":"Nyd en ferie p\u00e5 campingpladsen Lac de Carouge i Savoie. Slap af p\u00e5 den smukke strand, og oplev s\u00f8ens klare vand.","robots":{"index":"index","follow":"follow","max-snippet":"max-snippet:-1","max-image-preview":"max-image-preview:large","max-video-preview":"max-video-preview:-1"},"canonical":"https:\/\/www.campinglacdecarouge.fr\/da\/campingpladsen\/aktiviteter-og-fritid\/le-lac-de-carouge\/","og_locale":"da_DK","og_type":"article","og_title":"Le Lac de Carouge","og_description":"Nyd en ferie p\u00e5 campingpladsen Lac de Carouge i Savoie. Slap af p\u00e5 den smukke strand, og oplev s\u00f8ens klare vand.","og_url":"https:\/\/www.campinglacdecarouge.fr\/da\/campingpladsen\/aktiviteter-og-fritid\/le-lac-de-carouge\/","og_site_name":"Camping du Lac de Carouge","article_publisher":"https:\/\/www.facebook.com\/pagelacdecarouge\/","article_modified_time":"2025-05-04T09:27:47+00:00","og_image":[{"width":2560,"height":1442,"url":"https:\/\/www.campinglacdecarouge.fr\/wp-content\/uploads\/2024\/11\/20240624_105940-scaled.jpg","type":"image\/jpeg"}],"twitter_card":"summary_large_image","twitter_site":"@lacdecarouge","twitter_misc":{"Estimeret l\u00e6setid":"3 minutter"},"schema":{"@context":"https:\/\/schema.org","@graph":[{"@type":"WebPage","@id":"https:\/\/www.campinglacdecarouge.fr\/da\/campingpladsen\/aktiviteter-og-fritid\/le-lac-de-carouge\/","url":"https:\/\/www.campinglacdecarouge.fr\/da\/campingpladsen\/aktiviteter-og-fritid\/le-lac-de-carouge\/","name":"Le Lac de Carouge - Camping du Lac de Carouge","isPartOf":{"@id":"https:\/\/www.campinglacdecarouge.fr\/da\/#website"},"datePublished":"2024-11-25T13:57:03+00:00","dateModified":"2025-05-04T09:27:47+00:00","description":"Nyd en ferie p\u00e5 campingpladsen Lac de Carouge i Savoie. Slap af p\u00e5 den smukke strand, og oplev s\u00f8ens klare vand.","breadcrumb":{"@id":"https:\/\/www.campinglacdecarouge.fr\/da\/campingpladsen\/aktiviteter-og-fritid\/le-lac-de-carouge\/#breadcrumb"},"inLanguage":"da-DK","potentialAction":[{"@type":"ReadAction","target":["https:\/\/www.campinglacdecarouge.fr\/da\/campingpladsen\/aktiviteter-og-fritid\/le-lac-de-carouge\/"]}]},{"@type":"BreadcrumbList","@id":"https:\/\/www.campinglacdecarouge.fr\/da\/campingpladsen\/aktiviteter-og-fritid\/le-lac-de-carouge\/#breadcrumb","itemListElement":[{"@type":"ListItem","position":1,"name":"Accueil","item":"https:\/\/www.campinglacdecarouge.fr\/da\/startside-2\/"},{"@type":"ListItem","position":2,"name":"Le Camping du Lac de Carouge","item":"https:\/\/www.campinglacdecarouge.fr\/da\/le-camping\/"},{"@type":"ListItem","position":3,"name":"Aktiviteter og fritid","item":"https:\/\/www.campinglacdecarouge.fr\/da\/campingpladsen\/aktiviteter-og-fritid\/"},{"@type":"ListItem","position":4,"name":"Le Lac de Carouge"}]},{"@type":"WebSite","@id":"https:\/\/www.campinglacdecarouge.fr\/da\/#website","url":"https:\/\/www.campinglacdecarouge.fr\/da\/","name":"Camping du Lac de Carouge","description":"Hjemmeside for campingpladsen Lac de Carouge i Savoie","publisher":{"@id":"https:\/\/www.campinglacdecarouge.fr\/da\/#organization"},"potentialAction":[{"@type":"SearchAction","target":{"@type":"EntryPoint","urlTemplate":"https:\/\/www.campinglacdecarouge.fr\/da\/?s={search_term_string}"},"query-input":{"@type":"PropertyValueSpecification","valueRequired":true,"valueName":"search_term_string"}}],"inLanguage":"da-DK"},{"@type":"Organization","@id":"https:\/\/www.campinglacdecarouge.fr\/da\/#organization","name":"Camping du Lac de Carouge","url":"https:\/\/www.campinglacdecarouge.fr\/da\/","logo":{"@type":"ImageObject","inLanguage":"da-DK","@id":"https:\/\/www.campinglacdecarouge.fr\/da\/#\/schema\/logo\/image\/","url":"https:\/\/www.campinglacdecarouge.fr\/wp-content\/uploads\/2024\/07\/logo-1.png","contentUrl":"https:\/\/www.campinglacdecarouge.fr\/wp-content\/uploads\/2024\/07\/logo-1.png","width":530,"height":270,"caption":"Camping du Lac de Carouge"},"image":{"@id":"https:\/\/www.campinglacdecarouge.fr\/da\/#\/schema\/logo\/image\/"},"sameAs":["https:\/\/www.facebook.com\/pagelacdecarouge\/","https:\/\/x.com\/lacdecarouge","https:\/\/www.instagram.com\/lacdecarouge\/"],"legalName":"SAS SELYV","foundingDate":"2009-01-01","numberOfEmployees":{"@type":"QuantitativeValue","minValue":"1","maxValue":"10"},"publishingPrinciples":"https:\/\/www.campinglacdecarouge.fr\/principes-editoriaux\/","correctionsPolicy":"https:\/\/www.campinglacdecarouge.fr\/politique-de-correction-editoriale-camping-du-lac-de-carouge\/","ethicsPolicy":"https:\/\/www.campinglacdecarouge.fr\/standards-de-comportement-camping-du-lac-de-carouge\/","diversityPolicy":"https:\/\/www.campinglacdecarouge.fr\/politique-de-diversite-pour-le-contenu-editorial\/"}]}},"_links":{"self":[{"href":"https:\/\/www.campinglacdecarouge.fr\/da\/wp-json\/wp\/v2\/pages\/10126","targetHints":{"allow":["GET"]}}],"collection":[{"href":"https:\/\/www.campinglacdecarouge.fr\/da\/wp-json\/wp\/v2\/pages"}],"about":[{"href":"https:\/\/www.campinglacdecarouge.fr\/da\/wp-json\/wp\/v2\/types\/page"}],"author":[{"embeddable":true,"href":"https:\/\/www.campinglacdecarouge.fr\/da\/wp-json\/wp\/v2\/users\/1"}],"replies":[{"embeddable":true,"href":"https:\/\/www.campinglacdecarouge.fr\/da\/wp-json\/wp\/v2\/comments?post=10126"}],"version-history":[{"count":3,"href":"https:\/\/www.campinglacdecarouge.fr\/da\/wp-json\/wp\/v2\/pages\/10126\/revisions"}],"predecessor-version":[{"id":52829,"href":"https:\/\/www.campinglacdecarouge.fr\/da\/wp-json\/wp\/v2\/pages\/10126\/revisions\/52829"}],"up":[{"embeddable":true,"href":"https:\/\/www.campinglacdecarouge.fr\/da\/wp-json\/wp\/v2\/pages\/9047"}],"wp:attachment":[{"href":"https:\/\/www.campinglacdecarouge.fr\/da\/wp-json\/wp\/v2\/media?parent=10126"}],"curies":[{"name":"wp","href":"https:\/\/api.w.org\/{rel}","templated":true}]}}